{"id":123,"date":"2013-10-28T13:00:27","date_gmt":"2013-10-28T13:00:27","guid":{"rendered":"http:\/\/life-eislek.eu\/?page_id=123"},"modified":"2014-02-04T15:53:23","modified_gmt":"2014-02-04T14:53:23","slug":"aktionen","status":"publish","type":"page","link":"http:\/\/life-eislek.eu\/fr\/aktionen\/","title":{"rendered":"Aper\u00e7u des actions"},"content":{"rendered":"<p>&nbsp;<\/p>\n<div title=\"Page 2\">\n<p>Des actions concr\u00e8tes sur le terrain sont pr\u00e9vues dans le cadre du projet Life Eislek<\/p>\n<p><a href=\"http:\/\/life-eislek.eu\/fr\/aktionen\/vorbereitende-masnahmen-ausarbeitung-von-management-und-aktionsplanen\/\" target=\"_blank\"><b>A. Conception et d\u00e9veloppement de plans d\u2019action et de gestion<\/b><\/a><\/p>\n<p><a href=\"http:\/\/life-eislek.eu\/fr\/aktionen\/erwerb-von-grundstucken\/\" target=\"_blank\"><b>B. Acquisition de terrains<\/b><\/a><\/p>\n<p><a href=\"http:\/\/life-eislek.eu\/fr\/aktionen\/konkrete-naturschutzmassnahmen\/\" target=\"_blank\"><b>C. Actions de restauration concr\u00e8tes<\/b><\/a><\/p>\n<ul>\n<li>C.1 Restauration de zones humides abandonn\u00e9es<\/li>\n<li>C.2 Remise en eau de zones ass\u00e9ch\u00e9es<\/li>\n<li>C.3 Enl\u00e8vement des plantations d\u2019\u00e9pic\u00e9a dans les zones humides<\/li>\n<li>C.4 Restauration des prairies \u00e0 bistorte et de m\u00e9gaphorbiaies<\/li>\n<li>C.5 Plantation de haies, buissons et autres \u00e9l\u00e9ments structurant le paysage<\/li>\n<li>C.6 Achat et installation d\u00b4infrastructures n\u00e9cessaires au p\u00e2turage extensif<\/li>\n<li>C.7 Conseils et formation des agriculteurs en zones Natura 2000<\/li>\n<\/ul>\n<p><a href=\"http:\/\/life-eislek.eu\/fr\/aktionen\/monitoring\/\" target=\"_blank\"><b>D.<\/b><b>Monitoring des r\u00e9sultats <\/b><\/a><\/p>\n<p><a href=\"http:\/\/life-eislek.eu\/fr\/offentlichkeitsarbeit-und-vorstellung-der-resultate\/\" target=\"_blank\"><b>E. <\/b><b>Publication des r\u00e9sultats, information et sensibilisation du public<\/b><\/a><\/p>\n<p><a href=\"http:\/\/life-eislek.eu\/fr\/allgemeiner-projektablauf-und-kontrolle-des-projektziele\/\" target=\"_blank\"><b>F. <\/b><b>D\u00e9roulement du projet et contr\u00f4le de qualit\u00e9<\/b><\/a><br \/>\n<a href=\"http:\/\/life-eislek.eu\/wp-content\/uploads\/2013\/10\/cropped-lh-6-\u00a9-n\u00eb.jpg\"><img loading=\"lazy\" decoding=\"async\" class=\"alignleft size-thumbnail wp-image-275\" alt=\"cropped-lh-6-\u00a9-n\u00eb.jpg\" src=\"http:\/\/life-eislek.eu\/wp-content\/uploads\/2013\/10\/cropped-lh-6-\u00a9-n\u00eb-150x150.jpg\" width=\"150\" height=\"150\" \/><\/a> <a href=\"http:\/\/life-eislek.eu\/wp-content\/uploads\/2013\/10\/cropped-nt-\u00a9-mario-cordella.jpg\"><img loading=\"lazy\" decoding=\"async\" class=\"alignleft size-thumbnail wp-image-272\" alt=\"cropped-nt-\u00a9-mario-cordella.jpg\" src=\"http:\/\/life-eislek.eu\/wp-content\/uploads\/2013\/10\/cropped-nt-\u00a9-mario-cordella-150x150.jpg\" width=\"150\" height=\"150\" \/><\/a> <a href=\"http:\/\/life-eislek.eu\/wp-content\/uploads\/2013\/10\/cropped-bk-\u00a9-raymond-gloden1.jpg\"><img loading=\"lazy\" decoding=\"async\" class=\"alignleft size-thumbnail wp-image-270\" alt=\"cropped-bk-\u00a9-raymond-gloden1.jpg\" src=\"http:\/\/life-eislek.eu\/wp-content\/uploads\/2013\/10\/cropped-bk-\u00a9-raymond-gloden1-150x150.jpg\" width=\"150\" height=\"150\" \/><\/a><\/p>\n<\/div>\n<p><\/p>\n<!-- AddThis Advanced Settings generic via filter on the_content --><!-- AddThis Share Buttons generic via filter on the_content -->","protected":false},"excerpt":{"rendered":"<p>&nbsp; Des actions concr\u00e8tes sur le terrain sont pr\u00e9vues dans le cadre du projet Life Eislek A. Conception et d\u00e9veloppement de plans d\u2019action et de gestion B. Acquisition de terrains C. Actions de restauration concr\u00e8tes C.1 Restauration de zones humides abandonn\u00e9es C.2 Remise en eau de zones ass\u00e9ch\u00e9es C.3 Enl\u00e8vement des plantations d\u2019\u00e9pic\u00e9a dans les [&hellip;]<!-- AddThis Advanced Settings generic via filter on get_the_excerpt --><!-- AddThis Share Buttons generic via filter on get_the_excerpt --><\/p>\n","protected":false},"author":2,"featured_media":0,"parent":0,"menu_order":0,"comment_status":"closed","ping_status":"closed","template":"","meta":{"footnotes":""},"class_list":["post-123","page","type-page","status-publish","hentry"],"_links":{"self":[{"href":"http:\/\/life-eislek.eu\/fr\/wp-json\/wp\/v2\/pages\/123","targetHints":{"allow":["GET"]}}],"collection":[{"href":"http:\/\/life-eislek.eu\/fr\/wp-json\/wp\/v2\/pages"}],"about":[{"href":"http:\/\/life-eislek.eu\/fr\/wp-json\/wp\/v2\/types\/page"}],"author":[{"embeddable":true,"href":"http:\/\/life-eislek.eu\/fr\/wp-json\/wp\/v2\/users\/2"}],"replies":[{"embeddable":true,"href":"http:\/\/life-eislek.eu\/fr\/wp-json\/wp\/v2\/comments?post=123"}],"version-history":[{"count":11,"href":"http:\/\/life-eislek.eu\/fr\/wp-json\/wp\/v2\/pages\/123\/revisions"}],"predecessor-version":[{"id":187,"href":"http:\/\/life-eislek.eu\/fr\/wp-json\/wp\/v2\/pages\/123\/revisions\/187"}],"wp:attachment":[{"href":"http:\/\/life-eislek.eu\/fr\/wp-json\/wp\/v2\/media?parent=123"}],"curies":[{"name":"wp","href":"https:\/\/api.w.org\/{rel}","templated":true}]}}