{"id":1371,"date":"2015-01-05T15:54:04","date_gmt":"2015-01-05T14:54:04","guid":{"rendered":"http:\/\/life-eislek.eu\/?page_id=1371"},"modified":"2017-12-07T18:10:12","modified_gmt":"2017-12-07T17:10:12","slug":"divers","status":"publish","type":"page","link":"http:\/\/life-eislek.eu\/fr\/veroffentlichungen\/divers\/","title":{"rendered":"Divers"},"content":{"rendered":"<p><\/p>\n<ul>\n<li>D\u00e9pliant du projet : <a href=\"http:\/\/life-eislek.eu\/wp-content\/uploads\/2013\/10\/Folder-8-pages-v3_bat2.pdf\">Flyer Life Eislek<\/a><\/li>\n<li>Inception Report : <a href=\"http:\/\/life-eislek.eu\/wp-content\/uploads\/2013\/10\/LIFE-Eisleck-inception_report-vers-d\u00e9f_reduced-size.pdf\">LIFE Eislek Inception Report<\/a><\/li>\n<li>Plan d\u00b4action esp\u00e8ce :\u00a0<em><\/em><a href=\"http:\/\/life-eislek.eu\/wp-content\/uploads\/2013\/10\/PAE-L_-helle3-version-d\u00e9finitive-small.pdf\">PAE Lycaena helle<\/a><\/li>\n<li>Roll-Up Presentation : <a href=\"http:\/\/life-eislek.eu\/wp-content\/uploads\/2013\/10\/LE_Roll-ups_bat_v3.pdf\">LIFE Eislek Roll-up<\/a><\/li>\n<li>Progress Report:\u00a0<a href=\"http:\/\/life-eislek.eu\/wp-content\/uploads\/2014\/06\/LIFE-Eisleck-rap-N\u00b0-1_reduced-1.pdf\">LIFE Eisleck Progress Report<\/a><\/li>\n<li>Powerpoint Comit\u00e9 de pilotage 2014 :\u00a0<a href=\"http:\/\/life-eislek.eu\/wp-content\/uploads\/2014\/10\/LIFE-EISLEK-CP-01-10-2014_reduced.pdf\">LIFE EISLEK CP 01 10 2014_reduced<\/a><\/li>\n<li>Midterm Report:\u00a0<a href=\"http:\/\/life-eislek.eu\/wp-content\/uploads\/2015\/05\/midterm_report_FINAL.pdf\">LIFE Eislek Midterm Report<\/a><\/li>\n<li>Message de Helmbrechts:\u00a0<a href=\"http:\/\/life-eislek.eu\/wp-content\/uploads\/2015\/01\/Policy-Message_V_6.2de_final-1.pdf\">R\u00e9solution europ\u00e9enne concernant le tarier des pr\u00e8s<\/a><\/li>\n<li>Master&rsquo;s thesis Marie Kayser: <a href=\"http:\/\/life-eislek.eu\/wp-content\/uploads\/2015\/01\/Final-Version-1-11.pdf\">Determining the population connectivity of the endangered lycaenid butterfly Lycaena helle (Denis &amp; Schifferm\u00fcller, 1775) in Luxembour<\/a>g<\/li>\n<li>Poster International Symposium:\u00a0<a href=\"http:\/\/life-eislek.eu\/wp-content\/uploads\/2015\/01\/Poster1.pdf\">Future 4 Butterflies in Europe<\/a><\/li>\n<li>Powerpoint Journ\u00e9e des collaborateurs:\u00a0<a href=\"http:\/\/life-eislek.eu\/wp-content\/uploads\/2015\/01\/Journ\u00e9e-des-collaborateurs-19.03.16-L.-helle-Molitor-Clemens.pdf\">Journ\u00e9e des collaborateurs 19.03.16 L. helle Molitor, Clemens<\/a><\/li>\n<li>Second Progress Report:\u00a0<a href=\"http:\/\/life-eislek.eu\/wp-content\/uploads\/2015\/01\/2016-05-02-progress_report_reduced1.pdf\">LIFE Eislek Second Progress Report<\/a><\/li>\n<li>Poiwerpoint Comit\u00e9 de pilotage:\u00a0<a href=\"http:\/\/life-eislek.eu\/wp-content\/uploads\/2015\/01\/2016-12-14-LIFE-Eislek-Copi.pdf\">LIFE EISLEK CP 14 12 2016<\/a><\/li>\n<li>Layman Report:\u00a0<a href=\"http:\/\/life-eislek.eu\/wp-content\/uploads\/2015\/01\/Laymann-Report_EN_LETZTE-VERSION.pdf\">Layman Report EN<\/a><\/li>\n<li>Final Report:\u00a0<a href=\"http:\/\/life-eislek.eu\/wp-content\/uploads\/2015\/01\/final_report-LIFE-Eislek.pdf\">LIFE EISLEK Final Report<\/a><\/li>\n<\/ul>\n<!-- AddThis Advanced Settings generic via filter on the_content --><!-- AddThis Share Buttons generic via filter on the_content -->","protected":false},"excerpt":{"rendered":"<p>D\u00e9pliant du projet : Flyer Life Eislek Inception Report : LIFE Eislek Inception Report Plan d\u00b4action esp\u00e8ce :\u00a0PAE Lycaena helle Roll-Up Presentation : LIFE Eislek Roll-up Progress Report:\u00a0LIFE Eisleck Progress Report Powerpoint Comit\u00e9 de pilotage 2014 :\u00a0LIFE EISLEK CP 01 10 2014_reduced Midterm Report:\u00a0LIFE Eislek Midterm Report Message de Helmbrechts:\u00a0R\u00e9solution europ\u00e9enne concernant le tarier des [&hellip;]<!-- AddThis Advanced Settings generic via filter on get_the_excerpt --><!-- AddThis Share Buttons generic via filter on get_the_excerpt --><\/p>\n","protected":false},"author":2,"featured_media":0,"parent":125,"menu_order":2,"comment_status":"closed","ping_status":"closed","template":"","meta":{"footnotes":""},"class_list":["post-1371","page","type-page","status-publish","hentry"],"_links":{"self":[{"href":"http:\/\/life-eislek.eu\/fr\/wp-json\/wp\/v2\/pages\/1371","targetHints":{"allow":["GET"]}}],"collection":[{"href":"http:\/\/life-eislek.eu\/fr\/wp-json\/wp\/v2\/pages"}],"about":[{"href":"http:\/\/life-eislek.eu\/fr\/wp-json\/wp\/v2\/types\/page"}],"author":[{"embeddable":true,"href":"http:\/\/life-eislek.eu\/fr\/wp-json\/wp\/v2\/users\/2"}],"replies":[{"embeddable":true,"href":"http:\/\/life-eislek.eu\/fr\/wp-json\/wp\/v2\/comments?post=1371"}],"version-history":[{"count":13,"href":"http:\/\/life-eislek.eu\/fr\/wp-json\/wp\/v2\/pages\/1371\/revisions"}],"predecessor-version":[{"id":2056,"href":"http:\/\/life-eislek.eu\/fr\/wp-json\/wp\/v2\/pages\/1371\/revisions\/2056"}],"up":[{"embeddable":true,"href":"http:\/\/life-eislek.eu\/fr\/wp-json\/wp\/v2\/pages\/125"}],"wp:attachment":[{"href":"http:\/\/life-eislek.eu\/fr\/wp-json\/wp\/v2\/media?parent=1371"}],"curies":[{"name":"wp","href":"https:\/\/api.w.org\/{rel}","templated":true}]}}