{"id":143,"date":"2013-10-28T13:12:18","date_gmt":"2013-10-28T13:12:18","guid":{"rendered":"http:\/\/life-eislek.eu\/?page_id=143"},"modified":"2013-10-30T22:15:31","modified_gmt":"2013-10-30T21:15:31","slug":"sauer","status":"publish","type":"page","link":"http:\/\/life-eislek.eu\/fr\/uebersicht\/habitatschutzgebiete\/sauer\/","title":{"rendered":"SURE &#8211; Vall\u00e9e sup\u00e9rieure de la S\u00fbre \/ Lac du barrage"},"content":{"rendered":"<p>SURE &#8211; SAUER umfasst das Tal des Fluss \u00ab\u00a0Sauer\u00a0\u00bb und seine Nebenfl\u00fcsse von der belgisch-luxemburgischen Grenze bis nach Heiderscheidergrund auf rund 4364 Hektar.<\/p>\n<p><img loading=\"lazy\" decoding=\"async\" class=\"alignleft size-large wp-image-238\" alt=\"Binder1_Page_10\" src=\"http:\/\/life-eislek.eu\/wp-content\/uploads\/2013\/10\/Binder1_Page_10-723x1024.jpg\" width=\"584\" height=\"827\" \/><\/p>\n<p>Besonders relevant f\u00fcr die Arten von Life Eislek sind die Quellgebiete und die Flusst\u00e4ler im Kontakt mit dem Plateau wie z.B. die Syrbaach und deren Nebenb\u00e4che im Nordwesten des Gebietes, das Tal\u00a0der Dirbaach und der Schw\u00e4rzerbaach im S\u00fcden.<\/p>\n<p>Das breiter m\u00e4andrierende Tal der Sauer bei Martelange ist zudem ein Hotspot f\u00fcr den blauschillernden Feuerfalter, wie z.B. im noch nicht ausgewiesenen Naturschutzgebiet \u00ab\u00a0Bruch\u00a0\u00bb bei Grumelange (B).<\/p>\n<p><a href=\"http:\/\/life-eislek.eu\/wp-content\/uploads\/2013\/10\/IMGP1487.jpg\"><img loading=\"lazy\" decoding=\"async\" class=\"alignleft size-thumbnail wp-image-459\" alt=\"IMGP1487\" src=\"http:\/\/life-eislek.eu\/wp-content\/uploads\/2013\/10\/IMGP1487-150x150.jpg\" width=\"150\" height=\"150\" \/><\/a><a href=\"http:\/\/life-eislek.eu\/wp-content\/uploads\/2013\/10\/CIMG4522.jpg\"><img loading=\"lazy\" decoding=\"async\" class=\"alignleft size-thumbnail wp-image-458\" alt=\"CIMG4522\" src=\"http:\/\/life-eislek.eu\/wp-content\/uploads\/2013\/10\/CIMG4522-150x150.jpg\" width=\"150\" height=\"150\" \/><\/a><a href=\"http:\/\/life-eislek.eu\/wp-content\/uploads\/2013\/10\/CIMG2797.jpg\"><img loading=\"lazy\" decoding=\"async\" class=\"alignleft size-thumbnail wp-image-460\" alt=\"CIMG2797\" src=\"http:\/\/life-eislek.eu\/wp-content\/uploads\/2013\/10\/CIMG2797-150x150.jpg\" width=\"150\" height=\"150\" \/><\/a><\/p>\n<!-- AddThis Advanced Settings generic via filter on the_content --><!-- AddThis Share Buttons generic via filter on the_content -->","protected":false},"excerpt":{"rendered":"<p>SURE &#8211; SAUER umfasst das Tal des Fluss \u00ab\u00a0Sauer\u00a0\u00bb und seine Nebenfl\u00fcsse von der belgisch-luxemburgischen Grenze bis nach Heiderscheidergrund auf rund 4364 Hektar. Besonders relevant f\u00fcr die Arten von Life Eislek sind die Quellgebiete und die Flusst\u00e4ler im Kontakt mit dem Plateau wie z.B. die Syrbaach und deren Nebenb\u00e4che im Nordwesten des Gebietes, das Tal\u00a0der [&hellip;]<!-- AddThis Advanced Settings generic via filter on get_the_excerpt --><!-- AddThis Share Buttons generic via filter on get_the_excerpt --><\/p>\n","protected":false},"author":2,"featured_media":0,"parent":150,"menu_order":0,"comment_status":"closed","ping_status":"closed","template":"","meta":{"footnotes":""},"class_list":["post-143","page","type-page","status-publish","hentry"],"_links":{"self":[{"href":"http:\/\/life-eislek.eu\/fr\/wp-json\/wp\/v2\/pages\/143","targetHints":{"allow":["GET"]}}],"collection":[{"href":"http:\/\/life-eislek.eu\/fr\/wp-json\/wp\/v2\/pages"}],"about":[{"href":"http:\/\/life-eislek.eu\/fr\/wp-json\/wp\/v2\/types\/page"}],"author":[{"embeddable":true,"href":"http:\/\/life-eislek.eu\/fr\/wp-json\/wp\/v2\/users\/2"}],"replies":[{"embeddable":true,"href":"http:\/\/life-eislek.eu\/fr\/wp-json\/wp\/v2\/comments?post=143"}],"version-history":[{"count":6,"href":"http:\/\/life-eislek.eu\/fr\/wp-json\/wp\/v2\/pages\/143\/revisions"}],"predecessor-version":[{"id":490,"href":"http:\/\/life-eislek.eu\/fr\/wp-json\/wp\/v2\/pages\/143\/revisions\/490"}],"up":[{"embeddable":true,"href":"http:\/\/life-eislek.eu\/fr\/wp-json\/wp\/v2\/pages\/150"}],"wp:attachment":[{"href":"http:\/\/life-eislek.eu\/fr\/wp-json\/wp\/v2\/media?parent=143"}],"curies":[{"name":"wp","href":"https:\/\/api.w.org\/{rel}","templated":true}]}}