{"id":148,"date":"2013-10-28T13:14:13","date_gmt":"2013-10-28T13:14:13","guid":{"rendered":"http:\/\/life-eislek.eu\/?page_id=148"},"modified":"2014-02-04T15:40:59","modified_gmt":"2014-02-04T14:40:59","slug":"vogelschutzgebiete","status":"publish","type":"page","link":"http:\/\/life-eislek.eu\/fr\/uebersicht\/vogelschutzgebiete\/","title":{"rendered":"Zones prot\u00e9g\u00e9es par la directive \u00ab\u00a0oiseaux\u00a0\u00bb"},"content":{"rendered":"<p><b><a href=\"http:\/\/life-eislek.eu\/wp-content\/uploads\/2013\/10\/Binder1_Page_02.jpg\"><img loading=\"lazy\" decoding=\"async\" class=\"aligncenter size-large wp-image-250\" alt=\"Binder1_Page_02\" src=\"http:\/\/life-eislek.eu\/wp-content\/uploads\/2013\/10\/Binder1_Page_02-791x1024.jpg\" width=\"584\" height=\"756\" srcset=\"http:\/\/life-eislek.eu\/wp-content\/uploads\/2013\/10\/Binder1_Page_02-791x1024.jpg 791w, http:\/\/life-eislek.eu\/wp-content\/uploads\/2013\/10\/Binder1_Page_02-232x300.jpg 232w, http:\/\/life-eislek.eu\/wp-content\/uploads\/2013\/10\/Binder1_Page_02-768x994.jpg 768w, http:\/\/life-eislek.eu\/wp-content\/uploads\/2013\/10\/Binder1_Page_02-1187x1536.jpg 1187w, http:\/\/life-eislek.eu\/wp-content\/uploads\/2013\/10\/Binder1_Page_02-1583x2048.jpg 1583w, http:\/\/life-eislek.eu\/wp-content\/uploads\/2013\/10\/Binder1_Page_02-231x300.jpg 231w, http:\/\/life-eislek.eu\/wp-content\/uploads\/2013\/10\/Binder1_Page_02-scaled.jpg 1978w\" sizes=\"auto, (max-width: 584px) 100vw, 584px\" \/><\/a><\/b><\/p>\n<p><b><b>Zones prot\u00e9g\u00e9es par la directive oiseaux<\/b> :<\/b><\/p>\n<p><b><\/b><a title=\"O-Troisvierges\" href=\"http:\/\/life-eislek.eu\/?page_id=54\">O-TROISVIERGES (LU0002001)\u00a0\u00ab\u00a0Vall\u00e9e de la Woltz et affluents de la source \u00e0 Troisvierges\u00a0\u00bb<\/a><\/p>\n<p><a title=\"O-Wincrange\" href=\"http:\/\/life-eislek.eu\/?page_id=52\">O-WINCRANGE (LU0002002)\u00a0\u00ab\u00a0Vall\u00e9e de la Tretterbaach et affluents de la fronti\u00e8re \u00e0 Asselborn\u00a0\u00bb<\/a><\/p>\n<!-- AddThis Advanced Settings generic via filter on the_content --><!-- AddThis Share Buttons generic via filter on the_content -->","protected":false},"excerpt":{"rendered":"<p>Zones prot\u00e9g\u00e9es par la directive oiseaux : O-TROISVIERGES (LU0002001)\u00a0\u00ab\u00a0Vall\u00e9e de la Woltz et affluents de la source \u00e0 Troisvierges\u00a0\u00bb O-WINCRANGE (LU0002002)\u00a0\u00ab\u00a0Vall\u00e9e de la Tretterbaach et affluents de la fronti\u00e8re \u00e0 Asselborn\u00a0\u00bb<!-- AddThis Advanced Settings generic via filter on get_the_excerpt --><!-- AddThis Share Buttons generic via filter on get_the_excerpt --><\/p>\n","protected":false},"author":2,"featured_media":0,"parent":118,"menu_order":0,"comment_status":"closed","ping_status":"closed","template":"","meta":{"footnotes":""},"class_list":["post-148","page","type-page","status-publish","hentry"],"_links":{"self":[{"href":"http:\/\/life-eislek.eu\/fr\/wp-json\/wp\/v2\/pages\/148","targetHints":{"allow":["GET"]}}],"collection":[{"href":"http:\/\/life-eislek.eu\/fr\/wp-json\/wp\/v2\/pages"}],"about":[{"href":"http:\/\/life-eislek.eu\/fr\/wp-json\/wp\/v2\/types\/page"}],"author":[{"embeddable":true,"href":"http:\/\/life-eislek.eu\/fr\/wp-json\/wp\/v2\/users\/2"}],"replies":[{"embeddable":true,"href":"http:\/\/life-eislek.eu\/fr\/wp-json\/wp\/v2\/comments?post=148"}],"version-history":[{"count":10,"href":"http:\/\/life-eislek.eu\/fr\/wp-json\/wp\/v2\/pages\/148\/revisions"}],"predecessor-version":[{"id":973,"href":"http:\/\/life-eislek.eu\/fr\/wp-json\/wp\/v2\/pages\/148\/revisions\/973"}],"up":[{"embeddable":true,"href":"http:\/\/life-eislek.eu\/fr\/wp-json\/wp\/v2\/pages\/118"}],"wp:attachment":[{"href":"http:\/\/life-eislek.eu\/fr\/wp-json\/wp\/v2\/media?parent=148"}],"curies":[{"name":"wp","href":"https:\/\/api.w.org\/{rel}","templated":true}]}}