{"id":159,"date":"2013-10-28T13:28:55","date_gmt":"2013-10-28T13:28:55","guid":{"rendered":"http:\/\/life-eislek.eu\/?page_id=159"},"modified":"2014-02-03T18:14:38","modified_gmt":"2014-02-03T17:14:38","slug":"vorbereitende-masnahmen-ausarbeitung-von-management-und-aktionsplanen","status":"publish","type":"page","link":"http:\/\/life-eislek.eu\/fr\/aktionen\/vorbereitende-masnahmen-ausarbeitung-von-management-und-aktionsplanen\/","title":{"rendered":"Travaux pr\u00e9paratoires"},"content":{"rendered":"<p><div id=\"attachment_562\" style=\"width: 160px\" class=\"wp-caption aligncenter\"><a href=\"http:\/\/life-eislek.eu\/wp-content\/uploads\/2013\/10\/LIFE-EISLECK-DISTRI-LH-2-page-001.jpg\"><img loading=\"lazy\" decoding=\"async\" aria-describedby=\"caption-attachment-562\" class=\"size-thumbnail wp-image-562 \" alt=\"Observations r\u00e9centes du cuivr\u00e9 de la bistorte Lycaena helle\" src=\"http:\/\/life-eislek.eu\/wp-content\/uploads\/2013\/10\/LIFE-EISLECK-DISTRI-LH-2-page-001-150x150.jpg\" width=\"150\" height=\"150\" \/><\/a><p id=\"caption-attachment-562\" class=\"wp-caption-text\">Observations r\u00e9centes du cuivr\u00e9 de la bistorte Lycaena helle<\/p><\/div><\/p>\n<p><strong>A.1 Conception d\u00b4un plan d\u2019action de restauration<\/strong><br \/>\n<i><\/i><\/p>\n<p>Afin d\u2019\u00e9tablir un plan d\u2019action adapt\u00e9 \u00e0 chacune des trois esp\u00e8ces cibles de notre projet, toutes les donn\u00e9es historiques sont rassembl\u00e9es et de nouvelles donn\u00e9es sont collect\u00e9es afin d\u00b4alimenter un SIG (syst\u00e8me d\u2019information g\u00e9ographique). Celui-ci cumule toutes les informations disponibles pour chacune des esp\u00e8ces et permettra de cibler les zones de protection prioritaires par esp\u00e8ce et d\u2019y \u00e9tablir un programme de mesures de conservation\/restauration adapt\u00e9.<\/p>\n<p><strong>A.2<\/strong><strong> <\/strong><b>Planification technique des mesures de restauration<\/b><\/p>\n<p>La planification et la coordination technique des mesures concr\u00e8tes sont incontournables afin de garantir la bonne mise en place des actions sur le terrain. Le bon d\u00e9roulement du plan d\u2019action de restauration d\u00e9pend de la concertation et de l\u2019information de tous les acteurs sur le terrain, tels que les propri\u00e9taires, les agriculteurs, les \u00e9lus locaux, l\u2019administration de la gestion de l\u2019eau, l\u00b4administration de la nature et des for\u00eats, etc. De plus, les travaux dans les zones humides n\u00e9cessitent une adaptation du mat\u00e9riel et des outils destin\u00e9s \u00e0 la r\u00e9alisation des travaux. La demande des autorisations et d\u00e9rogations pour les constructions telles que l\u00b4\u00e9table (Action C.6) fait \u00e9galement partie de cette action.<\/p>\n<p style=\"text-align: left;\"><strong>\u00a0<\/strong><\/p>\n<div id=\"attachment_332\" style=\"width: 310px\" class=\"wp-caption aligncenter\"><a href=\"http:\/\/life-eislek.eu\/wp-content\/uploads\/2013\/10\/Planifiaction-technique-des-actiosn-de-restauration.jpg\"><img loading=\"lazy\" decoding=\"async\" aria-describedby=\"caption-attachment-332\" class=\"size-medium wp-image-332  \" alt=\"Planification d\u00e9taill\u00e9e des mesures de protection\" src=\"http:\/\/life-eislek.eu\/wp-content\/uploads\/2013\/10\/Planifiaction-technique-des-actiosn-de-restauration-300x225.jpg\" width=\"300\" height=\"225\" srcset=\"http:\/\/life-eislek.eu\/wp-content\/uploads\/2013\/10\/Planifiaction-technique-des-actiosn-de-restauration-300x225.jpg 300w, http:\/\/life-eislek.eu\/wp-content\/uploads\/2013\/10\/Planifiaction-technique-des-actiosn-de-restauration-768x576.jpg 768w, http:\/\/life-eislek.eu\/wp-content\/uploads\/2013\/10\/Planifiaction-technique-des-actiosn-de-restauration-400x300.jpg 400w, http:\/\/life-eislek.eu\/wp-content\/uploads\/2013\/10\/Planifiaction-technique-des-actiosn-de-restauration.jpg 1024w\" sizes=\"auto, (max-width: 300px) 100vw, 300px\" \/><\/a><p id=\"caption-attachment-332\" class=\"wp-caption-text\">Planification d\u00e9taill\u00e9e des mesures de protection<\/p><\/div>\n<p><strong>A.3<\/strong><strong> <\/strong><b>Contribution \u00e0 l\u00b4\u00e9laboration de plan de gestion de zones Natura2000<\/b><\/p>\n<p>Le projet englobe beaucoup de zones prot\u00e9g\u00e9es du r\u00e9seau Natura2000 qui n\u2019ont pas encore de plan d\u2019action localement finalis\u00e9. Les constatations issues des prospections, ainsi que les donn\u00e9es r\u00e9colt\u00e9es contribueront \u00e0 \u00e9tablir des plans de gestion durables, avec des mesures de conservation et de protection concr\u00e8tes sans \u00e9carter les aspects sociaux et les crit\u00e8res \u00e9conomiques y aff\u00e9rents.<\/p>\n<p style=\"text-align: left;\"><strong>\u00a0<\/strong><\/p>\n<div id=\"attachment_321\" style=\"width: 310px\" class=\"wp-caption aligncenter\"><a href=\"http:\/\/life-eislek.eu\/wp-content\/uploads\/2013\/10\/amDallSporbach-003.jpg\"><img loading=\"lazy\" decoding=\"async\" aria-describedby=\"caption-attachment-321\" class=\"size-medium wp-image-321  \" alt=\"R\u00e9union avec des exploitants des zones humides concern\u00e9es par le projet\" src=\"http:\/\/life-eislek.eu\/wp-content\/uploads\/2013\/10\/amDallSporbach-003-300x225.jpg\" width=\"300\" height=\"225\" srcset=\"http:\/\/life-eislek.eu\/wp-content\/uploads\/2013\/10\/amDallSporbach-003-300x225.jpg 300w, http:\/\/life-eislek.eu\/wp-content\/uploads\/2013\/10\/amDallSporbach-003-1024x768.jpg 1024w, http:\/\/life-eislek.eu\/wp-content\/uploads\/2013\/10\/amDallSporbach-003-768x576.jpg 768w, http:\/\/life-eislek.eu\/wp-content\/uploads\/2013\/10\/amDallSporbach-003-1536x1152.jpg 1536w, http:\/\/life-eislek.eu\/wp-content\/uploads\/2013\/10\/amDallSporbach-003-2048x1536.jpg 2048w, http:\/\/life-eislek.eu\/wp-content\/uploads\/2013\/10\/amDallSporbach-003-400x300.jpg 400w\" sizes=\"auto, (max-width: 300px) 100vw, 300px\" \/><\/a><p id=\"caption-attachment-321\" class=\"wp-caption-text\">R\u00e9union avec des exploitants des zones humides concern\u00e9es par le projet<\/p><\/div>\n<p><strong>A.4 <\/strong><b>Elaboration de plans de p\u00e2turage et de fauche de r\u00e9serves naturelles<\/b>.<\/p>\n<p>Les connaissances acquises au cours de la phase de prospection et les donn\u00e9es ainsi r\u00e9colt\u00e9es servent \u00e0 la mise en place d\u2019un programme d\u00e9finissant le mode de p\u00e2turage et les dates de fauches en fonction des objectifs de conservation \u00e0 r\u00e9aliser. Ces objectifs d\u00e9pendent des besoins \u00e9cologiques des trois esp\u00e8ces cibl\u00e9s par le projet.<\/p>\n<p style=\"text-align: left;\"><strong>\u00a0<\/strong><\/p>\n<div id=\"attachment_318\" style=\"width: 310px\" class=\"wp-caption aligncenter\"><a href=\"http:\/\/life-eislek.eu\/wp-content\/uploads\/2013\/10\/CIMG4684.jpg\"><img loading=\"lazy\" decoding=\"async\" aria-describedby=\"caption-attachment-318\" class=\"size-medium wp-image-318   \" alt=\"\" src=\"http:\/\/life-eislek.eu\/wp-content\/uploads\/2013\/10\/CIMG4684-300x225.jpg\" width=\"300\" height=\"225\" srcset=\"http:\/\/life-eislek.eu\/wp-content\/uploads\/2013\/10\/CIMG4684-300x225.jpg 300w, http:\/\/life-eislek.eu\/wp-content\/uploads\/2013\/10\/CIMG4684-768x576.jpg 768w, http:\/\/life-eislek.eu\/wp-content\/uploads\/2013\/10\/CIMG4684-400x300.jpg 400w, http:\/\/life-eislek.eu\/wp-content\/uploads\/2013\/10\/CIMG4684.jpg 1024w\" sizes=\"auto, (max-width: 300px) 100vw, 300px\" \/><\/a><p id=\"caption-attachment-318\" class=\"wp-caption-text\">Troupeau du berger qui fait pa\u00eetre ses b\u00eates sur 60 hectares de r\u00e9serves naturelles dans le p\u00e9rim\u00e8tre du projet du projet<\/p><\/div>\n<p><strong>A.5 Pr\u00e9paration aux monitoring des actions et des esp\u00e8ces<\/strong><\/p>\n<p>La phase de pr\u00e9paration pr\u00e9voit, pour assurer un monitoring scientifique pr\u00e9cis des trois esp\u00e8ces du projet, que toutes les donn\u00e9es concernant ces esp\u00e8ces soient r\u00e9colt\u00e9es (donn\u00e9es actuelles et historiques) et soient superpos\u00e9es et analys\u00e9es. Les informations issues de ces donn\u00e9es et les cartes cr\u00e9\u00e9es \u00e0 partir de ces donn\u00e9es permettent d\u2019\u00e9tablir une m\u00e9thode de suivi optimale.<\/p>\n<p style=\"text-align: left;\"><strong>\u00a0<\/strong><\/p>\n<p style=\"text-align: center;\"><a href=\"http:\/\/life-eislek.eu\/wp-content\/uploads\/2013\/10\/11-2.jpg\"><img loading=\"lazy\" decoding=\"async\" class=\"size-medium wp-image-299  aligncenter\" alt=\"\" src=\"http:\/\/life-eislek.eu\/wp-content\/uploads\/2013\/10\/11-2-300x225.jpg\" width=\"300\" height=\"225\" srcset=\"http:\/\/life-eislek.eu\/wp-content\/uploads\/2013\/10\/11-2-300x225.jpg 300w, http:\/\/life-eislek.eu\/wp-content\/uploads\/2013\/10\/11-2-1024x768.jpg 1024w, http:\/\/life-eislek.eu\/wp-content\/uploads\/2013\/10\/11-2-768x576.jpg 768w, http:\/\/life-eislek.eu\/wp-content\/uploads\/2013\/10\/11-2-1536x1152.jpg 1536w, http:\/\/life-eislek.eu\/wp-content\/uploads\/2013\/10\/11-2-2048x1536.jpg 2048w, http:\/\/life-eislek.eu\/wp-content\/uploads\/2013\/10\/11-2-400x300.jpg 400w\" sizes=\"auto, (max-width: 300px) 100vw, 300px\" \/><\/a><\/p>\n<p><\/p>\n<!-- AddThis Advanced Settings generic via filter on the_content --><!-- AddThis Share Buttons generic via filter on the_content -->","protected":false},"excerpt":{"rendered":"<p>A.1 Conception d\u00b4un plan d\u2019action de restauration Afin d\u2019\u00e9tablir un plan d\u2019action adapt\u00e9 \u00e0 chacune des trois esp\u00e8ces cibles de notre projet, toutes les donn\u00e9es historiques sont rassembl\u00e9es et de nouvelles donn\u00e9es sont collect\u00e9es afin d\u00b4alimenter un SIG (syst\u00e8me d\u2019information g\u00e9ographique). Celui-ci cumule toutes les informations disponibles pour chacune des esp\u00e8ces et permettra de cibler [&hellip;]<!-- AddThis Advanced Settings generic via filter on get_the_excerpt --><!-- AddThis Share Buttons generic via filter on get_the_excerpt --><\/p>\n","protected":false},"author":2,"featured_media":0,"parent":123,"menu_order":0,"comment_status":"closed","ping_status":"closed","template":"","meta":{"footnotes":""},"class_list":["post-159","page","type-page","status-publish","hentry"],"_links":{"self":[{"href":"http:\/\/life-eislek.eu\/fr\/wp-json\/wp\/v2\/pages\/159","targetHints":{"allow":["GET"]}}],"collection":[{"href":"http:\/\/life-eislek.eu\/fr\/wp-json\/wp\/v2\/pages"}],"about":[{"href":"http:\/\/life-eislek.eu\/fr\/wp-json\/wp\/v2\/types\/page"}],"author":[{"embeddable":true,"href":"http:\/\/life-eislek.eu\/fr\/wp-json\/wp\/v2\/users\/2"}],"replies":[{"embeddable":true,"href":"http:\/\/life-eislek.eu\/fr\/wp-json\/wp\/v2\/comments?post=159"}],"version-history":[{"count":13,"href":"http:\/\/life-eislek.eu\/fr\/wp-json\/wp\/v2\/pages\/159\/revisions"}],"predecessor-version":[{"id":918,"href":"http:\/\/life-eislek.eu\/fr\/wp-json\/wp\/v2\/pages\/159\/revisions\/918"}],"up":[{"embeddable":true,"href":"http:\/\/life-eislek.eu\/fr\/wp-json\/wp\/v2\/pages\/123"}],"wp:attachment":[{"href":"http:\/\/life-eislek.eu\/fr\/wp-json\/wp\/v2\/media?parent=159"}],"curies":[{"name":"wp","href":"https:\/\/api.w.org\/{rel}","templated":true}]}}