{"id":1752,"date":"2016-06-30T07:52:27","date_gmt":"2016-06-30T05:52:27","guid":{"rendered":"http:\/\/life-eislek.eu\/?page_id=1752"},"modified":"2017-10-26T15:19:26","modified_gmt":"2017-10-26T13:19:26","slug":"renaturierung","status":"publish","type":"page","link":"http:\/\/life-eislek.eu\/fr\/veroffentlichungen\/renaturierung\/","title":{"rendered":"Renaturation"},"content":{"rendered":"<p><a href=\"http:\/\/life-eislek.eu\/wp-content\/uploads\/2016\/06\/DSC_0678.jpg\"><img loading=\"lazy\" decoding=\"async\" class=\"alignleft size-medium wp-image-1759\" alt=\"DSC_0678\" src=\"http:\/\/life-eislek.eu\/wp-content\/uploads\/2016\/06\/DSC_0678-300x199.jpg\" width=\"300\" height=\"199\" srcset=\"http:\/\/life-eislek.eu\/wp-content\/uploads\/2016\/06\/DSC_0678-300x199.jpg 300w, http:\/\/life-eislek.eu\/wp-content\/uploads\/2016\/06\/DSC_0678-1024x680.jpg 1024w, http:\/\/life-eislek.eu\/wp-content\/uploads\/2016\/06\/DSC_0678-768x510.jpg 768w, http:\/\/life-eislek.eu\/wp-content\/uploads\/2016\/06\/DSC_0678-1536x1020.jpg 1536w, http:\/\/life-eislek.eu\/wp-content\/uploads\/2016\/06\/DSC_0678-2048x1360.jpg 2048w\" sizes=\"auto, (max-width: 300px) 100vw, 300px\" \/><\/a><\/p>\n<ul>\n<li>Projet:<a href=\"http:\/\/life-eislek.eu\/wp-content\/uploads\/2016\/06\/2015-11-SAR-Projet-Tretterbach.pdf\">Projet Tr\u00ebtterbaach<\/a><\/li>\n<li>Plan:<a href=\"http:\/\/life-eislek.eu\/wp-content\/uploads\/2016\/06\/Vue-en-plan-rem\u00e9andration-du-Tretterbaach-Com.-de-Wincrange.pdf\">Plan Projet Tr\u00ebtterbaach<\/a><\/li>\n<li>Profils:<a href=\"http:\/\/life-eislek.eu\/wp-content\/uploads\/2016\/06\/Profils-rem\u00e9andration-du-Tretterbaach-Com.-de-Wincrange.pdf\">Profils Renaturation Tr\u00ebtterbaach<\/a><\/li>\n<li>Vid\u00e9o:\u00a0<a title=\"Film\" href=\"http:\/\/www.youtube.com\/watch?v=YIJvWHrQonQ&amp;t=16s\">www.youtube.com\/watch?v=YIJvWHrQonQ&amp;t=1s<\/a><\/li>\n<\/ul>\n<p>&nbsp;<\/p>\n<!-- AddThis Advanced Settings generic via filter on the_content --><!-- AddThis Share Buttons generic via filter on the_content -->","protected":false},"excerpt":{"rendered":"<p>Projet:Projet Tr\u00ebtterbaach Plan:Plan Projet Tr\u00ebtterbaach Profils:Profils Renaturation Tr\u00ebtterbaach Vid\u00e9o:\u00a0www.youtube.com\/watch?v=YIJvWHrQonQ&amp;t=1s &nbsp;<!-- AddThis Advanced Settings generic via filter on get_the_excerpt --><!-- AddThis Share Buttons generic via filter on get_the_excerpt --><\/p>\n","protected":false},"author":2,"featured_media":0,"parent":125,"menu_order":1,"comment_status":"closed","ping_status":"closed","template":"","meta":{"footnotes":""},"class_list":["post-1752","page","type-page","status-publish","hentry"],"_links":{"self":[{"href":"http:\/\/life-eislek.eu\/fr\/wp-json\/wp\/v2\/pages\/1752","targetHints":{"allow":["GET"]}}],"collection":[{"href":"http:\/\/life-eislek.eu\/fr\/wp-json\/wp\/v2\/pages"}],"about":[{"href":"http:\/\/life-eislek.eu\/fr\/wp-json\/wp\/v2\/types\/page"}],"author":[{"embeddable":true,"href":"http:\/\/life-eislek.eu\/fr\/wp-json\/wp\/v2\/users\/2"}],"replies":[{"embeddable":true,"href":"http:\/\/life-eislek.eu\/fr\/wp-json\/wp\/v2\/comments?post=1752"}],"version-history":[{"count":9,"href":"http:\/\/life-eislek.eu\/fr\/wp-json\/wp\/v2\/pages\/1752\/revisions"}],"predecessor-version":[{"id":2045,"href":"http:\/\/life-eislek.eu\/fr\/wp-json\/wp\/v2\/pages\/1752\/revisions\/2045"}],"up":[{"embeddable":true,"href":"http:\/\/life-eislek.eu\/fr\/wp-json\/wp\/v2\/pages\/125"}],"wp:attachment":[{"href":"http:\/\/life-eislek.eu\/fr\/wp-json\/wp\/v2\/media?parent=1752"}],"curies":[{"name":"wp","href":"https:\/\/api.w.org\/{rel}","templated":true}]}}