{"id":179,"date":"2013-10-28T15:07:04","date_gmt":"2013-10-28T15:07:04","guid":{"rendered":"http:\/\/life-eislek.eu\/?page_id=179"},"modified":"2014-02-04T16:31:53","modified_gmt":"2014-02-04T15:31:53","slug":"offentlichkeitsarbeit-und-vorstellung-der-resultate","status":"publish","type":"page","link":"http:\/\/life-eislek.eu\/fr\/offentlichkeitsarbeit-und-vorstellung-der-resultate\/","title":{"rendered":"Relations publiques"},"content":{"rendered":"<p><strong>E. Publication des r\u00e9sultats, information et sensibilisation du public<\/strong><\/p>\n<p><strong>E.1 Information et sensibilisation du grand public<\/strong><\/p>\n<p>La sauvegarde du patrimoine culturel et naturel passe par l\u2019int\u00e9r\u00eat et le soutien du grand public. Afin de sensibiliser \u00e0 l\u2019utilit\u00e9 du projet life Eislek et de promouvoir l\u00b4acceptation des mesures de conservation de la nature, l\u2019information du grand publique est primordiale. Pour pr\u00e9senter les objectifs et les actions du projet, le projet a recours \u00e0 diff\u00e9rents m\u00e9dias\u00a0:<\/p>\n<p>&#8211; Des <a href=\"http:\/\/life-eislek.eu\/wp-content\/uploads\/2013\/10\/Folder-8-pages-v3_bat2.pdf\"><b>brochures<\/b> <\/a>explicatives\u00a0expliquant les actions du projet Life Eislek sont distribu\u00e9es aux populations locales, aux collectivit\u00e9s concern\u00e9es et aux agriculteurs.<\/p>\n<p>&#8211; 4\u00a0 <b>Panneaux d\u2019affichage<\/b> de type <b>\u201c<em>Roll-up<\/em>\u201d <\/b>expliquant les actions du projet Life Eislek. Ces panneaux servent comme fond visuel lors de conf\u00e9rences, foires et autres r\u00e9unions d\u2019information.<\/p>\n<p>&#8211; Sur toutes les surfaces ou des mesures sont mises en place (actions C1-C6), le projet pr\u00e9voit l\u2019installation de panneaux explicatifs d\u2019information relatifs aux travaux en cours .<\/p>\n<p>&#8211; 4 panneaux permanents de signalisation sont install\u00e9s le long des sentiers p\u00e9destres ou de zones touristiques de la r\u00e9gion pour informer le public sur le projet, les esp\u00e8ces phares, les menaces et les mesures.<\/p>\n<p>&#8211; Des randonn\u00e9es guid\u00e9es, ouvertes \u00e0 un large public, sont organis\u00e9es a travers les zones humides typiques de l\u2019Oesling, afin de sensibiliser \u00e0 la beaut\u00e9 des paysages et \u00e0 l\u2019importance environnementale de ces habitats.<\/p>\n<p>&#8211; Afin de familiariser le public avec le projet et afin que ce public se retrouve autour des valeurs de la cause de la protection de la nature, nous organisons des \u00ab\u00a0chantiers nature\u00a0\u00bb durant lesquels les participants peuvent eux m\u00eame \u00ab\u00a0mettre la main \u00e0 la p\u00e2te\u00a0\u00bb (fauchage et ramassage de foin, d\u00e9broussaillage, taille d\u00b4arbres, \u2026).<\/p>\n<p>&#8211; Mise en place d\u2019une passerelle sur pilotis qui permet d\u2019observer la faune et la flore des zones humides et mar\u00e9cageuses au plus pr\u00e8s sans d\u00e9rangement majeur.<\/p>\n<p>&#8211; le public est inform\u00e9 r\u00e9guli\u00e8rement de l\u2019avancement du projet, par communiqu\u00e9 de presse (m\u00e9dias \u00e9crits et audiovisuels).<\/p>\n<p>&#8211; Organisation d\u2019un \u00e9v\u00e9nement de lancement et de cl\u00f4ture du projet<\/p>\n<p><strong>E.2 Internetseite \/ Site internet<\/strong><\/p>\n<p>Par l\u2019interm\u00e9diaire du site internet le projet est accessible aux plus grand nombre, m\u00eame au public \u00e0 l\u2019\u00e9tranger, ce qui permet une large diffusion de l\u2019information. Le site internet sert aussi de plateforme d\u2019\u00e9change pour les agriculteurs et pour mettre en relation d\u2019autres projets de ce type.<\/p>\n<p><strong>\u00a0<\/strong><\/p>\n<p><strong>E.3 Information et sensibilisation des agriculteurs<\/strong><\/p>\n<p>La r\u00e9ussite de la mise en \u0153uvre du projet d\u00e9pend d\u2019un secteur agricole \u00e9clair\u00e9 sur les sujets concernant la diversit\u00e9 biologique et les moyens de protection de la nature. Dans ce sens, l\u2019information aupr\u00e8s des agriculteurs et la sensibilisation des propri\u00e9taires agricoles est primordiale. Un \u00e9change r\u00e9gulier entre les parties doit avoir lieu pour faire circuler l\u2019information, et pour am\u00e9liorer le respect et la compr\u00e9hension entre les pr\u00e9occupations et besoins de chacun.<\/p>\n<p>&nbsp;<\/p>\n<p><a href=\"http:\/\/life-eislek.eu\/wp-content\/uploads\/2013\/10\/amDallSporbach-003.jpg\"><img loading=\"lazy\" decoding=\"async\" class=\"alignleft size-thumbnail wp-image-321\" alt=\"R\u00e9union Am Dall Sporbach 9 Juli 2013\" src=\"http:\/\/life-eislek.eu\/wp-content\/uploads\/2013\/10\/amDallSporbach-003-150x150.jpg\" width=\"150\" height=\"150\" \/><\/a> <a href=\"http:\/\/life-eislek.eu\/wp-content\/uploads\/2013\/10\/10-1.jpg\"><img loading=\"lazy\" decoding=\"async\" class=\"alignleft size-thumbnail wp-image-298\" alt=\"10-1\" src=\"http:\/\/life-eislek.eu\/wp-content\/uploads\/2013\/10\/10-1-150x150.jpg\" width=\"150\" height=\"150\" \/><\/a><\/p>\n<p><strong>E.4 Organisation d\u2019un s\u00e9minaire international<\/strong><\/p>\n<p>Au courant de la derni\u00e8re ann\u00e9e du projet Life Eislek (2017), un s\u00e9minaire aura lieu afin de pr\u00e9senter \u00e0 un large public international, les donn\u00e9es et les r\u00e9sultats acquis au cours des derni\u00e8res ann\u00e9es. Le but est de cr\u00e9er un r\u00e9seau et de mettre en relation des projets et des experts internationaux, afin que les exp\u00e9riences de ce projet servent \u00e0 tout le r\u00e9seau de sites Natura2000. La visite de sites renatur\u00e9s avec succ\u00e8s est un point important de ce s\u00e9minaire.<\/p>\n<p><strong>E.5 Rapport de vulgarisaton<\/strong><\/p>\n<p>Pour pr\u00e9senter au plus large public possible les points essentiels du projet Life Eislek, un rapport de vulgarisation sera \u00e9labor\u00e9 avant la fin du projet contenant toutes les informations relatives au projet. Ce rapport d\u2019environ 10 pages sera disponible gratuitement en deux langues\u00a0: anglais, et fran\u00e7ais.<\/p>\n<p>&nbsp;<\/p>\n<!-- AddThis Advanced Settings generic via filter on the_content --><!-- AddThis Share Buttons generic via filter on the_content -->","protected":false},"excerpt":{"rendered":"<p>E. Publication des r\u00e9sultats, information et sensibilisation du public E.1 Information et sensibilisation du grand public La sauvegarde du patrimoine culturel et naturel passe par l\u2019int\u00e9r\u00eat et le soutien du grand public. Afin de sensibiliser \u00e0 l\u2019utilit\u00e9 du projet life Eislek et de promouvoir l\u00b4acceptation des mesures de conservation de la nature, l\u2019information du grand [&hellip;]<!-- AddThis Advanced Settings generic via filter on get_the_excerpt --><!-- AddThis Share Buttons generic via filter on get_the_excerpt --><\/p>\n","protected":false},"author":2,"featured_media":0,"parent":0,"menu_order":0,"comment_status":"closed","ping_status":"closed","template":"","meta":{"footnotes":""},"class_list":["post-179","page","type-page","status-publish","hentry"],"_links":{"self":[{"href":"http:\/\/life-eislek.eu\/fr\/wp-json\/wp\/v2\/pages\/179","targetHints":{"allow":["GET"]}}],"collection":[{"href":"http:\/\/life-eislek.eu\/fr\/wp-json\/wp\/v2\/pages"}],"about":[{"href":"http:\/\/life-eislek.eu\/fr\/wp-json\/wp\/v2\/types\/page"}],"author":[{"embeddable":true,"href":"http:\/\/life-eislek.eu\/fr\/wp-json\/wp\/v2\/users\/2"}],"replies":[{"embeddable":true,"href":"http:\/\/life-eislek.eu\/fr\/wp-json\/wp\/v2\/comments?post=179"}],"version-history":[{"count":6,"href":"http:\/\/life-eislek.eu\/fr\/wp-json\/wp\/v2\/pages\/179\/revisions"}],"predecessor-version":[{"id":588,"href":"http:\/\/life-eislek.eu\/fr\/wp-json\/wp\/v2\/pages\/179\/revisions\/588"}],"wp:attachment":[{"href":"http:\/\/life-eislek.eu\/fr\/wp-json\/wp\/v2\/media?parent=179"}],"curies":[{"name":"wp","href":"https:\/\/api.w.org\/{rel}","templated":true}]}}