{"id":181,"date":"2013-10-28T15:11:35","date_gmt":"2013-10-28T15:11:35","guid":{"rendered":"http:\/\/life-eislek.eu\/?page_id=181"},"modified":"2014-02-03T18:17:25","modified_gmt":"2014-02-03T17:17:25","slug":"allgemeiner-projektablauf-und-kontrolle-des-projektziele","status":"publish","type":"page","link":"http:\/\/life-eislek.eu\/fr\/allgemeiner-projektablauf-und-kontrolle-des-projektziele\/","title":{"rendered":"Gestion adminstrative du projet"},"content":{"rendered":"<p><strong>F.1 <\/strong><b>Gestion administrative et financi\u00e8re du projet<\/b><\/p>\n<p>Le projet life Eislek emploie 3 personnes \u00e0 formation scientifique et une secr\u00e9taire responsable du bon d\u00e9roulement du projet y compris de tous les aspects financiers et administratifs.<\/p>\n<p><strong>F.2 Accompagnement du projet et \u00e9valuation de son d\u00e9roulement.<\/strong><\/p>\n<p>Des indicateurs d\u00e9finis pr\u00e9alablement permettront \u00e0 l\u2019Union Europ\u00e9enne de contr\u00f4ler et de surveiller le projet et son \u00e9quipe, et permettront d\u00b4intervenir rapidement en cas de difficult\u00e9s (r\u00e9sultats non atteints, retards, d\u00e9lais non respect\u00e9s, etc.).<\/p>\n<p><strong>F.3 Networking- Mise en place d\u00b4un r\u00e9seau de projets et d\u2019experts<\/strong><\/p>\n<p>Les \u00e9changes r\u00e9guliers avec des experts internationaux et les \u00e9changes entre projets similaires de la grande r\u00e9gion permettent la transmission de l\u2019information et des r\u00e9sultats. De nombreuses visites d\u2019autres projets sont pr\u00e9vues, afin d\u2019avoir un aper\u00e7u d\u00b4autres renaturations effectu\u00e9es, de leurs limites et probl\u00e8mes survenus, et des implications sociales de celles-ci.<\/p>\n<p><strong>F.4 Elaboration d\u00b4un programe after-Life<\/strong><\/p>\n<p>Puisque les effets des actions de renaturation et de conservation ne sont pas limit\u00e9s dans le temps, et que le bien fait du projet se prolonge au-del\u00e0 de la fin du projet, l\u00b4\u00e9quipe \u00e9laborera un programme d\u00b4action intitul\u00e9 \u00ab\u00a0after-Life\u00a0plan\u00bb. Ce document contient le d\u00e9tail des plans de gestion pr\u00e9vus pour les espaces prot\u00e9g\u00e9s et pour les habitats restaur\u00e9s, ainsi que les responsabilit\u00e9s engag\u00e9es par les diff\u00e9rents acteurs.<\/p>\n<!-- AddThis Advanced Settings generic via filter on the_content --><!-- AddThis Share Buttons generic via filter on the_content -->","protected":false},"excerpt":{"rendered":"<p>F.1 Gestion administrative et financi\u00e8re du projet Le projet life Eislek emploie 3 personnes \u00e0 formation scientifique et une secr\u00e9taire responsable du bon d\u00e9roulement du projet y compris de tous les aspects financiers et administratifs. F.2 Accompagnement du projet et \u00e9valuation de son d\u00e9roulement. Des indicateurs d\u00e9finis pr\u00e9alablement permettront \u00e0 l\u2019Union Europ\u00e9enne de contr\u00f4ler et [&hellip;]<!-- AddThis Advanced Settings generic via filter on get_the_excerpt --><!-- AddThis Share Buttons generic via filter on get_the_excerpt --><\/p>\n","protected":false},"author":2,"featured_media":0,"parent":0,"menu_order":0,"comment_status":"closed","ping_status":"closed","template":"","meta":{"footnotes":""},"class_list":["post-181","page","type-page","status-publish","hentry"],"_links":{"self":[{"href":"http:\/\/life-eislek.eu\/fr\/wp-json\/wp\/v2\/pages\/181","targetHints":{"allow":["GET"]}}],"collection":[{"href":"http:\/\/life-eislek.eu\/fr\/wp-json\/wp\/v2\/pages"}],"about":[{"href":"http:\/\/life-eislek.eu\/fr\/wp-json\/wp\/v2\/types\/page"}],"author":[{"embeddable":true,"href":"http:\/\/life-eislek.eu\/fr\/wp-json\/wp\/v2\/users\/2"}],"replies":[{"embeddable":true,"href":"http:\/\/life-eislek.eu\/fr\/wp-json\/wp\/v2\/comments?post=181"}],"version-history":[{"count":8,"href":"http:\/\/life-eislek.eu\/fr\/wp-json\/wp\/v2\/pages\/181\/revisions"}],"predecessor-version":[{"id":1424,"href":"http:\/\/life-eislek.eu\/fr\/wp-json\/wp\/v2\/pages\/181\/revisions\/1424"}],"wp:attachment":[{"href":"http:\/\/life-eislek.eu\/fr\/wp-json\/wp\/v2\/media?parent=181"}],"curies":[{"name":"wp","href":"https:\/\/api.w.org\/{rel}","templated":true}]}}