{"id":184,"date":"2013-10-28T15:15:44","date_gmt":"2013-10-28T15:15:44","guid":{"rendered":"http:\/\/life-eislek.eu\/?page_id=184"},"modified":"2014-02-03T18:39:28","modified_gmt":"2014-02-03T17:39:28","slug":"links","status":"publish","type":"page","link":"http:\/\/life-eislek.eu\/fr\/links\/","title":{"rendered":"Liens"},"content":{"rendered":"<p>Andere interessante Seiten im WWW:<\/p>\n<p><a href=\"http:\/\/www.life-papillons.eu\">Life Papillons<\/a> : Projekt zum Schutz von 3 Schmetterlingen und deren Lebensr\u00e4ume in Belgien<\/p>\n<p><a href=\"http:\/\/www.unio.lu\/home\/\">Life Unio<\/a>:\u00a0Das Life Unio Projekt versucht die beiden letzten Bachmuschelpopulationen in Luxemburg in den Fl\u00fcssen Our und Sauer durch eine Vielzahl von Massnahmen zu sch\u00fctzen und Ihren Lebensraum zu verbessern.<\/p>\n<p><a href=\"http:\/\/www.moehne-life.de\">Life M\u00f6hne<\/a>:\u00a0Ein Life Projekt mit dem\u00a0Ziel der Verbesserung der Flora-Fauna-Habitat-Gebiete (FFH-Gebiete) M\u00f6hne Oberlauf und Mittellauf.<\/p>\n<!-- AddThis Advanced Settings generic via filter on the_content --><!-- AddThis Share Buttons generic via filter on the_content -->","protected":false},"excerpt":{"rendered":"<p>Andere interessante Seiten im WWW: Life Papillons : Projekt zum Schutz von 3 Schmetterlingen und deren Lebensr\u00e4ume in Belgien Life Unio:\u00a0Das Life Unio Projekt versucht die beiden letzten Bachmuschelpopulationen in Luxemburg in den Fl\u00fcssen Our und Sauer durch eine Vielzahl von Massnahmen zu sch\u00fctzen und Ihren Lebensraum zu verbessern. Life M\u00f6hne:\u00a0Ein Life Projekt mit dem\u00a0Ziel [&hellip;]<!-- AddThis Advanced Settings generic via filter on get_the_excerpt --><!-- AddThis Share Buttons generic via filter on get_the_excerpt --><\/p>\n","protected":false},"author":2,"featured_media":0,"parent":0,"menu_order":0,"comment_status":"closed","ping_status":"closed","template":"","meta":{"footnotes":""},"class_list":["post-184","page","type-page","status-publish","hentry"],"_links":{"self":[{"href":"http:\/\/life-eislek.eu\/fr\/wp-json\/wp\/v2\/pages\/184","targetHints":{"allow":["GET"]}}],"collection":[{"href":"http:\/\/life-eislek.eu\/fr\/wp-json\/wp\/v2\/pages"}],"about":[{"href":"http:\/\/life-eislek.eu\/fr\/wp-json\/wp\/v2\/types\/page"}],"author":[{"embeddable":true,"href":"http:\/\/life-eislek.eu\/fr\/wp-json\/wp\/v2\/users\/2"}],"replies":[{"embeddable":true,"href":"http:\/\/life-eislek.eu\/fr\/wp-json\/wp\/v2\/comments?post=184"}],"version-history":[{"count":4,"href":"http:\/\/life-eislek.eu\/fr\/wp-json\/wp\/v2\/pages\/184\/revisions"}],"predecessor-version":[{"id":928,"href":"http:\/\/life-eislek.eu\/fr\/wp-json\/wp\/v2\/pages\/184\/revisions\/928"}],"wp:attachment":[{"href":"http:\/\/life-eislek.eu\/fr\/wp-json\/wp\/v2\/media?parent=184"}],"curies":[{"name":"wp","href":"https:\/\/api.w.org\/{rel}","templated":true}]}}