{"id":293,"date":"2013-10-29T16:25:34","date_gmt":"2013-10-29T15:25:34","guid":{"rendered":"http:\/\/life-eislek.eu\/?page_id=293"},"modified":"2013-10-29T16:25:34","modified_gmt":"2013-10-29T15:25:34","slug":"life-eislek-resume-en-francais","status":"publish","type":"page","link":"http:\/\/life-eislek.eu\/fr\/life-eislek-resume-en-francais\/","title":{"rendered":"Life Eislek &#8211; R\u00e9sum\u00e9 en fran\u00e7ais"},"content":{"rendered":"<h1>Nouveau projet LIFE: Restauration des zones humides de l\u2019Ardenne<\/h1>\n<p>Le 14 juin 2012, le comit\u00e9 de s\u00e9lection LIFE + de la Commission Europ\u00e9enne a accept\u00e9 un projet ambitieux de conservation de la nature. L\u00b4objectif est de poursuivre les actions de restauration de zones humides et des populations d\u00b4esp\u00e8ces associ\u00e9es.<\/p>\n<p>Les projets LIFE sont des projets cofinanc\u00e9s par l\u2019Europe pour restaurer une infrastructure \u00e9cologique avec un accent particulier pour am\u00e9liorer l\u2019\u00e9tat de conservation des biotopes et des habitats d\u2019esp\u00e8ces vis\u00e9s par le r\u00e9seau Natura 2000.<\/p>\n<p>natur&amp;\u00ebmwelt Fondation s\u2019est associ\u00e9e \u00e0 plusieurs partenaires comme natur&amp;\u00ebmwelt asbl, le Comit\u00e9 national de d\u00e9fense sociale (CNDS) et la Chambre d\u00b4Agriculture pour mener \u00e0 bien ce projet d\u00b4envergure.<\/p>\n<p>Le projet vise la restauration d\u00b4un mosa\u00efque d\u00b4habitats compos\u00e9 de friches humides, p\u00e2tures extensives et prairies fauch\u00e9es tardivement afin de favoriser des esp\u00e8ces d\u00b4oiseaux comme le Tarier des pr\u00e9s et la pie-gri\u00e8che \u00e9corcheur ainsi qu\u00b4un papillon appel\u00e9 cuivre de la bistorte, trois esp\u00e8ces embl\u00e9matiques de nos prairies humides ardennaises.<\/p>\n<p><img loading=\"lazy\" decoding=\"async\" title=\"\" alt=\"\" src=\"http:\/\/www.naturanemwelt.lu\/showimage.php?idimagelibrary=9991324461569&amp;type=image\" width=\"520\" height=\"348\" \/><\/p>\n<p><strong>Plusieurs\u00a0<\/strong><strong>actions concr\u00e8tes sont pr\u00e9vues:<\/strong><\/p>\n<ul>\n<li>Optimisation de la gestion par p\u00e2turage\/fauche de plus de 135 ha de prairies humides appartenant \u00e0 l\u00b4Etat luxembourgeois ou \u00e0 n&amp;\u00eb fondation,<\/li>\n<li>30 ha suppl\u00e9mentaires seront acquis par n&amp;\u00eb fondation afin d\u00b4\u00e9tendre les habitats des esp\u00e8ces cibles,<\/li>\n<li>10 ha de zones humides \u00e0 l\u00b4abandon seront r\u00e9int\u00e9gr\u00e9s dans une gestion conservatoire,<\/li>\n<li>le r\u00e9gime hydrique des plaines alluviales seront restaur\u00e9s sur 1,8km de lin\u00e9aire de cours d\u00b4eau et 500m de drains seront enlev\u00e9s,<\/li>\n<li>5ha d\u00b4\u00e9pic\u00e9as plant\u00e9s en milieu humide seront abattus et 15 ha de mises \u00e0 blanc seront converties en milieux ouverts,<\/li>\n<li>10 ha de prairies \u00e0 bistorte et \u00e0 filipendule seront restaur\u00e9s,<\/li>\n<li>7.000 haies et arbres isol\u00e9s seront plant\u00e9s,<\/li>\n<li>les conditions de p\u00e2turage\/fauche seront am\u00e9lior\u00e9es via l\u00b4acquisition et\/ou l\u00b4installation d\u00b4infrastructures (cl\u00f4tures, abreuvoirs, passes \u00e0 b\u00e9tail, abri pour b\u00e9tail, \u2026)<\/li>\n<li>les agriculteurs des zones d\u00b4action seront consult\u00e9s et le projet vise la signature de mesures d\u00b4extensifications pour 50 ha de prairies,<\/li>\n<li>le projet englobe un vaste programme de monitoring des esp\u00e8ces cibles (suivi scientifique) afin de v\u00e9rifier l\u00b4atteinte des objectifs des actions de restauration,<\/li>\n<li>un large volet d\u00b4information et de sensibilisation du grand public ainsi que du monde agricole est pr\u00e9vu.<\/li>\n<\/ul>\n<p>Le projet aura une dur\u00e9e de cinq ans et d\u00e9marrera en septembre 2012. Le montant total des d\u00e9penses s\u00b4\u00e9l\u00e8vera \u00e0 1.766.775\u20ac dont 50% sont pris en charge par la Commission europ\u00e9enne. Les autres 50% sont constitu\u00e9s d\u00b4apports propres des partenaires ainsi que d\u00b4un cofinancement du Minist\u00e8re du D\u00e9veloppement durable et des Infrastructures \u2013 D\u00e9partement de l\u2019Environnement (665.887\u20ac)<\/p>\n<p><img loading=\"lazy\" decoding=\"async\" title=\"\" alt=\"\" src=\"http:\/\/www.naturanemwelt.lu\/showimage.php?idimagelibrary=9991324461568&amp;type=image\" width=\"520\" height=\"390\" \/><\/p>\n<p><a title=\"\" href=\"http:\/\/ec.europa.eu\/environment\/life\/\"><img loading=\"lazy\" decoding=\"async\" title=\"\" alt=\"\" src=\"http:\/\/www.naturanemwelt.lu\/showimage.php?idimagelibrary=9991324461566&amp;type=image\" width=\"78\" height=\"81\" \/><\/a><\/p>\n<!-- AddThis Advanced Settings generic via filter on the_content --><!-- AddThis Share Buttons generic via filter on the_content -->","protected":false},"excerpt":{"rendered":"<p>Nouveau projet LIFE: Restauration des zones humides de l\u2019Ardenne Le 14 juin 2012, le comit\u00e9 de s\u00e9lection LIFE + de la Commission Europ\u00e9enne a accept\u00e9 un projet ambitieux de conservation de la nature. L\u00b4objectif est de poursuivre les actions de restauration de zones humides et des populations d\u00b4esp\u00e8ces associ\u00e9es. Les projets LIFE sont des projets [&hellip;]<!-- AddThis Advanced Settings generic via filter on get_the_excerpt --><!-- AddThis Share Buttons generic via filter on get_the_excerpt --><\/p>\n","protected":false},"author":2,"featured_media":0,"parent":0,"menu_order":0,"comment_status":"closed","ping_status":"closed","template":"","meta":{"footnotes":""},"class_list":["post-293","page","type-page","status-publish","hentry"],"_links":{"self":[{"href":"http:\/\/life-eislek.eu\/fr\/wp-json\/wp\/v2\/pages\/293","targetHints":{"allow":["GET"]}}],"collection":[{"href":"http:\/\/life-eislek.eu\/fr\/wp-json\/wp\/v2\/pages"}],"about":[{"href":"http:\/\/life-eislek.eu\/fr\/wp-json\/wp\/v2\/types\/page"}],"author":[{"embeddable":true,"href":"http:\/\/life-eislek.eu\/fr\/wp-json\/wp\/v2\/users\/2"}],"replies":[{"embeddable":true,"href":"http:\/\/life-eislek.eu\/fr\/wp-json\/wp\/v2\/comments?post=293"}],"version-history":[{"count":1,"href":"http:\/\/life-eislek.eu\/fr\/wp-json\/wp\/v2\/pages\/293\/revisions"}],"predecessor-version":[{"id":294,"href":"http:\/\/life-eislek.eu\/fr\/wp-json\/wp\/v2\/pages\/293\/revisions\/294"}],"wp:attachment":[{"href":"http:\/\/life-eislek.eu\/fr\/wp-json\/wp\/v2\/media?parent=293"}],"curies":[{"name":"wp","href":"https:\/\/api.w.org\/{rel}","templated":true}]}}