{"id":34,"date":"2013-10-28T10:36:11","date_gmt":"2013-10-28T10:36:11","guid":{"rendered":"http:\/\/life-eislek.eu\/?page_id=34"},"modified":"2014-02-03T17:27:36","modified_gmt":"2014-02-03T16:27:36","slug":"braunkehlchen-saxicola-rubetra","status":"publish","type":"page","link":"http:\/\/life-eislek.eu\/fr\/die-zielarten\/braunkehlchen-saxicola-rubetra\/","title":{"rendered":"Le Tarier des pr\u00e9s  (Saxicola rubetra)"},"content":{"rendered":"<p><\/p>\n<p style=\"text-align: center;\"><img loading=\"lazy\" decoding=\"async\" class=\"aligncenter size-full wp-image-742\" style=\"border: 0px;\" alt=\"saxicolarubetra\" src=\"http:\/\/life-eislek.eu\/wp-content\/uploads\/2013\/10\/saxicolarubetra.jpg\" width=\"700\" height=\"700\" srcset=\"http:\/\/life-eislek.eu\/wp-content\/uploads\/2013\/10\/saxicolarubetra.jpg 700w, http:\/\/life-eislek.eu\/wp-content\/uploads\/2013\/10\/saxicolarubetra-300x300.jpg 300w, http:\/\/life-eislek.eu\/wp-content\/uploads\/2013\/10\/saxicolarubetra-150x150.jpg 150w\" sizes=\"auto, (max-width: 700px) 100vw, 700px\" \/><strong><\/strong><\/p>\n<p><b>Traits caract\u00e9ristiques\u00a0:<\/b><\/p>\n<ul>\n<li><b>Taille<\/b>: 12-14cm<\/li>\n<li><b>Poids<\/b>: 15-24 g<\/li>\n<li><b>Nourriture<\/b>: Insectes, Araign\u00e9es,\u00a0 graines et baies \u00e0 la fin de l\u2019\u00e9t\u00e9<\/li>\n<li><b>Habitat<\/b>: prairies extensives, prairies humides, jach\u00e8res<\/li>\n<li><b>Ponte<\/b>: 4-7 \u0152ufs<\/li>\n<li><b>Temps de couvaison<\/b>: 11-15 jours<\/li>\n<li><b>Temps d\u2019\u00e9levage des nidicoles<\/b>: 11-14 jours<\/li>\n<li><b>\u00c2ge<\/b>: 6-8 ans<\/li>\n<li><b>Pr\u00e9dateurs<\/b>: Renards, Martres, Chats domestiques, Hommes<\/li>\n<\/ul>\n<p><b>Description\u00a0:<\/b><\/p>\n<p>Le tarier des pr\u00e9s est plus petit qu\u2019un moineau et poss\u00e8de un croupion et des caudales plus courtes et plus compactes. Sur le dessus, le plumage est tr\u00e8s contrast\u00e9, tachet\u00e9 de brun et de noir, tandis que la gorge et le flanc de la poitrine sont de couleur orange. En p\u00e9riode de reproduction, le m\u00e2le est facilement identifiable par son masque marron fonc\u00e9 et sa bande sourcili\u00e8re blanche et les bandes blanches au niveau des scapulaires et des primaires. D\u2019une mani\u00e8re g\u00e9n\u00e9rale, les femelles, et les jeunes oiseaux ont leur plumage color\u00e9 plus sobrement.<\/p>\n<p><b>Aire de r\u00e9partition\u00a0:<\/b><\/p>\n<p>L\u00b4aire de nidification du tarier des pr\u00e9s s\u00b4\u00e9tend \u00e0 travers toute l\u2019Europe, jusqu\u2019en Asie centrale. Au Luxembourg, cette esp\u00e8ce anciennement fortement r\u00e9pandue, est consid\u00e9r\u00e9e comme \u00e9teinte en tant que oiseau nicheur. Les zones humides et mar\u00e9cageuses de l\u2019Oesling \u00e9taient ses derniers endroits de refuge dans le pays. L\u2019oiseau passe l\u2019hiver dans les savanes d\u2019Afrique, au sud du Sahara. Actuellement on peut observer l\u00b4oiseau au Luxembourg uniquement lors de sa migration.<\/p>\n<p><img loading=\"lazy\" decoding=\"async\" class=\"aligncenter size-full wp-image-82\" alt=\"bk schema mikis\" src=\"http:\/\/life-eislek.eu\/wp-content\/uploads\/2013\/10\/bk-schema-mikis.png\" width=\"1348\" height=\"166\" srcset=\"http:\/\/life-eislek.eu\/wp-content\/uploads\/2013\/10\/bk-schema-mikis.png 1348w, http:\/\/life-eislek.eu\/wp-content\/uploads\/2013\/10\/bk-schema-mikis-300x37.png 300w, http:\/\/life-eislek.eu\/wp-content\/uploads\/2013\/10\/bk-schema-mikis-1024x126.png 1024w, http:\/\/life-eislek.eu\/wp-content\/uploads\/2013\/10\/bk-schema-mikis-768x95.png 768w, http:\/\/life-eislek.eu\/wp-content\/uploads\/2013\/10\/bk-schema-mikis-500x61.png 500w\" sizes=\"auto, (max-width: 1348px) 100vw, 1348px\" \/><\/p>\n<p><b>Habitat\u00a0:<\/b><\/p>\n<p>Le tarier des pr\u00e9s est un habitant typique des paysages ouverts et se reproduit de pr\u00e9f\u00e9rence dans des zones humides extensives, ou des zones mar\u00e9cageuses et jach\u00e8res humides abandonn\u00e9es. La structure du paysage joue un r\u00f4le primordial dans son cycle de reproduction puisqu\u2019il \u00e9tablit son nid dans les herbes hautes au sol, mais a \u00e9galement besoin de poste de guet surplombant cette v\u00e9g\u00e9tation pour la chasse, et pour d\u00e9limiter son territoire. (vivaces hautes, buissons, piquets, etc.) Perch\u00e9, et bien en vue, il chante pour prot\u00e9ger son p\u00e9rim\u00e8tre.<\/p>\n<p><b>Nourriture\u00a0: <\/b><\/p>\n<p>Insectes, araign\u00e9es et petits escargots constituent la base du r\u00e9gime alimentaire du tarier des pr\u00e9s, c\u2019est pour cela qu\u2019il s\u2019installe toujours \u00e0 proximit\u00e9 de prairies diversifi\u00e9es et fleurissant durant toute la p\u00e9riode de reproduction afin d\u2019avoir, ainsi, une quantit\u00e9 d\u2019insectes abondante pour la chasse. Il guette les insectes \u00e0 partir d\u2019un poste sur\u00e9lev\u00e9 et les attrape au vol ou au sol. A la fin de l\u2019\u00e9t\u00e9, le tarier des pr\u00e9s se nourrit parfois de baies et de graines.<\/p>\n<p><b>Menaces\u00a0:<\/b><\/p>\n<p>La perte de l\u2019habitat due \u00e0 l\u2019intensification de l\u2019agriculture est la raison majeure de diminution drastique des effectifs de cet oiseau. Par drainage, ass\u00e8chement des zones humides, par construction et utilisation agriculture intensive des sols, cet oiseau qui se reproduit au sol voit ses aires de reproduction et de nutrition, diminuer comme une peau de chagrin et se voit chasser de ses espaces de vie. Il lui est de plus en plus difficile d\u2019\u00e9lever ces oisillons \u00e0 maturit\u00e9, car les nids au sol sont souvent d\u00e9truits \u00e0 cause des fauchages pr\u00e9coces et r\u00e9p\u00e9t\u00e9s de l\u2019agriculture intensive. De plus, cette agriculture qui rend le paysage monotone et d\u00e9pourvu de sources de nutrition a un impact n\u00e9gatif \u00e9galement pour les oiseaux lors de leur migration.<\/p>\n<!-- AddThis Advanced Settings generic via filter on the_content --><!-- AddThis Share Buttons generic via filter on the_content -->","protected":false},"excerpt":{"rendered":"<p>Traits caract\u00e9ristiques\u00a0: Taille: 12-14cm Poids: 15-24 g Nourriture: Insectes, Araign\u00e9es,\u00a0 graines et baies \u00e0 la fin de l\u2019\u00e9t\u00e9 Habitat: prairies extensives, prairies humides, jach\u00e8res Ponte: 4-7 \u0152ufs Temps de couvaison: 11-15 jours Temps d\u2019\u00e9levage des nidicoles: 11-14 jours \u00c2ge: 6-8 ans Pr\u00e9dateurs: Renards, Martres, Chats domestiques, Hommes Description\u00a0: Le tarier des pr\u00e9s est plus petit [&hellip;]<!-- AddThis Advanced Settings generic via filter on get_the_excerpt --><!-- AddThis Share Buttons generic via filter on get_the_excerpt --><\/p>\n","protected":false},"author":2,"featured_media":0,"parent":31,"menu_order":0,"comment_status":"closed","ping_status":"closed","template":"","meta":{"footnotes":""},"class_list":["post-34","page","type-page","status-publish","hentry"],"_links":{"self":[{"href":"http:\/\/life-eislek.eu\/fr\/wp-json\/wp\/v2\/pages\/34","targetHints":{"allow":["GET"]}}],"collection":[{"href":"http:\/\/life-eislek.eu\/fr\/wp-json\/wp\/v2\/pages"}],"about":[{"href":"http:\/\/life-eislek.eu\/fr\/wp-json\/wp\/v2\/types\/page"}],"author":[{"embeddable":true,"href":"http:\/\/life-eislek.eu\/fr\/wp-json\/wp\/v2\/users\/2"}],"replies":[{"embeddable":true,"href":"http:\/\/life-eislek.eu\/fr\/wp-json\/wp\/v2\/comments?post=34"}],"version-history":[{"count":12,"href":"http:\/\/life-eislek.eu\/fr\/wp-json\/wp\/v2\/pages\/34\/revisions"}],"predecessor-version":[{"id":897,"href":"http:\/\/life-eislek.eu\/fr\/wp-json\/wp\/v2\/pages\/34\/revisions\/897"}],"up":[{"embeddable":true,"href":"http:\/\/life-eislek.eu\/fr\/wp-json\/wp\/v2\/pages\/31"}],"wp:attachment":[{"href":"http:\/\/life-eislek.eu\/fr\/wp-json\/wp\/v2\/media?parent=34"}],"curies":[{"name":"wp","href":"https:\/\/api.w.org\/{rel}","templated":true}]}}