{"id":36,"date":"2013-10-28T10:45:52","date_gmt":"2013-10-28T10:45:52","guid":{"rendered":"http:\/\/life-eislek.eu\/?page_id=36"},"modified":"2014-02-04T15:38:15","modified_gmt":"2014-02-04T14:38:15","slug":"neuntoter-lanius-collurio","status":"publish","type":"page","link":"http:\/\/life-eislek.eu\/fr\/die-zielarten\/neuntoter-lanius-collurio\/","title":{"rendered":"La pie-gri\u00e8che \u00e9corcheur (Lanius collurio)"},"content":{"rendered":"<p><\/p>\n<p style=\"text-align: center;\"><strong><img loading=\"lazy\" decoding=\"async\" class=\"size-full wp-image-744 aligncenter\" style=\"border: 0px;\" alt=\"lanius\" src=\"http:\/\/life-eislek.eu\/wp-content\/uploads\/2013\/10\/lanius.jpg\" width=\"700\" height=\"700\" srcset=\"http:\/\/life-eislek.eu\/wp-content\/uploads\/2013\/10\/lanius.jpg 700w, http:\/\/life-eislek.eu\/wp-content\/uploads\/2013\/10\/lanius-300x300.jpg 300w, http:\/\/life-eislek.eu\/wp-content\/uploads\/2013\/10\/lanius-150x150.jpg 150w\" sizes=\"auto, (max-width: 700px) 100vw, 700px\" \/><\/strong><\/p>\n<p><strong>Traits caract\u00e9ristiques:<\/strong><\/p>\n<ul>\n<li><strong>Taille<\/strong>: 16-18 cm<\/li>\n<li><b>Poids<\/b>: 18-40 g<\/li>\n<li><b>Nourriture<\/b>: insectes, araign\u00e9es, rongeurs, petits reptiles<\/li>\n<li><b>Habitat<\/b>: P\u00e2tures, vergers, jach\u00e8res humides, clairi\u00e8res<\/li>\n<li><b>Ponte<\/b>: 4-7 \u0152ufs<\/li>\n<li><b>Temps de couvaison<\/b>: 14-16 jours<\/li>\n<li><b>Temps d\u2019\u00e9levage des nidicoles<\/b>: 12-14 jours<\/li>\n<li><b>Age<\/b>: 6-8 ans<\/li>\n<li><b>Pr\u00e9dateurs<\/b>: Epervier, Martre, Pie, Hommes<\/li>\n<\/ul>\n<p><b>Description\u00a0:<\/b><\/p>\n<p>La pie-gri\u00e8che \u00e9corcheur a environ la taille d\u2019un moineau mais poss\u00e8de un bec l\u00e9g\u00e8rement crochu typique de la famille des <a href=\"http:\/\/fr.wikipedia.org\/wiki\/Laniidae\" target=\"_blank\">Laniid\u00e9s<\/a>. Le dimorphisme sexuel est tr\u00e8s prononc\u00e9, les femelles et les m\u00e2les se distinguent facilement par leur plumage\u00a0; \u00a0les m\u00e2les ont un masque noir net et une robe de couleur plus vive, avec une calotte et une nuque grise, et un manteau de couleur rouge-brun oppos\u00e9 \u00e0 une poitrine et gorge cr\u00e8me voire blanche. Les femelles, elles, sont de couleur plus uniforme, elles ont le dessus rouge-brun, et le dessous de couleur cr\u00e8me gris\u00e2tre et macul\u00e9 de petits croissants sombres. Les juv\u00e9niles ressemblent aux femelles, mais sont tachet\u00e9s de bandes plus prononc\u00e9es.<\/p>\n<p><b>Aire de r\u00e9partition\u00a0:<\/b><\/p>\n<p>L\u2019aire de r\u00e9partition de la pie-gri\u00e8che s\u2019\u00e9tend quasiment sur toute l\u2019Europe. Au Luxembourg, elle appara\u00eet dans tout le pays, mais \u00e9vite tout de m\u00eame les grands massifs forestiers et les villes. En tant qu\u2019oiseau migrateur, il passe les mois d\u2019hiver en Afrique de l\u2019ouest et en Afrique du sud.<\/p>\n<p>&nbsp;<\/p>\n<p><img loading=\"lazy\" decoding=\"async\" class=\"aligncenter size-full wp-image-83\" alt=\"neunt\u00f6ter schema mikis\" src=\"http:\/\/life-eislek.eu\/wp-content\/uploads\/2013\/10\/neunt\u00f6ter-schema-mikis.png\" width=\"1349\" height=\"166\" srcset=\"http:\/\/life-eislek.eu\/wp-content\/uploads\/2013\/10\/neunt\u00f6ter-schema-mikis.png 1349w, http:\/\/life-eislek.eu\/wp-content\/uploads\/2013\/10\/neunt\u00f6ter-schema-mikis-300x36.png 300w, http:\/\/life-eislek.eu\/wp-content\/uploads\/2013\/10\/neunt\u00f6ter-schema-mikis-1024x126.png 1024w, http:\/\/life-eislek.eu\/wp-content\/uploads\/2013\/10\/neunt\u00f6ter-schema-mikis-500x61.png 500w\" sizes=\"auto, (max-width: 1349px) 100vw, 1349px\" \/><\/p>\n<p>&nbsp;<\/p>\n<p><b>Habitat\u00a0:<\/b><\/p>\n<p>La pie-gri\u00e8che \u00e9corcheur est un habitant typique des paysages bien structur\u00e9s ouverts ou semi-ouverts, entrecoup\u00e9s par beaucoup de buissons et de haies \u00e9pineuses. Il favorise les espaces de mosa\u00efques bien diff\u00e9renci\u00e9es \u00e0 parcellaire fin, des espaces utilis\u00e9s de mani\u00e8re extensifs et bien expos\u00e9s. Dans l\u2019Oesling, on le trouve essentiellement le long de jach\u00e8res humides et dans des coupes \u00e0 blanc \u00e0 proximit\u00e9 de p\u00e2tures ou de prairies de fauche. La pie-gri\u00e8che aime utiliser des postes de guet, lors de la chasse d\u2019insectes, et, pour surveiller son territoire de chasse, tels que des arbres, des buissons, et des piquets.<\/p>\n<p><b>Nourriture\u00a0:<\/b><\/p>\n<p>La nourriture de la pie-gri\u00e8che est tr\u00e8s diversifi\u00e9e\u00a0; les insectes g\u00e9ants tels que les col\u00e9opt\u00e8res, les libellules, les bourdons, les chenilles, mais aussi\u00a0; les petits rongeurs, les l\u00e9zards et autres petits vert\u00e9br\u00e9s font partie de son alimentation de base. Les pies gri\u00e8ches sont des chasseurs-guetteurs qui pistent leurs proies \u00e0 partir d\u2019un observatoire et les attrapent en repliant leurs ailes rapidement pour plonger. Une fois attrap\u00e9e, la proie est emmen\u00e9e sur le perchoir pour \u00eatre d\u00e9vor\u00e9e, ou, pour des proies plus grandes, cet oiseau a la particularit\u00e9 de se constituer une r\u00e9serve alimentaire en les empalant sur des buissons \u00e9pineux en vu de p\u00e9riodes plus d\u00e9favorables. Cette particularit\u00e9, de se faire de vrais garde-mangers sur les \u00e9pines d\u2019un buisson, lui vaut son surnom d\u2019\u00e9corcheur.<\/p>\n<p><b>Menaces\u00a0:<\/b><\/p>\n<p>Par l\u2019intensification de l\u2019agriculture, les effectifs de population de pie-gri\u00e8che \u00e9corcheur ont subi des pertes importantes. Pour am\u00e9liorer les rendements \u00e0 l\u2019aide de plus grandes machines, les buissons et autres touffes de ligneux sont supprim\u00e9s et les parcelles \u00e9largies. Les espaces verts, autrefois utilis\u00e9s de mani\u00e8re extensive, deviennent des prairies de fauches intensives ou des labours. L\u2019utilisation de pesticides et d\u2019engrais fait que le nombre d\u2019insectes a diminu\u00e9 consid\u00e9rablement, donc les proies d\u2019oiseaux se rar\u00e9fient. De plus, les espaces verts en p\u00e9riph\u00e9rie d\u2019agglom\u00e9ration, autrefois bien structur\u00e9s, avec des vergers et des jardins, se voient aujourd\u2019hui \u00e9galement dispara\u00eetre \u00e0 la faveur de nouvelles constructions.<\/p>\n<!-- AddThis Advanced Settings generic via filter on the_content --><!-- AddThis Share Buttons generic via filter on the_content -->","protected":false},"excerpt":{"rendered":"<p>Traits caract\u00e9ristiques: Taille: 16-18 cm Poids: 18-40 g Nourriture: insectes, araign\u00e9es, rongeurs, petits reptiles Habitat: P\u00e2tures, vergers, jach\u00e8res humides, clairi\u00e8res Ponte: 4-7 \u0152ufs Temps de couvaison: 14-16 jours Temps d\u2019\u00e9levage des nidicoles: 12-14 jours Age: 6-8 ans Pr\u00e9dateurs: Epervier, Martre, Pie, Hommes Description\u00a0: La pie-gri\u00e8che \u00e9corcheur a environ la taille d\u2019un moineau mais poss\u00e8de un [&hellip;]<!-- AddThis Advanced Settings generic via filter on get_the_excerpt --><!-- AddThis Share Buttons generic via filter on get_the_excerpt --><\/p>\n","protected":false},"author":2,"featured_media":0,"parent":31,"menu_order":0,"comment_status":"closed","ping_status":"closed","template":"","meta":{"footnotes":""},"class_list":["post-36","page","type-page","status-publish","hentry"],"_links":{"self":[{"href":"http:\/\/life-eislek.eu\/fr\/wp-json\/wp\/v2\/pages\/36","targetHints":{"allow":["GET"]}}],"collection":[{"href":"http:\/\/life-eislek.eu\/fr\/wp-json\/wp\/v2\/pages"}],"about":[{"href":"http:\/\/life-eislek.eu\/fr\/wp-json\/wp\/v2\/types\/page"}],"author":[{"embeddable":true,"href":"http:\/\/life-eislek.eu\/fr\/wp-json\/wp\/v2\/users\/2"}],"replies":[{"embeddable":true,"href":"http:\/\/life-eislek.eu\/fr\/wp-json\/wp\/v2\/comments?post=36"}],"version-history":[{"count":14,"href":"http:\/\/life-eislek.eu\/fr\/wp-json\/wp\/v2\/pages\/36\/revisions"}],"predecessor-version":[{"id":900,"href":"http:\/\/life-eislek.eu\/fr\/wp-json\/wp\/v2\/pages\/36\/revisions\/900"}],"up":[{"embeddable":true,"href":"http:\/\/life-eislek.eu\/fr\/wp-json\/wp\/v2\/pages\/31"}],"wp:attachment":[{"href":"http:\/\/life-eislek.eu\/fr\/wp-json\/wp\/v2\/media?parent=36"}],"curies":[{"name":"wp","href":"https:\/\/api.w.org\/{rel}","templated":true}]}}