{"id":516,"date":"2013-10-30T23:24:57","date_gmt":"2013-10-30T22:24:57","guid":{"rendered":"http:\/\/life-eislek.eu\/?page_id=516"},"modified":"2014-02-03T18:25:27","modified_gmt":"2014-02-03T17:25:27","slug":"gefahren","status":"publish","type":"page","link":"http:\/\/life-eislek.eu\/fr\/gefahren\/","title":{"rendered":"Menaces"},"content":{"rendered":"<p>Les paysages agraires ont subi de fortes pressions et modifications au cours de ce dernier si\u00e8cle. La mise en culture d\u2019anciennes friches et zones humides ou mar\u00e9cageuses a conduit \u00e0 un recul de l\u2019habitat pour les trois esp\u00e8ces phares de ce projet et a \u00e9galement r\u00e9duit la connectivit\u00e9 entre leurs populations.<\/p>\n<p>Les pressions les plus importantes pour les esp\u00e8ces cibles de ce projet sont\u00a0:<\/p>\n<ul>\n<li>Les modifications hydriques des zones humides des sources et des plaines alluviales<\/li>\n<\/ul>\n<p><a href=\"http:\/\/life-eislek.eu\/wp-content\/uploads\/2013\/10\/Modifications-hydriques-des-prairies-humides-Hydrologische-Ver\u00e4nderungen-des-Feuchtgr\u00fcnlandes-3.jpg\"><img loading=\"lazy\" decoding=\"async\" class=\"size-thumbnail wp-image-555 aligncenter\" alt=\"Modifications hydriques des prairies humides - Hydrologische Ver\u00e4nderungen des Feuchtgr\u00fcnlandes 3\" src=\"http:\/\/life-eislek.eu\/wp-content\/uploads\/2013\/10\/Modifications-hydriques-des-prairies-humides-Hydrologische-Ver\u00e4nderungen-des-Feuchtgr\u00fcnlandes-3-150x150.jpg\" width=\"150\" height=\"150\" \/><\/a><\/p>\n<ul>\n<li>Les plantations artificielles et massives d\u2019\u00e9pic\u00e9a en plaine alluviale<\/li>\n<\/ul>\n<p style=\"text-align: center;\"><a href=\"http:\/\/life-eislek.eu\/wp-content\/uploads\/2013\/10\/CIMG4161.jpg\"><img loading=\"lazy\" decoding=\"async\" class=\"size-thumbnail wp-image-554\" alt=\"CIMG4161\" src=\"http:\/\/life-eislek.eu\/wp-content\/uploads\/2013\/10\/CIMG4161-150x150.jpg\" width=\"150\" height=\"150\" \/><\/a><\/p>\n<ul>\n<li>L\u2019homog\u00e9n\u00e9isation des paysages agraires<\/li>\n<\/ul>\n<p><a href=\"http:\/\/life-eislek.eu\/wp-content\/uploads\/2013\/10\/Banalisation-des-paysages-3.jpg\"><img loading=\"lazy\" decoding=\"async\" class=\"size-thumbnail wp-image-553 aligncenter\" alt=\"Banalisation des paysages 3\" src=\"http:\/\/life-eislek.eu\/wp-content\/uploads\/2013\/10\/Banalisation-des-paysages-3-150x150.jpg\" width=\"150\" height=\"150\" \/><\/a><\/p>\n<p>La mise en culture des prairies de fauche m\u00e9sophiles et des prairies extensives a un impact majeur sur les esp\u00e8ces phares de ce projet. Voici un exemple-type le long du ruisseau \u2018Brakelsbaach\u2019. Il y a 10 ans, les trois esp\u00e8ces \u00e9taient enregistr\u00e9es simultan\u00e9ment sur ce lieu car elles y trouvaient toutes les trois leur habitat sp\u00e9cifique\u00a0:<\/p>\n<div id=\"attachment_382\" style=\"width: 310px\" class=\"wp-caption alignleft\"><a href=\"http:\/\/life-eislek.eu\/wp-content\/uploads\/2013\/10\/Brakelslay.jpg\"><img loading=\"lazy\" decoding=\"async\" aria-describedby=\"caption-attachment-382\" class=\"size-medium wp-image-382\" alt=\"Brakelslay\" src=\"http:\/\/life-eislek.eu\/wp-content\/uploads\/2013\/10\/Brakelslay-300x225.jpg\" width=\"300\" height=\"225\" srcset=\"http:\/\/life-eislek.eu\/wp-content\/uploads\/2013\/10\/Brakelslay-300x225.jpg 300w, http:\/\/life-eislek.eu\/wp-content\/uploads\/2013\/10\/Brakelslay-768x576.jpg 768w, http:\/\/life-eislek.eu\/wp-content\/uploads\/2013\/10\/Brakelslay-400x300.jpg 400w, http:\/\/life-eislek.eu\/wp-content\/uploads\/2013\/10\/Brakelslay.jpg 1024w\" sizes=\"auto, (max-width: 300px) 100vw, 300px\" \/><\/a><p id=\"caption-attachment-382\" class=\"wp-caption-text\">Situation 2007<\/p><\/div>\n<p><div id=\"attachment_395\" style=\"width: 310px\" class=\"wp-caption alignleft\"><a href=\"http:\/\/life-eislek.eu\/wp-content\/uploads\/2013\/10\/Brakelsapres.jpg\"><img loading=\"lazy\" decoding=\"async\" aria-describedby=\"caption-attachment-395\" class=\"size-medium wp-image-395\" alt=\"Brakelsapres\" src=\"http:\/\/life-eislek.eu\/wp-content\/uploads\/2013\/10\/Brakelsapres-300x225.jpg\" width=\"300\" height=\"225\" srcset=\"http:\/\/life-eislek.eu\/wp-content\/uploads\/2013\/10\/Brakelsapres-300x225.jpg 300w, http:\/\/life-eislek.eu\/wp-content\/uploads\/2013\/10\/Brakelsapres-768x576.jpg 768w, http:\/\/life-eislek.eu\/wp-content\/uploads\/2013\/10\/Brakelsapres-400x300.jpg 400w, http:\/\/life-eislek.eu\/wp-content\/uploads\/2013\/10\/Brakelsapres.jpg 1024w\" sizes=\"auto, (max-width: 300px) 100vw, 300px\" \/><\/a><p id=\"caption-attachment-395\" class=\"wp-caption-text\">Situation 2013<\/p><\/div><\/p>\n<!-- AddThis Advanced Settings generic via filter on the_content --><!-- AddThis Share Buttons generic via filter on the_content -->","protected":false},"excerpt":{"rendered":"<p>Les paysages agraires ont subi de fortes pressions et modifications au cours de ce dernier si\u00e8cle. La mise en culture d\u2019anciennes friches et zones humides ou mar\u00e9cageuses a conduit \u00e0 un recul de l\u2019habitat pour les trois esp\u00e8ces phares de ce projet et a \u00e9galement r\u00e9duit la connectivit\u00e9 entre leurs populations. Les pressions les plus [&hellip;]<!-- AddThis Advanced Settings generic via filter on get_the_excerpt --><!-- AddThis Share Buttons generic via filter on get_the_excerpt --><\/p>\n","protected":false},"author":2,"featured_media":0,"parent":0,"menu_order":0,"comment_status":"closed","ping_status":"closed","template":"","meta":{"footnotes":""},"class_list":["post-516","page","type-page","status-publish","hentry"],"_links":{"self":[{"href":"http:\/\/life-eislek.eu\/fr\/wp-json\/wp\/v2\/pages\/516","targetHints":{"allow":["GET"]}}],"collection":[{"href":"http:\/\/life-eislek.eu\/fr\/wp-json\/wp\/v2\/pages"}],"about":[{"href":"http:\/\/life-eislek.eu\/fr\/wp-json\/wp\/v2\/types\/page"}],"author":[{"embeddable":true,"href":"http:\/\/life-eislek.eu\/fr\/wp-json\/wp\/v2\/users\/2"}],"replies":[{"embeddable":true,"href":"http:\/\/life-eislek.eu\/fr\/wp-json\/wp\/v2\/comments?post=516"}],"version-history":[{"count":7,"href":"http:\/\/life-eislek.eu\/fr\/wp-json\/wp\/v2\/pages\/516\/revisions"}],"predecessor-version":[{"id":922,"href":"http:\/\/life-eislek.eu\/fr\/wp-json\/wp\/v2\/pages\/516\/revisions\/922"}],"wp:attachment":[{"href":"http:\/\/life-eislek.eu\/fr\/wp-json\/wp\/v2\/media?parent=516"}],"curies":[{"name":"wp","href":"https:\/\/api.w.org\/{rel}","templated":true}]}}