{"id":54,"date":"2013-10-28T13:09:59","date_gmt":"2013-10-28T13:09:59","guid":{"rendered":"http:\/\/life-eislek.eu\/?page_id=54"},"modified":"2013-10-30T19:05:08","modified_gmt":"2013-10-30T18:05:08","slug":"o-troisvierges","status":"publish","type":"page","link":"http:\/\/life-eislek.eu\/fr\/uebersicht\/vogelschutzgebiete\/o-troisvierges\/","title":{"rendered":"O-Troisvierges"},"content":{"rendered":"<p><strong>LU0002001:\u00a0<strong>Vall\u00e9e de la Woltz et affluents de la source \u00e0 Troisvierges<\/strong><\/strong><\/p>\n<p><strong><a href=\"http:\/\/life-eislek.eu\/wp-content\/uploads\/2013\/10\/Binder1_Page_06.jpg\"><img loading=\"lazy\" decoding=\"async\" class=\"aligncenter size-medium wp-image-245\" alt=\"Binder1_Page_06\" src=\"http:\/\/life-eislek.eu\/wp-content\/uploads\/2013\/10\/Binder1_Page_06-212x300.jpg\" width=\"212\" height=\"300\" srcset=\"http:\/\/life-eislek.eu\/wp-content\/uploads\/2013\/10\/Binder1_Page_06-212x300.jpg 212w, http:\/\/life-eislek.eu\/wp-content\/uploads\/2013\/10\/Binder1_Page_06-724x1024.jpg 724w, http:\/\/life-eislek.eu\/wp-content\/uploads\/2013\/10\/Binder1_Page_06-768x1087.jpg 768w, http:\/\/life-eislek.eu\/wp-content\/uploads\/2013\/10\/Binder1_Page_06.jpg 827w\" sizes=\"auto, (max-width: 212px) 100vw, 212px\" \/><\/a><\/strong><\/p>\n<p>Dieses Vogelschutzgebiet umgreift das Tal der Woltz und seine Nebenb\u00e4che von der Quelle bis zum Ort Troisvierges, auf einer Fl\u00e4che von 1261.10 Hektar. Es besteht weitgehend aus landwirtschaftlichen Nutzfl\u00e4chen, darunter haupts\u00e4chlich mesophilen M\u00e4hwiesen (37%) und Ackerland (36%). Die Fl\u00e4chen des Ackerlandes nahmen seit 1997 um rund 10% zu, welches von einer gewissen Intensivierung der Landwirtschaft zeugt.<\/p>\n<p>Die f\u00fcr die Ardenner-Hochebene typischen Feuchtwiesen und Wasserfl\u00e4chen stellen die Hauptcharakteristika des Gebietes dar. Gepr\u00e4gt von einem undurchl\u00e4ssigen Untergrund, in welchem das Wasser nur langsam infiltriert, besitzt dieses Gebiet eine hohe Anzahl von Feuchtgebieten, Feuchtbrachen, Moore, Weiher und sonstigen Wasserfl\u00e4chen.<\/p>\n<p>25% der Beobachtungen zwischen 1996 und 2007 des Braunkehlchens wurden in diesem NATURA 2000 Gebiet festgestellt.<\/p>\n<p>W\u00e4hrend der Brutsaison 2011 wurden nicht weniger als 11 Paare des Neunt\u00f6ters hier festgestellt.<\/p>\n<p><a href=\"http:\/\/life-eislek.eu\/wp-content\/uploads\/2013\/10\/cropped-O-Troisvierges.jpg\"><img loading=\"lazy\" decoding=\"async\" class=\"alignleft size-thumbnail wp-image-438\" alt=\"cropped-O-Troisvierges.jpg\" src=\"http:\/\/life-eislek.eu\/wp-content\/uploads\/2013\/10\/cropped-O-Troisvierges-150x150.jpg\" width=\"150\" height=\"150\" \/><\/a><a href=\"http:\/\/life-eislek.eu\/wp-content\/uploads\/2013\/10\/O-Troisvierges-Fooschtbaach-Neim\u00e4rder.jpg\"><img loading=\"lazy\" decoding=\"async\" class=\"alignleft size-thumbnail wp-image-353\" alt=\"O-Troisvierges-Fooschtbaach Neim\u00e4rder\" src=\"http:\/\/life-eislek.eu\/wp-content\/uploads\/2013\/10\/O-Troisvierges-Fooschtbaach-Neim\u00e4rder-150x150.jpg\" width=\"150\" height=\"150\" \/> <\/a><a href=\"http:\/\/life-eislek.eu\/wp-content\/uploads\/2013\/10\/Rittefenn.jpg\"><img loading=\"lazy\" decoding=\"async\" class=\"alignleft size-thumbnail wp-image-442\" alt=\"Rittefenn\" src=\"http:\/\/life-eislek.eu\/wp-content\/uploads\/2013\/10\/Rittefenn-150x150.jpg\" width=\"150\" height=\"150\" \/><\/a><\/p>\n<!-- AddThis Advanced Settings generic via filter on the_content --><!-- AddThis Share Buttons generic via filter on the_content -->","protected":false},"excerpt":{"rendered":"<p>LU0002001:\u00a0Vall\u00e9e de la Woltz et affluents de la source \u00e0 Troisvierges Dieses Vogelschutzgebiet umgreift das Tal der Woltz und seine Nebenb\u00e4che von der Quelle bis zum Ort Troisvierges, auf einer Fl\u00e4che von 1261.10 Hektar. Es besteht weitgehend aus landwirtschaftlichen Nutzfl\u00e4chen, darunter haupts\u00e4chlich mesophilen M\u00e4hwiesen (37%) und Ackerland (36%). Die Fl\u00e4chen des Ackerlandes nahmen seit 1997 [&hellip;]<!-- AddThis Advanced Settings generic via filter on get_the_excerpt --><!-- AddThis Share Buttons generic via filter on get_the_excerpt --><\/p>\n","protected":false},"author":2,"featured_media":0,"parent":148,"menu_order":0,"comment_status":"closed","ping_status":"closed","template":"","meta":{"footnotes":""},"class_list":["post-54","page","type-page","status-publish","hentry"],"_links":{"self":[{"href":"http:\/\/life-eislek.eu\/fr\/wp-json\/wp\/v2\/pages\/54","targetHints":{"allow":["GET"]}}],"collection":[{"href":"http:\/\/life-eislek.eu\/fr\/wp-json\/wp\/v2\/pages"}],"about":[{"href":"http:\/\/life-eislek.eu\/fr\/wp-json\/wp\/v2\/types\/page"}],"author":[{"embeddable":true,"href":"http:\/\/life-eislek.eu\/fr\/wp-json\/wp\/v2\/users\/2"}],"replies":[{"embeddable":true,"href":"http:\/\/life-eislek.eu\/fr\/wp-json\/wp\/v2\/comments?post=54"}],"version-history":[{"count":7,"href":"http:\/\/life-eislek.eu\/fr\/wp-json\/wp\/v2\/pages\/54\/revisions"}],"predecessor-version":[{"id":446,"href":"http:\/\/life-eislek.eu\/fr\/wp-json\/wp\/v2\/pages\/54\/revisions\/446"}],"up":[{"embeddable":true,"href":"http:\/\/life-eislek.eu\/fr\/wp-json\/wp\/v2\/pages\/148"}],"wp:attachment":[{"href":"http:\/\/life-eislek.eu\/fr\/wp-json\/wp\/v2\/media?parent=54"}],"curies":[{"name":"wp","href":"https:\/\/api.w.org\/{rel}","templated":true}]}}