{"id":57,"date":"2013-10-28T13:09:41","date_gmt":"2013-10-28T13:09:41","guid":{"rendered":"http:\/\/life-eislek.eu\/?page_id=57"},"modified":"2013-10-30T22:49:38","modified_gmt":"2013-10-30T21:49:38","slug":"conzefenn","status":"publish","type":"page","link":"http:\/\/life-eislek.eu\/fr\/uebersicht\/habitatschutzgebiete\/conzefenn\/","title":{"rendered":"CONZEFENN &#8211; Wilwerdange &#8211; Conzefenn LU0001033"},"content":{"rendered":"<p>CONZEFENN ist ein Gebiet von 93.48 Hektar gelegen zwischen den Projektgebieten O-TROISVIERGES und OUR. Gr\u00f6sstenteils aus Wald bestehend, bieten seine Feuchtwiesen und Brachen nichtsdestotrotz einen Trittstein zwischen den beiden Flusseinzugsgebieten der Woltz und der Our.<\/p>\n<p><a href=\"http:\/\/life-eislek.eu\/wp-content\/uploads\/2013\/10\/Binder1_Page_03.jpg\"><img loading=\"lazy\" decoding=\"async\" class=\"alignleft size-large wp-image-251\" alt=\"Binder1_Page_03\" src=\"http:\/\/life-eislek.eu\/wp-content\/uploads\/2013\/10\/Binder1_Page_03-723x1024.jpg\" width=\"584\" height=\"827\" \/><\/a><\/p>\n<p>Der Kailsbach formiert sich aus zwei Quellb\u00e4chen, die das Gebiet strukturieren. Der n\u00f6rdlichere Bach besteht aus Moorbirkenbruchw\u00e4ldern mit Torfmoosbest\u00e4nden, der s\u00fcdlichere Bach aus Restbest\u00e4nden eines typischen Ardenner-Borstgrasrasen mit Begleitflur. Am Zusammenfluss der beiden B\u00e4che bieten Feuchtbrachen R\u00fcckzugsr\u00e4ume f\u00fcr zahlreiche Falter-Arten, wie z.B. auch \u00a0f\u00fcr den\u00a0Braunfleckigen Perlmutterfalter\u00a0(<i>Boloria selene<\/i>).<\/p>\n<p><a href=\"http:\/\/life-eislek.eu\/wp-content\/uploads\/2013\/10\/P1050828.jpg\"><img loading=\"lazy\" decoding=\"async\" class=\"alignleft size-thumbnail wp-image-499\" alt=\"P1050828\" src=\"http:\/\/life-eislek.eu\/wp-content\/uploads\/2013\/10\/P1050828-150x150.jpg\" width=\"150\" height=\"150\" \/><\/a><a href=\"http:\/\/life-eislek.eu\/wp-content\/uploads\/2013\/10\/Conzefenn-Arnika.jpg\"><img loading=\"lazy\" decoding=\"async\" class=\"alignleft size-thumbnail wp-image-434\" alt=\"Conzefenn - Arnika\" src=\"http:\/\/life-eislek.eu\/wp-content\/uploads\/2013\/10\/Conzefenn-Arnika-150x150.jpg\" width=\"150\" height=\"150\" \/><\/a><a href=\"http:\/\/life-eislek.eu\/wp-content\/uploads\/2013\/10\/Conzefenn1.jpg\"><img loading=\"lazy\" decoding=\"async\" class=\"alignleft size-thumbnail wp-image-386\" alt=\"Conzefenn1\" src=\"http:\/\/life-eislek.eu\/wp-content\/uploads\/2013\/10\/Conzefenn1-150x150.jpg\" width=\"150\" height=\"150\" \/><\/a><\/p>\n<p>&nbsp;<\/p>\n<!-- AddThis Advanced Settings generic via filter on the_content --><!-- AddThis Share Buttons generic via filter on the_content -->","protected":false},"excerpt":{"rendered":"<p>CONZEFENN ist ein Gebiet von 93.48 Hektar gelegen zwischen den Projektgebieten O-TROISVIERGES und OUR. Gr\u00f6sstenteils aus Wald bestehend, bieten seine Feuchtwiesen und Brachen nichtsdestotrotz einen Trittstein zwischen den beiden Flusseinzugsgebieten der Woltz und der Our. Der Kailsbach formiert sich aus zwei Quellb\u00e4chen, die das Gebiet strukturieren. Der n\u00f6rdlichere Bach besteht aus Moorbirkenbruchw\u00e4ldern mit Torfmoosbest\u00e4nden, der [&hellip;]<!-- AddThis Advanced Settings generic via filter on get_the_excerpt --><!-- AddThis Share Buttons generic via filter on get_the_excerpt --><\/p>\n","protected":false},"author":2,"featured_media":0,"parent":150,"menu_order":0,"comment_status":"closed","ping_status":"closed","template":"","meta":{"footnotes":""},"class_list":["post-57","page","type-page","status-publish","hentry"],"_links":{"self":[{"href":"http:\/\/life-eislek.eu\/fr\/wp-json\/wp\/v2\/pages\/57","targetHints":{"allow":["GET"]}}],"collection":[{"href":"http:\/\/life-eislek.eu\/fr\/wp-json\/wp\/v2\/pages"}],"about":[{"href":"http:\/\/life-eislek.eu\/fr\/wp-json\/wp\/v2\/types\/page"}],"author":[{"embeddable":true,"href":"http:\/\/life-eislek.eu\/fr\/wp-json\/wp\/v2\/users\/2"}],"replies":[{"embeddable":true,"href":"http:\/\/life-eislek.eu\/fr\/wp-json\/wp\/v2\/comments?post=57"}],"version-history":[{"count":6,"href":"http:\/\/life-eislek.eu\/fr\/wp-json\/wp\/v2\/pages\/57\/revisions"}],"predecessor-version":[{"id":501,"href":"http:\/\/life-eislek.eu\/fr\/wp-json\/wp\/v2\/pages\/57\/revisions\/501"}],"up":[{"embeddable":true,"href":"http:\/\/life-eislek.eu\/fr\/wp-json\/wp\/v2\/pages\/150"}],"wp:attachment":[{"href":"http:\/\/life-eislek.eu\/fr\/wp-json\/wp\/v2\/media?parent=57"}],"curies":[{"name":"wp","href":"https:\/\/api.w.org\/{rel}","templated":true}]}}