{"id":59,"date":"2013-10-28T13:10:12","date_gmt":"2013-10-28T13:10:12","guid":{"rendered":"http:\/\/life-eislek.eu\/?page_id=59"},"modified":"2013-10-30T22:14:47","modified_gmt":"2013-10-30T21:14:47","slug":"sporbach","status":"publish","type":"page","link":"http:\/\/life-eislek.eu\/fr\/uebersicht\/habitatschutzgebiete\/sporbach\/","title":{"rendered":"SPORBAACH &#8211; Troine\/hOffelt &#8211; Sporbaach LU0001043"},"content":{"rendered":"<p>SPORBAACH ist ein 67 Hektar grosses Gebiet zwischen Troine und Hoffelt welches ganz in O-WINCRNAGE enthalten ist. Es besteht aus landwirtschaftlichen Fl\u00e4chen rund um ein Quellgebiet mit Moorbirkenbruchw\u00e4lder und Torfmoosbest\u00e4nden.<\/p>\n<p><a href=\"http:\/\/life-eislek.eu\/wp-content\/uploads\/2013\/10\/Binder1_Page_09.jpg\"><img loading=\"lazy\" decoding=\"async\" class=\"alignleft size-large wp-image-241\" alt=\"Binder1_Page_09\" src=\"http:\/\/life-eislek.eu\/wp-content\/uploads\/2013\/10\/Binder1_Page_09-723x1024.jpg\" width=\"584\" height=\"827\" \/><\/a><\/p>\n<p>Restbest\u00e4nde eines typischen Ardenner-Borstgrasrasen mit Begleitflur bilden ein weiteres Highlight dieses Gebietes und zugleich ein Hotspot des Vorkommens des blauschillernden Feuerfalters in Luxemburg.<\/p>\n<p><a href=\"http:\/\/life-eislek.eu\/wp-content\/uploads\/2013\/10\/26-6-visite-simone-schneider-kalle-gessner.jpg\"><img loading=\"lazy\" decoding=\"async\" class=\"alignleft size-thumbnail wp-image-279\" alt=\"26 6 visite simone schneider kalle gessner\" src=\"http:\/\/life-eislek.eu\/wp-content\/uploads\/2013\/10\/26-6-visite-simone-schneider-kalle-gessner-150x150.jpg\" width=\"150\" height=\"150\" \/><\/a><a href=\"http:\/\/life-eislek.eu\/wp-content\/uploads\/2013\/10\/IMG_6110.jpg\"><img loading=\"lazy\" decoding=\"async\" class=\"alignleft size-thumbnail wp-image-486\" alt=\"IMG_6110\" src=\"http:\/\/life-eislek.eu\/wp-content\/uploads\/2013\/10\/IMG_6110-150x150.jpg\" width=\"150\" height=\"150\" \/><\/a> <a href=\"http:\/\/life-eislek.eu\/wp-content\/uploads\/2013\/10\/IMG_6120.jpg\"><img loading=\"lazy\" decoding=\"async\" class=\"alignleft size-thumbnail wp-image-487\" alt=\"IMG_6120\" src=\"http:\/\/life-eislek.eu\/wp-content\/uploads\/2013\/10\/IMG_6120-150x150.jpg\" width=\"150\" height=\"150\" \/><\/a><\/p>\n<!-- AddThis Advanced Settings generic via filter on the_content --><!-- AddThis Share Buttons generic via filter on the_content -->","protected":false},"excerpt":{"rendered":"<p>SPORBAACH ist ein 67 Hektar grosses Gebiet zwischen Troine und Hoffelt welches ganz in O-WINCRNAGE enthalten ist. Es besteht aus landwirtschaftlichen Fl\u00e4chen rund um ein Quellgebiet mit Moorbirkenbruchw\u00e4lder und Torfmoosbest\u00e4nden. Restbest\u00e4nde eines typischen Ardenner-Borstgrasrasen mit Begleitflur bilden ein weiteres Highlight dieses Gebietes und zugleich ein Hotspot des Vorkommens des blauschillernden Feuerfalters in Luxemburg.<!-- AddThis Advanced Settings generic via filter on get_the_excerpt --><!-- AddThis Share Buttons generic via filter on get_the_excerpt --><\/p>\n","protected":false},"author":2,"featured_media":0,"parent":150,"menu_order":0,"comment_status":"closed","ping_status":"closed","template":"","meta":{"footnotes":""},"class_list":["post-59","page","type-page","status-publish","hentry"],"_links":{"self":[{"href":"http:\/\/life-eislek.eu\/fr\/wp-json\/wp\/v2\/pages\/59","targetHints":{"allow":["GET"]}}],"collection":[{"href":"http:\/\/life-eislek.eu\/fr\/wp-json\/wp\/v2\/pages"}],"about":[{"href":"http:\/\/life-eislek.eu\/fr\/wp-json\/wp\/v2\/types\/page"}],"author":[{"embeddable":true,"href":"http:\/\/life-eislek.eu\/fr\/wp-json\/wp\/v2\/users\/2"}],"replies":[{"embeddable":true,"href":"http:\/\/life-eislek.eu\/fr\/wp-json\/wp\/v2\/comments?post=59"}],"version-history":[{"count":4,"href":"http:\/\/life-eislek.eu\/fr\/wp-json\/wp\/v2\/pages\/59\/revisions"}],"predecessor-version":[{"id":489,"href":"http:\/\/life-eislek.eu\/fr\/wp-json\/wp\/v2\/pages\/59\/revisions\/489"}],"up":[{"embeddable":true,"href":"http:\/\/life-eislek.eu\/fr\/wp-json\/wp\/v2\/pages\/150"}],"wp:attachment":[{"href":"http:\/\/life-eislek.eu\/fr\/wp-json\/wp\/v2\/media?parent=59"}],"curies":[{"name":"wp","href":"https:\/\/api.w.org\/{rel}","templated":true}]}}