{"id":63,"date":"2013-10-28T13:10:31","date_gmt":"2013-10-28T13:10:31","guid":{"rendered":"http:\/\/life-eislek.eu\/?page_id=63"},"modified":"2013-10-30T22:59:31","modified_gmt":"2013-10-30T21:59:31","slug":"cornelysmillen","status":"publish","type":"page","link":"http:\/\/life-eislek.eu\/fr\/uebersicht\/habitatschutzgebiete\/cornelysmillen\/","title":{"rendered":"CORNELYSMILLEN &#8211; Troisvierges &#8211; Cornelysmillen LU0001038"},"content":{"rendered":"<p>Ganz im Gebiet O-TROISVIERGES enthalten, umfasst CORNELYSMILLEN auf 305.16 Hektar die wichtigsten Feuchtgebiete des Eislek-Plateau n\u00f6rdlich von Troisvierges.<\/p>\n<p><a href=\"http:\/\/life-eislek.eu\/wp-content\/uploads\/2013\/10\/Binder1_Page_04.jpg\"><img loading=\"lazy\" decoding=\"async\" class=\"alignleft size-large wp-image-252\" alt=\"Binder1_Page_04\" src=\"http:\/\/life-eislek.eu\/wp-content\/uploads\/2013\/10\/Binder1_Page_04-723x1024.jpg\" width=\"584\" height=\"827\" \/><\/a><\/p>\n<p>In diesem Projektgebiet befindet sich die gr\u00f6sste zusammenh\u00e4ngende und kommunizierende Population des blauschillernden Feuerfalter, haupts\u00e4chlich entlang der Woltz und deren gr\u00f6sstem Nebenlauf, die Stauwelsbaach, und in den 3 Nebenb\u00e4chen an der belgisch-luxemburgischen Grenze : Klingelbaach, Weierbaach und Renkebaach.<\/p>\n<p><a href=\"http:\/\/life-eislek.eu\/wp-content\/uploads\/2013\/10\/KlengelbaachJPG.jpg\"><img loading=\"lazy\" decoding=\"async\" class=\"alignleft size-thumbnail wp-image-431\" alt=\"KlengelbaachJPG\" src=\"http:\/\/life-eislek.eu\/wp-content\/uploads\/2013\/10\/KlengelbaachJPG-150x150.jpg\" width=\"150\" height=\"150\" \/><a href=\"http:\/\/life-eislek.eu\/wp-content\/uploads\/2013\/10\/Cornelysmillen.jpg\"><img loading=\"lazy\" decoding=\"async\" class=\"alignleft size-thumbnail wp-image-429\" alt=\"Cornelysmillen\" src=\"http:\/\/life-eislek.eu\/wp-content\/uploads\/2013\/10\/Cornelysmillen-150x150.jpg\" width=\"150\" height=\"150\" \/><\/a><a href=\"http:\/\/life-eislek.eu\/wp-content\/uploads\/2013\/10\/Cornelysmillen-Auf-der-Woltz.jpg\"><img loading=\"lazy\" decoding=\"async\" class=\"alignleft size-thumbnail wp-image-503\" alt=\"Cornelysmillen Auf der Woltz\" src=\"http:\/\/life-eislek.eu\/wp-content\/uploads\/2013\/10\/Cornelysmillen-Auf-der-Woltz-150x150.jpg\" width=\"150\" height=\"150\" \/><\/a><\/a><\/p>\n<!-- AddThis Advanced Settings generic via filter on the_content --><!-- AddThis Share Buttons generic via filter on the_content -->","protected":false},"excerpt":{"rendered":"<p>Ganz im Gebiet O-TROISVIERGES enthalten, umfasst CORNELYSMILLEN auf 305.16 Hektar die wichtigsten Feuchtgebiete des Eislek-Plateau n\u00f6rdlich von Troisvierges. In diesem Projektgebiet befindet sich die gr\u00f6sste zusammenh\u00e4ngende und kommunizierende Population des blauschillernden Feuerfalter, haupts\u00e4chlich entlang der Woltz und deren gr\u00f6sstem Nebenlauf, die Stauwelsbaach, und in den 3 Nebenb\u00e4chen an der belgisch-luxemburgischen Grenze : Klingelbaach, Weierbaach und [&hellip;]<!-- AddThis Advanced Settings generic via filter on get_the_excerpt --><!-- AddThis Share Buttons generic via filter on get_the_excerpt --><\/p>\n","protected":false},"author":2,"featured_media":0,"parent":150,"menu_order":0,"comment_status":"closed","ping_status":"closed","template":"","meta":{"footnotes":""},"class_list":["post-63","page","type-page","status-publish","hentry"],"_links":{"self":[{"href":"http:\/\/life-eislek.eu\/fr\/wp-json\/wp\/v2\/pages\/63","targetHints":{"allow":["GET"]}}],"collection":[{"href":"http:\/\/life-eislek.eu\/fr\/wp-json\/wp\/v2\/pages"}],"about":[{"href":"http:\/\/life-eislek.eu\/fr\/wp-json\/wp\/v2\/types\/page"}],"author":[{"embeddable":true,"href":"http:\/\/life-eislek.eu\/fr\/wp-json\/wp\/v2\/users\/2"}],"replies":[{"embeddable":true,"href":"http:\/\/life-eislek.eu\/fr\/wp-json\/wp\/v2\/comments?post=63"}],"version-history":[{"count":3,"href":"http:\/\/life-eislek.eu\/fr\/wp-json\/wp\/v2\/pages\/63\/revisions"}],"predecessor-version":[{"id":504,"href":"http:\/\/life-eislek.eu\/fr\/wp-json\/wp\/v2\/pages\/63\/revisions\/504"}],"up":[{"embeddable":true,"href":"http:\/\/life-eislek.eu\/fr\/wp-json\/wp\/v2\/pages\/150"}],"wp:attachment":[{"href":"http:\/\/life-eislek.eu\/fr\/wp-json\/wp\/v2\/media?parent=63"}],"curies":[{"name":"wp","href":"https:\/\/api.w.org\/{rel}","templated":true}]}}