{"id":8,"date":"2013-02-27T11:08:31","date_gmt":"2013-02-27T11:08:31","guid":{"rendered":"http:\/\/life-eislek.eu\/?page_id=8"},"modified":"2014-08-27T13:46:21","modified_gmt":"2014-08-27T11:46:21","slug":"contact","status":"publish","type":"page","link":"http:\/\/life-eislek.eu\/fr\/contact\/","title":{"rendered":"Contact &#038; Liens"},"content":{"rendered":"<p><span><strong>natur&amp;\u00ebmwelt<\/strong><\/span><\/p>\n<div>Antenne Nord<\/div>\n<div>2, Kierchestrooss<\/div>\n<div>L-9753\u00a0Heinerscheid T\u00e9l.: +352 26 90 81 27 1 ou Fax: +352 26 90 81 27 33<\/div>\n<div>\n<ul>\n<li><img loading=\"lazy\" decoding=\"async\" alt=\"Equipe virum Kleine Helle\" src=\"http:\/\/life-eislek.eu\/wp-content\/uploads\/2013\/10\/Equipe-virum-Kleine-Helle-189x300.jpg\" width=\"189\" height=\"300\" \/><\/li>\n<\/ul>\n<div>\n<div>\u00a0(de droite \u00e0\u00a0gauche )<\/div>\n<ul>\n<li>Mikis Bastian (natur&amp;\u00ebmwelt asbl)<\/li>\n<li>Mireille Molitor (natur&amp;\u00ebmwelt \u2013 Fondation H\u00ebllef fir d\u2019Natur)<\/li>\n<li>Claude Schiltz (natur&amp;\u00ebmwelt \u2013 Fondation H\u00ebllef fir d\u2019Natur)<\/li>\n<li>Patricia Heinen (natur&amp;\u00ebmwelt \u2013 Fondation H\u00ebllef fir d\u2019Natur) (manque sur la photo)<\/li>\n<\/ul>\n<\/div>\n<div><span style=\"color: #008080;\"><strong>CNDS-Naturaarbechten<\/strong><\/span><\/div>\n<div>Jans Marc 1, Elwenterstrooss L-9946 Binsfeld T\u00e9l.: +352 26 90 80 99 ou T\u00e9l.: +352 621 35 27 10 naturaarbechten@cnds.lu<\/div>\n<p><strong>Autres site internet int\u00e9ressants<\/strong> <a href=\"http:\/\/www.life-papillons.eu\">Life Papillons<\/a>\u00a0: Projet de protection de 3 esp\u00e8ces de papillon et de leurs habitats en Belgique Le projet <a href=\"www.unio.lu\" target=\"_blank\">Life Unio<\/a> est d\u00e9di\u00e9 \u00e0 la sauvegarde des deux derni\u00e8res populations de mulettes \u00e9paisses du Luxembourg qui ont surv\u00e9cu dans les rivi\u00e8res de l\u2019Our et de la S\u00fbre, et consiste en la pr\u00e9servation et \u00e0 la restauration de leurs habitats. <a href=\"http:\/\/www.moehne-life.de\">Life M\u00f6hne<\/a>:\u00a0Un projet Life qui a pour objectif l\u2019am\u00e9lioration de la zone prot\u00e9g\u00e9e flore-faune-habitat (zones FFH) de la vall\u00e9e sup\u00e9rieure et interm\u00e9diaire de la M\u00f6hne. <em><strong>Remerciements\u00a0<\/strong>:<\/em> <em>Robert Wagener pour les prises de vues a\u00e9riennes de Troivierges.<\/em> <em>Mario Cordella, Gilles Biver, Tom Conzemius, Raymond Gloden pour la mise \u00e0 disposition de photos ornithologiques.<\/em><\/div>\n<p><\/p>\n<!-- AddThis Advanced Settings generic via filter on the_content --><!-- AddThis Share Buttons generic via filter on the_content -->","protected":false},"excerpt":{"rendered":"<p>natur&amp;\u00ebmwelt Antenne Nord 2, Kierchestrooss L-9753\u00a0Heinerscheid T\u00e9l.: +352 26 90 81 27 1 ou Fax: +352 26 90 81 27 33 \u00a0(de droite \u00e0\u00a0gauche ) Mikis Bastian (natur&amp;\u00ebmwelt asbl) Mireille Molitor (natur&amp;\u00ebmwelt \u2013 Fondation H\u00ebllef fir d\u2019Natur) Claude Schiltz (natur&amp;\u00ebmwelt \u2013 Fondation H\u00ebllef fir d\u2019Natur) Patricia Heinen (natur&amp;\u00ebmwelt \u2013 Fondation H\u00ebllef fir d\u2019Natur) (manque sur [&hellip;]<!-- AddThis Advanced Settings generic via filter on get_the_excerpt --><!-- AddThis Share Buttons generic via filter on get_the_excerpt --><\/p>\n","protected":false},"author":2,"featured_media":0,"parent":0,"menu_order":0,"comment_status":"open","ping_status":"open","template":"","meta":{"footnotes":""},"class_list":["post-8","page","type-page","status-publish","hentry"],"_links":{"self":[{"href":"http:\/\/life-eislek.eu\/fr\/wp-json\/wp\/v2\/pages\/8","targetHints":{"allow":["GET"]}}],"collection":[{"href":"http:\/\/life-eislek.eu\/fr\/wp-json\/wp\/v2\/pages"}],"about":[{"href":"http:\/\/life-eislek.eu\/fr\/wp-json\/wp\/v2\/types\/page"}],"author":[{"embeddable":true,"href":"http:\/\/life-eislek.eu\/fr\/wp-json\/wp\/v2\/users\/2"}],"replies":[{"embeddable":true,"href":"http:\/\/life-eislek.eu\/fr\/wp-json\/wp\/v2\/comments?post=8"}],"version-history":[{"count":49,"href":"http:\/\/life-eislek.eu\/fr\/wp-json\/wp\/v2\/pages\/8\/revisions"}],"predecessor-version":[{"id":1210,"href":"http:\/\/life-eislek.eu\/fr\/wp-json\/wp\/v2\/pages\/8\/revisions\/1210"}],"wp:attachment":[{"href":"http:\/\/life-eislek.eu\/fr\/wp-json\/wp\/v2\/media?parent=8"}],"curies":[{"name":"wp","href":"https:\/\/api.w.org\/{rel}","templated":true}]}}