{"id":118,"date":"2013-10-28T12:54:28","date_gmt":"2013-10-28T11:54:28","guid":{"rendered":"http:\/\/life-eislek.eu\/?page_id=118"},"modified":"2014-02-03T18:31:57","modified_gmt":"2014-02-03T17:31:57","slug":"uebersicht","status":"publish","type":"page","link":"https:\/\/life-eislek.eu\/fr\/uebersicht\/","title":{"rendered":"Aper\u00e7u"},"content":{"rendered":"<p>Toutes les zones de projet se situent au nord du Luxembourg, on compte 2 zones prot\u00e9g\u00e9es par la <a href=\"http:\/\/ec.europa.eu\/environment\/nature\/natura2000\/sites_birds\/index_en.htm\" target=\"_blank\">directive oiseaux <b>(NATURA 2000 ZPS) <\/b><\/a>et 9 zones prot\u00e9g\u00e9es par la <a href=\"http:\/\/ec.europa.eu\/environment\/nature\/legislation\/habitatsdirective\/index_en.htm\" target=\"_blank\">directive habitats <b>(NATURA 2000 ZSC)<\/b><\/a>.<\/p>\n<p><a href=\"http:\/\/life-eislek.eu\/wp-content\/uploads\/2013\/10\/Carte-de-la-situation-dans-le-pays1.jpg\"><img loading=\"lazy\" decoding=\"async\" class=\"aligncenter size-large wp-image-199\" alt=\"Carte de la situation dans le pays\" src=\"http:\/\/life-eislek.eu\/wp-content\/uploads\/2013\/10\/Carte-de-la-situation-dans-le-pays1-791x1024.jpg\" width=\"584\" height=\"756\" srcset=\"https:\/\/life-eislek.eu\/wp-content\/uploads\/2013\/10\/Carte-de-la-situation-dans-le-pays1-791x1024.jpg 791w, https:\/\/life-eislek.eu\/wp-content\/uploads\/2013\/10\/Carte-de-la-situation-dans-le-pays1-232x300.jpg 232w, https:\/\/life-eislek.eu\/wp-content\/uploads\/2013\/10\/Carte-de-la-situation-dans-le-pays1-768x994.jpg 768w, https:\/\/life-eislek.eu\/wp-content\/uploads\/2013\/10\/Carte-de-la-situation-dans-le-pays1-1187x1536.jpg 1187w, https:\/\/life-eislek.eu\/wp-content\/uploads\/2013\/10\/Carte-de-la-situation-dans-le-pays1-1583x2048.jpg 1583w, https:\/\/life-eislek.eu\/wp-content\/uploads\/2013\/10\/Carte-de-la-situation-dans-le-pays1-231x300.jpg 231w, https:\/\/life-eislek.eu\/wp-content\/uploads\/2013\/10\/Carte-de-la-situation-dans-le-pays1-scaled.jpg 1978w\" sizes=\"auto, (max-width: 584px) 100vw, 584px\" \/><\/a><\/p>\n<!-- AddThis Advanced Settings generic via filter on the_content --><!-- AddThis Share Buttons generic via filter on the_content -->","protected":false},"excerpt":{"rendered":"<p>Toutes les zones de projet se situent au nord du Luxembourg, on compte 2 zones prot\u00e9g\u00e9es par la directive oiseaux (NATURA 2000 ZPS) et 9 zones prot\u00e9g\u00e9es par la directive habitats (NATURA 2000 ZSC).<!-- AddThis Advanced Settings generic via filter on get_the_excerpt --><!-- AddThis Share Buttons generic via filter on get_the_excerpt --><\/p>\n","protected":false},"author":2,"featured_media":0,"parent":0,"menu_order":0,"comment_status":"closed","ping_status":"closed","template":"","meta":{"footnotes":""},"class_list":["post-118","page","type-page","status-publish","hentry"],"_links":{"self":[{"href":"https:\/\/life-eislek.eu\/fr\/wp-json\/wp\/v2\/pages\/118","targetHints":{"allow":["GET"]}}],"collection":[{"href":"https:\/\/life-eislek.eu\/fr\/wp-json\/wp\/v2\/pages"}],"about":[{"href":"https:\/\/life-eislek.eu\/fr\/wp-json\/wp\/v2\/types\/page"}],"author":[{"embeddable":true,"href":"https:\/\/life-eislek.eu\/fr\/wp-json\/wp\/v2\/users\/2"}],"replies":[{"embeddable":true,"href":"https:\/\/life-eislek.eu\/fr\/wp-json\/wp\/v2\/comments?post=118"}],"version-history":[{"count":10,"href":"https:\/\/life-eislek.eu\/fr\/wp-json\/wp\/v2\/pages\/118\/revisions"}],"predecessor-version":[{"id":925,"href":"https:\/\/life-eislek.eu\/fr\/wp-json\/wp\/v2\/pages\/118\/revisions\/925"}],"wp:attachment":[{"href":"https:\/\/life-eislek.eu\/fr\/wp-json\/wp\/v2\/media?parent=118"}],"curies":[{"name":"wp","href":"https:\/\/api.w.org\/{rel}","templated":true}]}}