{"id":1352,"date":"2015-01-05T15:39:35","date_gmt":"2015-01-05T14:39:35","guid":{"rendered":"http:\/\/life-eislek.eu\/?page_id=1352"},"modified":"2017-06-20T09:15:26","modified_gmt":"2017-06-20T07:15:26","slug":"interlife","status":"publish","type":"page","link":"https:\/\/life-eislek.eu\/fr\/veroffentlichungen\/interlife\/","title":{"rendered":"Interlife"},"content":{"rendered":"<p><strong>Pr\u00e9sentations de l&rsquo;Interlife BeNeLux+ du 9 d\u00e9cembre 2014:<\/strong><\/p>\n<ul>\n<li>natur&amp;\u00ebmwelt Fondation H\u00ebllef fir d&rsquo;Natur, Georges Moes (LU)\u00a0<a href=\"http:\/\/life-eislek.eu\/wp-content\/uploads\/2015\/01\/LIFE-Orchis.pdf\">LIFE Orchis<\/a><\/li>\n<li>SICONA, Yves Schaack (LU)\u00a0<a href=\"http:\/\/life-eislek.eu\/wp-content\/uploads\/2015\/01\/LIFE-Grassland.pdf\">LIFE Grassland<\/a><\/li>\n<li>Natagora, Xavier Janssens (BE)\u00a0<a href=\"http:\/\/life-eislek.eu\/wp-content\/uploads\/2015\/01\/LIFE-Herbages.pdf\">LIFE Herbages<\/a><\/li>\n<li>Universit\u00e9 Fran\u00e7ois Rabelais de Tours, St\u00e9phane Rivi\u00e8re (FR) LIFE Grande Mulette<\/li>\n<li>Natuurmonumenten, Irma Wynhoff (NL)\u00a0<a href=\"http:\/\/life-eislek.eu\/wp-content\/uploads\/2015\/01\/LIFE-Blues-in-the-Marshes.pdf\">LIFE Blues in the Marshes<\/a><\/li>\n<li>Biologische Station St\u00e4dteRegion Aachen e.V., Bernhard Theissen (DE)\u00a0<a href=\"http:\/\/life-eislek.eu\/wp-content\/uploads\/2015\/01\/LIFE-Rur-unf-Kall-Fluvial-Habitats.pdf\">LIFE Rur und Kall &#8211; Fluvial Habitats<\/a><\/li>\n<li>Natagora, Thibaut Goret (BE)\u00a0<a href=\"http:\/\/life-eislek.eu\/wp-content\/uploads\/2015\/01\/LIFE-Prairies-bocag\u00e8res.pdf\">LIFE Prairies bocag\u00e8res<\/a><\/li>\n<li>Solon asbl, Jean-Fran\u00e7ois Godeaux (BE)\u00a0<a href=\"http:\/\/life-eislek.eu\/wp-content\/uploads\/2015\/01\/LIFE-Elia.pdf\">LIFE Elia<\/a><\/li>\n<li>Parc naturel r\u00e9gional du Morvan, Nicolas Garmiche (FR)\u00a0<a href=\"http:\/\/life-eislek.eu\/wp-content\/uploads\/2015\/01\/LIFE-Continuit\u00e9-\u00e9cologique.pdf\">LIFE Continuit\u00e9 \u00e9cologique<\/a><\/li>\n<li>Dienst Landelijk Gebied, Jeroen van Leijsen (NL)\u00a0<a href=\"http:\/\/life-eislek.eu\/wp-content\/uploads\/2015\/01\/LIFE-Peelvenen.pdf\">LIFE Peelvenen<\/a><\/li>\n<li>Natuurpunt (BE)\u00a0<a href=\"http:\/\/life-eislek.eu\/wp-content\/uploads\/2015\/01\/LIFE-Grote-Netewoud.pdf\">LIFE Grote Netewoud<\/a><\/li>\n<li>Province of Frysl\u00e2n, Cindy Groenewoud (NL)\u00a0<a href=\"http:\/\/life-eislek.eu\/wp-content\/uploads\/2015\/01\/LIFE-Alde-Feanen.pdf\">LIFE Alde Feanen<\/a><\/li>\n<\/ul>\n<!-- AddThis Advanced Settings generic via filter on the_content --><!-- AddThis Share Buttons generic via filter on the_content -->","protected":false},"excerpt":{"rendered":"<p>Pr\u00e9sentations de l&rsquo;Interlife BeNeLux+ du 9 d\u00e9cembre 2014: natur&amp;\u00ebmwelt Fondation H\u00ebllef fir d&rsquo;Natur, Georges Moes (LU)\u00a0LIFE Orchis SICONA, Yves Schaack (LU)\u00a0LIFE Grassland Natagora, Xavier Janssens (BE)\u00a0LIFE Herbages Universit\u00e9 Fran\u00e7ois Rabelais de Tours, St\u00e9phane Rivi\u00e8re (FR) LIFE Grande Mulette Natuurmonumenten, Irma Wynhoff (NL)\u00a0LIFE Blues in the Marshes Biologische Station St\u00e4dteRegion Aachen e.V., Bernhard Theissen (DE)\u00a0LIFE Rur [&hellip;]<!-- AddThis Advanced Settings generic via filter on get_the_excerpt --><!-- AddThis Share Buttons generic via filter on get_the_excerpt --><\/p>\n","protected":false},"author":2,"featured_media":0,"parent":125,"menu_order":4,"comment_status":"closed","ping_status":"closed","template":"","meta":{"footnotes":""},"class_list":["post-1352","page","type-page","status-publish","hentry"],"_links":{"self":[{"href":"https:\/\/life-eislek.eu\/fr\/wp-json\/wp\/v2\/pages\/1352","targetHints":{"allow":["GET"]}}],"collection":[{"href":"https:\/\/life-eislek.eu\/fr\/wp-json\/wp\/v2\/pages"}],"about":[{"href":"https:\/\/life-eislek.eu\/fr\/wp-json\/wp\/v2\/types\/page"}],"author":[{"embeddable":true,"href":"https:\/\/life-eislek.eu\/fr\/wp-json\/wp\/v2\/users\/2"}],"replies":[{"embeddable":true,"href":"https:\/\/life-eislek.eu\/fr\/wp-json\/wp\/v2\/comments?post=1352"}],"version-history":[{"count":14,"href":"https:\/\/life-eislek.eu\/fr\/wp-json\/wp\/v2\/pages\/1352\/revisions"}],"predecessor-version":[{"id":1387,"href":"https:\/\/life-eislek.eu\/fr\/wp-json\/wp\/v2\/pages\/1352\/revisions\/1387"}],"up":[{"embeddable":true,"href":"https:\/\/life-eislek.eu\/fr\/wp-json\/wp\/v2\/pages\/125"}],"wp:attachment":[{"href":"https:\/\/life-eislek.eu\/fr\/wp-json\/wp\/v2\/media?parent=1352"}],"curies":[{"name":"wp","href":"https:\/\/api.w.org\/{rel}","templated":true}]}}