{"id":138,"date":"2013-10-28T13:11:51","date_gmt":"2013-10-28T13:11:51","guid":{"rendered":"http:\/\/life-eislek.eu\/?page_id=138"},"modified":"2013-10-30T22:19:17","modified_gmt":"2013-10-30T21:19:17","slug":"tretterbaach","status":"publish","type":"page","link":"https:\/\/life-eislek.eu\/fr\/uebersicht\/habitatschutzgebiete\/tretterbaach\/","title":{"rendered":"WILTZ &#8211; Vall\u00e9e sup\u00e9rieure de la Wiltz LU0001005"},"content":{"rendered":"<p>Das Gebiet WILTZ folgt dem Bachlauf der Wiltz von der belgisch-luxemburgischen Grenze bis unterhalb von Winseler auf 186.63 Hektar und besteht aus 3 verschiedenen geomorphologischen Einheiten :<\/p>\n<ul>\n<li>ein breites wenig eingeschnittenes Tal mit landwirtschaftlich genutzten Fl\u00e4chen<\/li>\n<li>ein engeres, von W\u00e4ldern umgebener Abschnitt mit zahlreichen Fruchtbrachen, z.b. an der Schleifm\u00fchle<\/li>\n<li>ein breites m\u00e4andrierendes Flusstal bei Winseler<\/li>\n<\/ul>\n<p><a href=\"http:\/\/life-eislek.eu\/wp-content\/uploads\/2013\/10\/Binder1_Page_12.jpg\"><img loading=\"lazy\" decoding=\"async\" class=\"alignleft size-large wp-image-474\" alt=\"Binder1_Page_12\" src=\"http:\/\/life-eislek.eu\/wp-content\/uploads\/2013\/10\/Binder1_Page_12-723x1024.jpg\" width=\"584\" height=\"827\" \/><\/a><\/p>\n<p>Der mittlere Abschnitt beherbergt einige sehr wichtige Restbest\u00e4nde des blauschillernden Feuerfalter auf mehreren miteinander verbundenen Feuchtbrachen.<\/p>\n<p><a href=\"http:\/\/life-eislek.eu\/wp-content\/uploads\/2013\/10\/CIMG9404.jpg\"><img loading=\"lazy\" decoding=\"async\" class=\"alignleft size-thumbnail wp-image-476\" alt=\"CIMG9404\" src=\"http:\/\/life-eislek.eu\/wp-content\/uploads\/2013\/10\/CIMG9404-150x150.jpg\" width=\"150\" height=\"150\" \/><\/a><a href=\"http:\/\/life-eislek.eu\/wp-content\/uploads\/2013\/10\/CIMG6939.jpg\"><img loading=\"lazy\" decoding=\"async\" class=\"alignleft size-thumbnail wp-image-475\" alt=\"CIMG6939\" src=\"http:\/\/life-eislek.eu\/wp-content\/uploads\/2013\/10\/CIMG6939-150x150.jpg\" width=\"150\" height=\"150\" \/><\/a><a href=\"http:\/\/life-eislek.eu\/wp-content\/uploads\/2013\/10\/Wiltz1.jpg\"><img loading=\"lazy\" decoding=\"async\" class=\"alignleft size-thumbnail wp-image-477\" alt=\"Wiltz1\" src=\"http:\/\/life-eislek.eu\/wp-content\/uploads\/2013\/10\/Wiltz1-150x150.jpg\" width=\"150\" height=\"150\" \/><\/a><\/p>\n<!-- AddThis Advanced Settings generic via filter on the_content --><!-- AddThis Share Buttons generic via filter on the_content -->","protected":false},"excerpt":{"rendered":"<p>Das Gebiet WILTZ folgt dem Bachlauf der Wiltz von der belgisch-luxemburgischen Grenze bis unterhalb von Winseler auf 186.63 Hektar und besteht aus 3 verschiedenen geomorphologischen Einheiten : ein breites wenig eingeschnittenes Tal mit landwirtschaftlich genutzten Fl\u00e4chen ein engeres, von W\u00e4ldern umgebener Abschnitt mit zahlreichen Fruchtbrachen, z.b. an der Schleifm\u00fchle ein breites m\u00e4andrierendes Flusstal bei Winseler [&hellip;]<!-- AddThis Advanced Settings generic via filter on get_the_excerpt --><!-- AddThis Share Buttons generic via filter on get_the_excerpt --><\/p>\n","protected":false},"author":2,"featured_media":0,"parent":150,"menu_order":0,"comment_status":"closed","ping_status":"closed","template":"","meta":{"footnotes":""},"class_list":["post-138","page","type-page","status-publish","hentry"],"_links":{"self":[{"href":"https:\/\/life-eislek.eu\/fr\/wp-json\/wp\/v2\/pages\/138","targetHints":{"allow":["GET"]}}],"collection":[{"href":"https:\/\/life-eislek.eu\/fr\/wp-json\/wp\/v2\/pages"}],"about":[{"href":"https:\/\/life-eislek.eu\/fr\/wp-json\/wp\/v2\/types\/page"}],"author":[{"embeddable":true,"href":"https:\/\/life-eislek.eu\/fr\/wp-json\/wp\/v2\/users\/2"}],"replies":[{"embeddable":true,"href":"https:\/\/life-eislek.eu\/fr\/wp-json\/wp\/v2\/comments?post=138"}],"version-history":[{"count":6,"href":"https:\/\/life-eislek.eu\/fr\/wp-json\/wp\/v2\/pages\/138\/revisions"}],"predecessor-version":[{"id":494,"href":"https:\/\/life-eislek.eu\/fr\/wp-json\/wp\/v2\/pages\/138\/revisions\/494"}],"up":[{"embeddable":true,"href":"https:\/\/life-eislek.eu\/fr\/wp-json\/wp\/v2\/pages\/150"}],"wp:attachment":[{"href":"https:\/\/life-eislek.eu\/fr\/wp-json\/wp\/v2\/media?parent=138"}],"curies":[{"name":"wp","href":"https:\/\/api.w.org\/{rel}","templated":true}]}}