{"id":161,"date":"2013-10-28T13:29:27","date_gmt":"2013-10-28T13:29:27","guid":{"rendered":"http:\/\/life-eislek.eu\/?page_id=161"},"modified":"2014-02-03T17:46:48","modified_gmt":"2014-02-03T16:46:48","slug":"erwerb-von-grundstucken","status":"publish","type":"page","link":"https:\/\/life-eislek.eu\/fr\/aktionen\/erwerb-von-grundstucken\/","title":{"rendered":"Acquisitions de terrains"},"content":{"rendered":"<p><strong><strong>B.1 Achat de parcelles<\/strong><\/strong><\/p>\n<p><a href=\"http:\/\/life-eislek.eu\/wp-content\/uploads\/2013\/10\/LIFE-EISLEK-Breichen-HFn.jpg\"><img loading=\"lazy\" decoding=\"async\" class=\"alignleft size-medium wp-image-512\" alt=\"LIFE EISLEK Breichen HFn\" src=\"http:\/\/life-eislek.eu\/wp-content\/uploads\/2013\/10\/LIFE-EISLEK-Breichen-HFn-300x228.jpg\" width=\"300\" height=\"228\" \/><\/a><\/p>\n<p>Afin de mettre en place des mesures de protection efficaces et\/ou d\u2019effectuer des renaturations sur des parcelles enti\u00e8res (voir action C.1-7), l\u2019acquisition du terrain est souvent indispensable pour la mise en place des mesures. Cette acquisition pr\u00e9alable du terrain permet l\u2019exploitation de la parcelle de mani\u00e8re extensive et contribue \u00e0 \u00e9largir l\u2019habitat pour les esp\u00e8ces cibles du projet. Ainsi on freine la fragmentation des paysages et des habitats des esp\u00e8ces. De plus, ces espaces peuvent servir de tremplin (\u201cstepping stones\u201d) \u00e0 certaines esp\u00e8ces et les aider \u00e0 se r\u00e9tablir sur les territoires environnants, les parcelles peuvent servir de point de d\u00e9part ou de point de refuge pour la colonisation du milieu qui les entoure, et ont ainsi une fonction importante dans la conservation de ces esp\u00e8ces. Pour ces raisons, le projet Life Eislek a pour objectif ambitieux, l\u2019acquisition (par achat ou par location) de 30 hectares de terres au sein des 11 zones prot\u00e9g\u00e9es du <a href=\"http:\/\/ec.europa.eu\/environment\/nature\/natura2000\/\" target=\"_blank\">r\u00e9seau Natura2000<\/a> afin d\u2019y mettre en place toutes ces mesures de conservation (actions C.1-7).<\/p>\n<!-- AddThis Advanced Settings generic via filter on the_content --><!-- AddThis Share Buttons generic via filter on the_content -->","protected":false},"excerpt":{"rendered":"<p>B.1 Achat de parcelles Afin de mettre en place des mesures de protection efficaces et\/ou d\u2019effectuer des renaturations sur des parcelles enti\u00e8res (voir action C.1-7), l\u2019acquisition du terrain est souvent indispensable pour la mise en place des mesures. Cette acquisition pr\u00e9alable du terrain permet l\u2019exploitation de la parcelle de mani\u00e8re extensive et contribue \u00e0 \u00e9largir [&hellip;]<!-- AddThis Advanced Settings generic via filter on get_the_excerpt --><!-- AddThis Share Buttons generic via filter on get_the_excerpt --><\/p>\n","protected":false},"author":2,"featured_media":0,"parent":123,"menu_order":0,"comment_status":"closed","ping_status":"closed","template":"","meta":{"footnotes":""},"class_list":["post-161","page","type-page","status-publish","hentry"],"_links":{"self":[{"href":"https:\/\/life-eislek.eu\/fr\/wp-json\/wp\/v2\/pages\/161","targetHints":{"allow":["GET"]}}],"collection":[{"href":"https:\/\/life-eislek.eu\/fr\/wp-json\/wp\/v2\/pages"}],"about":[{"href":"https:\/\/life-eislek.eu\/fr\/wp-json\/wp\/v2\/types\/page"}],"author":[{"embeddable":true,"href":"https:\/\/life-eislek.eu\/fr\/wp-json\/wp\/v2\/users\/2"}],"replies":[{"embeddable":true,"href":"https:\/\/life-eislek.eu\/fr\/wp-json\/wp\/v2\/comments?post=161"}],"version-history":[{"count":5,"href":"https:\/\/life-eislek.eu\/fr\/wp-json\/wp\/v2\/pages\/161\/revisions"}],"predecessor-version":[{"id":906,"href":"https:\/\/life-eislek.eu\/fr\/wp-json\/wp\/v2\/pages\/161\/revisions\/906"}],"up":[{"embeddable":true,"href":"https:\/\/life-eislek.eu\/fr\/wp-json\/wp\/v2\/pages\/123"}],"wp:attachment":[{"href":"https:\/\/life-eislek.eu\/fr\/wp-json\/wp\/v2\/media?parent=161"}],"curies":[{"name":"wp","href":"https:\/\/api.w.org\/{rel}","templated":true}]}}