{"id":175,"date":"2013-10-28T15:03:38","date_gmt":"2013-10-28T15:03:38","guid":{"rendered":"http:\/\/life-eislek.eu\/?page_id=175"},"modified":"2014-02-03T18:04:46","modified_gmt":"2014-02-03T17:04:46","slug":"monitoring","status":"publish","type":"page","link":"https:\/\/life-eislek.eu\/fr\/aktionen\/monitoring\/","title":{"rendered":"Monitoring"},"content":{"rendered":"<p><strong>D.1 Suivi scientifique des trois esp\u00e8ces cibles<\/strong><\/p>\n<p>Au d\u00e9but du projet on r\u00e9pertorie syst\u00e9matiquement les trois esp\u00e8ces cibles du projet afin d\u2019estimer les densit\u00e9s de population pr\u00e9sentes sur la zone d\u2019\u00e9tude, et de d\u00e9finir les habitats particuli\u00e8rement menac\u00e9s pour prendre des mesures imm\u00e9diates sur les zones les plus sensibles. Au cours du projet, un suivi scientifique r\u00e9gulier aura lieu, afin de suivre les densit\u00e9s de population en fonction des restaurations ex\u00e9cut\u00e9es. Un soin particulier sera apport\u00e9 aux parcelles du projet Life Eislek sur lesquelles la pr\u00e9sence des esp\u00e8ces est prouv\u00e9e historiquement et o\u00f9 l\u2019on pense pouvoir restaurer l\u2019habitat en vue d\u2019une recolonisation. Ce suivi scientifique, et les donn\u00e9es qui en sont issues, permettent de mesurer et de quantifier le taux de r\u00e9ussite. En fonction des r\u00e9sultats, les mesures de restauration pourront \u00eatre adapt\u00e9es.<\/p>\n<p><a href=\"http:\/\/life-eislek.eu\/wp-content\/uploads\/2013\/10\/CIMG4939.jpg\"><img loading=\"lazy\" decoding=\"async\" class=\"alignleft size-thumbnail wp-image-564\" alt=\"CIMG4939\" src=\"http:\/\/life-eislek.eu\/wp-content\/uploads\/2013\/10\/CIMG4939-150x150.jpg\" width=\"150\" height=\"150\" \/><\/a> <a href=\"http:\/\/life-eislek.eu\/wp-content\/uploads\/2013\/10\/11.jpg\"><img loading=\"lazy\" decoding=\"async\" class=\"alignleft size-thumbnail wp-image-304\" alt=\"Monitoring der Zielarten\" src=\"http:\/\/life-eislek.eu\/wp-content\/uploads\/2013\/10\/11-150x150.jpg\" width=\"150\" height=\"150\" \/><\/a><\/p>\n<p><strong>D.2 Monitoring du plan de p\u00e2turage et de fauche<\/strong><\/p>\n<p>La mise en place de plans de fauche et de p\u00e2turage adapt\u00e9s aux exigences \u00e9cologiques des trois esp\u00e8ces cibles du projet sur 135 hectares de surfaces appartenant \u00e0 natur&amp;\u00ebmwelt \u2013 Fondation H\u00ebllef fir d\u2019Natur, servira \u00e0 l\u00b4am\u00e9lioration de l\u00b4\u00e9tat de conservation des habitats-types des trois esp\u00e8ces du projet. Afin de garantir le respect des plans \u00e9labor\u00e9s, les parcelles sont contr\u00f4l\u00e9es annuellement. Les insuffisances ou les probl\u00e8mes survenus pourront donc \u00eatre rapidement g\u00e9r\u00e9s et les plans adapt\u00e9s.<\/p>\n<p><a href=\"http:\/\/life-eislek.eu\/wp-content\/uploads\/2013\/10\/IMGP1470.jpg\"><img loading=\"lazy\" decoding=\"async\" class=\"alignleft size-thumbnail wp-image-569\" alt=\"IMGP1470\" src=\"http:\/\/life-eislek.eu\/wp-content\/uploads\/2013\/10\/IMGP1470-150x150.jpg\" width=\"150\" height=\"150\" \/><\/a> <a href=\"http:\/\/life-eislek.eu\/wp-content\/uploads\/2013\/10\/P1040710.jpg\"><img loading=\"lazy\" decoding=\"async\" class=\"alignleft size-thumbnail wp-image-567\" alt=\"P1040710\" src=\"http:\/\/life-eislek.eu\/wp-content\/uploads\/2013\/10\/P1040710-150x150.jpg\" width=\"150\" height=\"150\" \/><\/a><\/p>\n<p><strong>D.3 Evaluation des mesures de restauration des fonctions \u00e9cosyst\u00e9miques du milieu et de l\u2019impact socio-\u00e9conomique des mesures.<\/strong><\/p>\n<p>A cot\u00e9 des crit\u00e8res d\u00e9terminants pour les mesures de conservation de la nature, le projet Life Eislek s\u2019applique aussi \u00e0 analyser les services \u00e9cosyst\u00e9miques et les impacts socio-\u00e9conomiques de ces mesures et \u00e0 les quantifier. Cette \u00e9tude permet de tirer des conclusions sur l\u2019impact positif ou n\u00e9gatif de la restauration des services d\u2019un \u00e9cosyst\u00e8me r\u00e9tabli, et sur l\u2019impact de ces mesures sur la population des zones prot\u00e9g\u00e9es du r\u00e9seau Natura2000.<\/p>\n<!-- AddThis Advanced Settings generic via filter on the_content --><!-- AddThis Share Buttons generic via filter on the_content -->","protected":false},"excerpt":{"rendered":"<p>D.1 Suivi scientifique des trois esp\u00e8ces cibles Au d\u00e9but du projet on r\u00e9pertorie syst\u00e9matiquement les trois esp\u00e8ces cibles du projet afin d\u2019estimer les densit\u00e9s de population pr\u00e9sentes sur la zone d\u2019\u00e9tude, et de d\u00e9finir les habitats particuli\u00e8rement menac\u00e9s pour prendre des mesures imm\u00e9diates sur les zones les plus sensibles. Au cours du projet, un suivi [&hellip;]<!-- AddThis Advanced Settings generic via filter on get_the_excerpt --><!-- AddThis Share Buttons generic via filter on get_the_excerpt --><\/p>\n","protected":false},"author":2,"featured_media":0,"parent":123,"menu_order":0,"comment_status":"closed","ping_status":"closed","template":"","meta":{"footnotes":""},"class_list":["post-175","page","type-page","status-publish","hentry"],"_links":{"self":[{"href":"https:\/\/life-eislek.eu\/fr\/wp-json\/wp\/v2\/pages\/175","targetHints":{"allow":["GET"]}}],"collection":[{"href":"https:\/\/life-eislek.eu\/fr\/wp-json\/wp\/v2\/pages"}],"about":[{"href":"https:\/\/life-eislek.eu\/fr\/wp-json\/wp\/v2\/types\/page"}],"author":[{"embeddable":true,"href":"https:\/\/life-eislek.eu\/fr\/wp-json\/wp\/v2\/users\/2"}],"replies":[{"embeddable":true,"href":"https:\/\/life-eislek.eu\/fr\/wp-json\/wp\/v2\/comments?post=175"}],"version-history":[{"count":9,"href":"https:\/\/life-eislek.eu\/fr\/wp-json\/wp\/v2\/pages\/175\/revisions"}],"predecessor-version":[{"id":916,"href":"https:\/\/life-eislek.eu\/fr\/wp-json\/wp\/v2\/pages\/175\/revisions\/916"}],"up":[{"embeddable":true,"href":"https:\/\/life-eislek.eu\/fr\/wp-json\/wp\/v2\/pages\/123"}],"wp:attachment":[{"href":"https:\/\/life-eislek.eu\/fr\/wp-json\/wp\/v2\/media?parent=175"}],"curies":[{"name":"wp","href":"https:\/\/api.w.org\/{rel}","templated":true}]}}