{"id":1949,"date":"2017-06-12T16:27:55","date_gmt":"2017-06-12T14:27:55","guid":{"rendered":"http:\/\/life-eislek.eu\/?page_id=1949"},"modified":"2017-06-20T09:19:18","modified_gmt":"2017-06-20T07:19:18","slug":"abschlusskolloquium","status":"publish","type":"page","link":"https:\/\/life-eislek.eu\/fr\/veroffentlichungen\/abschlusskolloquium\/","title":{"rendered":"Abschlusskolloquium"},"content":{"rendered":"<p><strong>Pr\u00e9sentations du colloque final du 1 juin 2017:<\/strong><\/p>\n<ul>\n<li><a href=\"http:\/\/life-eislek.eu\/wp-content\/uploads\/2017\/06\/1_Riecken_Biotopverbund-in-Deutschland.pdf\">1_Riecken_Biotopverbund in Deutschland<\/a><\/li>\n<li><a href=\"http:\/\/life-eislek.eu\/wp-content\/uploads\/2017\/06\/2_Molitor_Das-LIFE-Eislek-Projekt.pdf\">2_Molitor_Das LIFE-Eislek Projekt<\/a><\/li>\n<li><a href=\"http:\/\/life-eislek.eu\/wp-content\/uploads\/2017\/06\/3_Bolowich_Ecosystem-services.pdf\">3_Bolowich_Ecosystem services<\/a><\/li>\n<li><a href=\"http:\/\/life-eislek.eu\/wp-content\/uploads\/2017\/06\/4_Reuter_Landwirtschaft-und-Biologische-Vielfalt.pdf\">4_Reuter_Landwirtschaft und Biologische Vielfalt<\/a><\/li>\n<li><a href=\"http:\/\/life-eislek.eu\/wp-content\/uploads\/2017\/06\/5_Bastian_Avifauna-des-LIFE-EIslek-Projekts.pdf\">5_Bastian_Avifauna des LIFE EIslek Projekts<\/a><\/li>\n<li><a href=\"http:\/\/life-eislek.eu\/wp-content\/uploads\/2017\/06\/6_Habel_Schmetterlingsbeobachtungen-\u00fcber-200-Jahre.pdf\">6_Habel_Schmetterlingsbeobachtungen \u00fcber 200 Jahre<\/a><\/li>\n<li><a href=\"http:\/\/life-eislek.eu\/wp-content\/uploads\/2017\/06\/7_Clemens_Monitoring-Schmetterlinge-LIFE-Eislek.pdf\">7_Clemens_Monitoring Schmetterlinge LIFE Eislek<\/a><\/li>\n<li><a href=\"http:\/\/life-eislek.eu\/wp-content\/uploads\/2017\/06\/8_Birrer_Bauern-f\u00f6rdern-Biodiversit\u00e4t.pdf\">8_Birrer_Bauern f\u00f6rdern Biodiversit\u00e4t<\/a><\/li>\n<li><a href=\"http:\/\/life-eislek.eu\/wp-content\/uploads\/2017\/06\/9_Bertemes_Beweidungsprojekt.pdf\">9_Bertemes_Beweidungsprojekt<\/a><\/li>\n<li><a href=\"http:\/\/life-eislek.eu\/wp-content\/uploads\/2017\/06\/10_Jans_Solidarwirtschaft.pdf\">10_Jans_Solidarwirtschaft<\/a><\/li>\n<li><a href=\"http:\/\/life-eislek.eu\/wp-content\/uploads\/2017\/06\/11_DenDoncker_Rem\u00e9andration-du-cours-d\u2018eau-de-la-Tr\u00ebtterbaach-\u00e0-L\u00e9resmillen.pdf\">11_DenDoncker_Rem\u00e9andration du cours d\u2018eau de la Tr\u00ebtterbaach \u00e0 L\u00e9resmillen<\/a><\/li>\n<\/ul>\n<!-- AddThis Advanced Settings generic via filter on the_content --><!-- AddThis Share Buttons generic via filter on the_content -->","protected":false},"excerpt":{"rendered":"<p>Pr\u00e9sentations du colloque final du 1 juin 2017: 1_Riecken_Biotopverbund in Deutschland 2_Molitor_Das LIFE-Eislek Projekt 3_Bolowich_Ecosystem services 4_Reuter_Landwirtschaft und Biologische Vielfalt 5_Bastian_Avifauna des LIFE EIslek Projekts 6_Habel_Schmetterlingsbeobachtungen \u00fcber 200 Jahre 7_Clemens_Monitoring Schmetterlinge LIFE Eislek 8_Birrer_Bauern f\u00f6rdern Biodiversit\u00e4t 9_Bertemes_Beweidungsprojekt 10_Jans_Solidarwirtschaft 11_DenDoncker_Rem\u00e9andration du cours d\u2018eau de la Tr\u00ebtterbaach \u00e0 L\u00e9resmillen<!-- AddThis Advanced Settings generic via filter on get_the_excerpt --><!-- AddThis Share Buttons generic via filter on get_the_excerpt --><\/p>\n","protected":false},"author":2,"featured_media":0,"parent":125,"menu_order":1,"comment_status":"closed","ping_status":"closed","template":"","meta":{"footnotes":""},"class_list":["post-1949","page","type-page","status-publish","hentry"],"_links":{"self":[{"href":"https:\/\/life-eislek.eu\/fr\/wp-json\/wp\/v2\/pages\/1949","targetHints":{"allow":["GET"]}}],"collection":[{"href":"https:\/\/life-eislek.eu\/fr\/wp-json\/wp\/v2\/pages"}],"about":[{"href":"https:\/\/life-eislek.eu\/fr\/wp-json\/wp\/v2\/types\/page"}],"author":[{"embeddable":true,"href":"https:\/\/life-eislek.eu\/fr\/wp-json\/wp\/v2\/users\/2"}],"replies":[{"embeddable":true,"href":"https:\/\/life-eislek.eu\/fr\/wp-json\/wp\/v2\/comments?post=1949"}],"version-history":[{"count":4,"href":"https:\/\/life-eislek.eu\/fr\/wp-json\/wp\/v2\/pages\/1949\/revisions"}],"predecessor-version":[{"id":1964,"href":"https:\/\/life-eislek.eu\/fr\/wp-json\/wp\/v2\/pages\/1949\/revisions\/1964"}],"up":[{"embeddable":true,"href":"https:\/\/life-eislek.eu\/fr\/wp-json\/wp\/v2\/pages\/125"}],"wp:attachment":[{"href":"https:\/\/life-eislek.eu\/fr\/wp-json\/wp\/v2\/media?parent=1949"}],"curies":[{"name":"wp","href":"https:\/\/api.w.org\/{rel}","templated":true}]}}