{"id":288,"date":"2013-10-29T16:21:14","date_gmt":"2013-10-29T15:21:14","guid":{"rendered":"http:\/\/life-eislek.eu\/?page_id=288"},"modified":"2014-02-04T15:18:01","modified_gmt":"2014-02-04T14:18:01","slug":"life-und-natura-2000","status":"publish","type":"page","link":"https:\/\/life-eislek.eu\/fr\/projekt\/life-und-natura-2000\/","title":{"rendered":"LIFE-Nature"},"content":{"rendered":"<p><\/p>\n<p style=\"text-align: center;\">\n<p style=\"text-align: center;\"><a href=\"http:\/\/ec.europa.eu\/environment\/life\/\" target=\"_blank\"><img loading=\"lazy\" decoding=\"async\" class=\"size-full wp-image-717 alignnone\" style=\"border: 0px;\" alt=\"LE_CMYK_v1-01\" src=\"http:\/\/life-eislek.eu\/wp-content\/uploads\/2013\/10\/LE_CMYK_v1-011.png\" width=\"300\" height=\"309\" srcset=\"https:\/\/life-eislek.eu\/wp-content\/uploads\/2013\/10\/LE_CMYK_v1-011.png 300w, https:\/\/life-eislek.eu\/wp-content\/uploads\/2013\/10\/LE_CMYK_v1-011-291x300.png 291w\" sizes=\"auto, (max-width: 300px) 100vw, 300px\" \/><\/a><\/p>\n<p><a href=\"http:\/\/ec.europa.eu\/environment\/life\/\">Life-Nature<\/a> est l\u2019instrument financier de la commission europ\u00e9enne pour la restauration et l\u2019am\u00e9lioration de l\u2019\u00e9tat de conservation des esp\u00e8ces et habitats naturels des zones prot\u00e9g\u00e9es du r\u00e9seau NATURA 2000.<\/p>\n<p style=\"text-align: center;\"><img loading=\"lazy\" decoding=\"async\" title=\"\" alt=\"\" src=\"http:\/\/life-eislek.eu\/wp-content\/uploads\/2013\/10\/logo_natura-2000.jpg\" width=\"90\" height=\"81\" \/><\/p>\n<p><a href=\"http:\/\/ec.europa.eu\/environment\/nature\/natura2000\/\">NATURA2000<\/a> est un r\u00e9seau europ\u00e9en de zones de protection pour les esp\u00e8ces d\u00b4animaux et de plantes menac\u00e9es. Le but de ce r\u00e9seau est le maintien et la conservation de la biodiversit\u00e9 de ces habitats.<\/p>\n<p>La d\u00e9limitation des <a href=\"http:\/\/ec.europa.eu\/environment\/nature\/natura2000\/\" target=\"_blank\">zones prot\u00e9g\u00e9es NATURA2000<\/a>, \u00e0 travers toute l\u2019Europe, peut \u00eatre consult\u00e9e \u00e0 l\u2019aide d\u2019un <i><a href=\"http:\/\/ec.europa.eu\/environment\/nature\/natura2000\/\">outil de visualisation<\/a> <\/i>facile d\u2019utilisation.<\/p>\n<p>Ce r\u00e9seau est d\u00e9fini au travers de deux directives europ\u00e9ennes\u00a0: la <a href=\"http:\/\/europa.eu\/legislation_summaries\/environment\/nature_and_biodiversity\/l28076_fr.htm\">directive faune-flore-habitat<\/a> et la <a href=\"http:\/\/europa.eu\/legislation_summaries\/environment\/nature_and_biodiversity\/ev0024_fr.htm\">directive sur la protection des oiseaux<\/a>.<\/p>\n<!-- AddThis Advanced Settings generic via filter on the_content --><!-- AddThis Share Buttons generic via filter on the_content -->","protected":false},"excerpt":{"rendered":"<p>Life-Nature est l\u2019instrument financier de la commission europ\u00e9enne pour la restauration et l\u2019am\u00e9lioration de l\u2019\u00e9tat de conservation des esp\u00e8ces et habitats naturels des zones prot\u00e9g\u00e9es du r\u00e9seau NATURA 2000. NATURA2000 est un r\u00e9seau europ\u00e9en de zones de protection pour les esp\u00e8ces d\u00b4animaux et de plantes menac\u00e9es. Le but de ce r\u00e9seau est le maintien et [&hellip;]<!-- AddThis Advanced Settings generic via filter on get_the_excerpt --><!-- AddThis Share Buttons generic via filter on get_the_excerpt --><\/p>\n","protected":false},"author":2,"featured_media":0,"parent":710,"menu_order":0,"comment_status":"closed","ping_status":"closed","template":"","meta":{"footnotes":""},"class_list":["post-288","page","type-page","status-publish","hentry"],"_links":{"self":[{"href":"https:\/\/life-eislek.eu\/fr\/wp-json\/wp\/v2\/pages\/288","targetHints":{"allow":["GET"]}}],"collection":[{"href":"https:\/\/life-eislek.eu\/fr\/wp-json\/wp\/v2\/pages"}],"about":[{"href":"https:\/\/life-eislek.eu\/fr\/wp-json\/wp\/v2\/types\/page"}],"author":[{"embeddable":true,"href":"https:\/\/life-eislek.eu\/fr\/wp-json\/wp\/v2\/users\/2"}],"replies":[{"embeddable":true,"href":"https:\/\/life-eislek.eu\/fr\/wp-json\/wp\/v2\/comments?post=288"}],"version-history":[{"count":21,"href":"https:\/\/life-eislek.eu\/fr\/wp-json\/wp\/v2\/pages\/288\/revisions"}],"predecessor-version":[{"id":960,"href":"https:\/\/life-eislek.eu\/fr\/wp-json\/wp\/v2\/pages\/288\/revisions\/960"}],"up":[{"embeddable":true,"href":"https:\/\/life-eislek.eu\/fr\/wp-json\/wp\/v2\/pages\/710"}],"wp:attachment":[{"href":"https:\/\/life-eislek.eu\/fr\/wp-json\/wp\/v2\/media?parent=288"}],"curies":[{"name":"wp","href":"https:\/\/api.w.org\/{rel}","templated":true}]}}