{"id":31,"date":"2013-10-28T10:32:08","date_gmt":"2013-10-28T10:32:08","guid":{"rendered":"http:\/\/life-eislek.eu\/?page_id=31"},"modified":"2014-11-05T17:45:53","modified_gmt":"2014-11-05T16:45:53","slug":"die-zielarten","status":"publish","type":"page","link":"https:\/\/life-eislek.eu\/fr\/die-zielarten\/","title":{"rendered":"Aper\u00e7u"},"content":{"rendered":"<p><\/p>\n<address title=\"Page 1\">Le but du projet est la restauration de la mosa\u00efque des paysages ardennais avec ses friches humides, p\u00e2turages extensifs et prairies de fauche tardive, afin d\u2019am\u00e9liorer l\u2019habitat d\u2019esp\u00e8ces phares typiquement locales, telles que le <a href=\"http:\/\/fr.wikipedia.org\/wiki\/Tarier_des_pr%C3%A9s\" target=\"_blank\">tarier des pr\u00e9s<\/a>, la <a href=\"http:\/\/fr.wikipedia.org\/wiki\/Pie-gri%C3%A8che_%C3%A9corcheur\" target=\"_blank\">pie-gri\u00e8che \u00e9corcheur<\/a> ou le <a href=\"http:\/\/fr.wikipedia.org\/wiki\/Cuivr%C3%A9_de_la_bistorte\" target=\"_blank\">cuivr\u00e9 de la bistorte<\/a>.<\/p>\n<ul>\n<li><a href=\"http:\/\/life-eislek.eu\/fr\/blauschillernder-feuerfalter-lycaena-helle\/\"><em>Lycaena helle<\/em> (Denis et Schifferm\u00fcller, 1775) \u2013 cuivr\u00e9 de la bistorte<\/a><\/li>\n<\/ul>\n<p><a href=\"http:\/\/life-eislek.eu\/wp-content\/uploads\/2013\/10\/lh-4-\u00a9-n\u00eb.jpg\"><img loading=\"lazy\" decoding=\"async\" class=\"aligncenter size-thumbnail wp-image-263\" alt=\"lh 4 \u00a9 n&amp;\u00eb\" src=\"http:\/\/life-eislek.eu\/wp-content\/uploads\/2013\/10\/lh-4-\u00a9-n\u00eb-150x150.jpg\" width=\"150\" height=\"150\" \/><\/a> Ce petit papillon est une esp\u00e8ce relique glaciaire embl\u00e9matique de nos prairies fra\u00eeches et humides ardennaises. Au Luxembourg, il est d\u00e9pendant de conditions microclimatiques tr\u00e8s localis\u00e9es, qu\u2019on ne trouve que sur les friches abandonn\u00e9es ou les prairies extensives de l\u2019<a href=\"http:\/\/fr.wikipedia.org\/wiki\/Oesling\" target=\"_blank\">Oesling <\/a>domin\u00e9es par la bistorte (<a href=\"http:\/\/fr.wikipedia.org\/wiki\/Renou%C3%A9e_bistorte\" target=\"_blank\"><i>Polygonum bistorta<\/i><\/a><i>)<\/i> et entour\u00e9es de buissons. La chenille de ce papillon s\u00b4alimente exclusivement de cette plante<i>. <\/i><\/p>\n<ul>\n<li><a href=\"http:\/\/life-eislek.eu\/fr\/die-zielarten\/braunkehlchen-saxicola-rubetra\/\"><em>Saxicola rubetra<\/em> (Linnaeus, 1758) \u2013 tarier des pr\u00e9s<\/a><\/li>\n<\/ul>\n<p><a href=\"http:\/\/life-eislek.eu\/wp-content\/uploads\/2013\/10\/Saxicola-rubetra-Tarier-des-pr\u00e9s-Braunkehlchen-\u00a9-Gilles-Biver.jpg\"><img loading=\"lazy\" decoding=\"async\" class=\"aligncenter size-thumbnail wp-image-24\" alt=\"Saxicola rubetra - Tarier des pr\u00e9s - Braunkehlchen \u00a9 Gilles Biver\" src=\"http:\/\/life-eislek.eu\/wp-content\/uploads\/2013\/10\/Saxicola-rubetra-Tarier-des-pr\u00e9s-Braunkehlchen-\u00a9-Gilles-Biver-150x150.jpg\" width=\"150\" height=\"150\" \/><\/a> Cet oiseau migrateur de la famille des <a href=\"http:\/\/fr.wikipedia.org\/wiki\/Muscicapidae\" target=\"_blank\">Muscicapidae <\/a>est un passereau nichant au sol, c&rsquo;est-\u00e0-dire que l\u2019oiseau fait son nid dans des pr\u00e9s de fauche fauch\u00e9s tardivement. Il chasse uniquement dans des milieux humides riches en insectes.<\/p>\n<ul>\n<li><span style=\"text-decoration: underline;\"><a title=\"Neunt\u00f6ter (Lanius collurio)\" href=\"http:\/\/life-eislek.eu\/fr\/die-zielarten\/neuntoter-lanius-collurio\/\"><em>Lanius collurio<\/em> (Linnaeus, 1758) &#8211; Pie-gri\u00e8che \u00e9corcheur<\/a><\/span><\/li>\n<\/ul>\n<p><a href=\"http:\/\/life-eislek.eu\/wp-content\/uploads\/2013\/10\/nt-\u00a9-raymond-gloden.jpg\"><img loading=\"lazy\" decoding=\"async\" class=\"aligncenter size-thumbnail wp-image-248\" alt=\"nt \u00a9 raymond gloden\" src=\"http:\/\/life-eislek.eu\/wp-content\/uploads\/2013\/10\/nt-\u00a9-raymond-gloden-150x150.jpg\" width=\"150\" height=\"150\" \/><\/a> Cet oiseau migrateur carnivore de la famille des <a href=\"http:\/\/fr.wikipedia.org\/wiki\/Laniidae\" target=\"_blank\">Laniidae <\/a>pr\u00e9f\u00e8re les mosa\u00efques de paysages structur\u00e9s, compos\u00e9s de buissons et de touffes de v\u00e9g\u00e9tation au sein de prairies \u00e0 p\u00e2turage extensif. Pour guetter durant la chasse, cet oiseau a besoin d\u2019\u00e9l\u00e9ments qui surplombent le paysage tels que cl\u00f4tures, poteaux ou buissons.<\/address>\n<p><\/p>\n<!-- AddThis Advanced Settings generic via filter on the_content --><!-- AddThis Share Buttons generic via filter on the_content -->","protected":false},"excerpt":{"rendered":"<p>Le but du projet est la restauration de la mosa\u00efque des paysages ardennais avec ses friches humides, p\u00e2turages extensifs et prairies de fauche tardive, afin d\u2019am\u00e9liorer l\u2019habitat d\u2019esp\u00e8ces phares typiquement locales, telles que le tarier des pr\u00e9s, la pie-gri\u00e8che \u00e9corcheur ou le cuivr\u00e9 de la bistorte. Lycaena helle (Denis et Schifferm\u00fcller, 1775) \u2013 cuivr\u00e9 de [&hellip;]<!-- AddThis Advanced Settings generic via filter on get_the_excerpt --><!-- AddThis Share Buttons generic via filter on get_the_excerpt --><\/p>\n","protected":false},"author":2,"featured_media":0,"parent":0,"menu_order":0,"comment_status":"closed","ping_status":"closed","template":"","meta":{"footnotes":""},"class_list":["post-31","page","type-page","status-publish","hentry"],"_links":{"self":[{"href":"https:\/\/life-eislek.eu\/fr\/wp-json\/wp\/v2\/pages\/31","targetHints":{"allow":["GET"]}}],"collection":[{"href":"https:\/\/life-eislek.eu\/fr\/wp-json\/wp\/v2\/pages"}],"about":[{"href":"https:\/\/life-eislek.eu\/fr\/wp-json\/wp\/v2\/types\/page"}],"author":[{"embeddable":true,"href":"https:\/\/life-eislek.eu\/fr\/wp-json\/wp\/v2\/users\/2"}],"replies":[{"embeddable":true,"href":"https:\/\/life-eislek.eu\/fr\/wp-json\/wp\/v2\/comments?post=31"}],"version-history":[{"count":15,"href":"https:\/\/life-eislek.eu\/fr\/wp-json\/wp\/v2\/pages\/31\/revisions"}],"predecessor-version":[{"id":156,"href":"https:\/\/life-eislek.eu\/fr\/wp-json\/wp\/v2\/pages\/31\/revisions\/156"}],"wp:attachment":[{"href":"https:\/\/life-eislek.eu\/fr\/wp-json\/wp\/v2\/media?parent=31"}],"curies":[{"name":"wp","href":"https:\/\/api.w.org\/{rel}","templated":true}]}}