{"id":32,"date":"2013-10-28T08:28:16","date_gmt":"2013-10-28T08:28:16","guid":{"rendered":"http:\/\/life-eislek.eu\/?page_id=32"},"modified":"2014-02-03T18:21:26","modified_gmt":"2014-02-03T17:21:26","slug":"blauschillernder-feuerfalter-lycaena-helle","status":"publish","type":"page","link":"https:\/\/life-eislek.eu\/fr\/blauschillernder-feuerfalter-lycaena-helle\/","title":{"rendered":"Le cuivr\u00e9 de la bistorte (Lycaena helle)"},"content":{"rendered":"<p><\/p>\n<p style=\"text-align: center;\"><img loading=\"lazy\" decoding=\"async\" class=\"aligncenter size-full wp-image-739\" style=\"border: 0px;\" alt=\"lycaenahelle\" src=\"http:\/\/life-eislek.eu\/wp-content\/uploads\/2013\/10\/lycaenahelle.jpg\" width=\"700\" height=\"700\" srcset=\"https:\/\/life-eislek.eu\/wp-content\/uploads\/2013\/10\/lycaenahelle.jpg 700w, https:\/\/life-eislek.eu\/wp-content\/uploads\/2013\/10\/lycaenahelle-300x300.jpg 300w, https:\/\/life-eislek.eu\/wp-content\/uploads\/2013\/10\/lycaenahelle-150x150.jpg 150w\" sizes=\"auto, (max-width: 700px) 100vw, 700px\" \/><\/p>\n<p><b>Traits caract\u00e9ristiques\u00a0:<\/b><\/p>\n<ul>\n<li><b>Envergure des ailes d\u00e9ploy\u00e9es\u00a0:<\/b> 24-28mm<\/li>\n<li><b>Saison de vol<\/b>: mi mai \u2013 fin juin<\/li>\n<li><b>Nourriture de l\u2019imago<\/b>: Nectar de diff\u00e9rentes plantes \u00e0 fleurs<\/li>\n<li><b>Nourriture de la chenille<\/b>: Feuilles de bistorte<\/li>\n<li><b>Territoire<\/b>: pelouses et jach\u00e8res humides riches en fleurs<\/li>\n<\/ul>\n<p><b>Description\u00a0:<\/b><\/p>\n<p>Le cuivr\u00e9 de la bistorte fait partie de nos papillons les plus petits. Ses ailes ant\u00e9rieures ont une couleur dominante orange, et sont bord\u00e9es de marron fonc\u00e9 et pointill\u00e9es de noir. La r\u00e9partition des couleurs sur les ailes post\u00e9rieures est oppos\u00e9e, les bords sont oranges et elles sont remplies de brun. Le m\u00e2le a un reflet violet tr\u00e8s prononc\u00e9 sur le dessus des ailes tandis que la femelle ne porte que quelques t\u00e2ches \u00e0 reflet violet sur les bords, d\u2019o\u00f9 son nom anglais\u00a0: <i>violet copper<\/i>. Le dessous des ailes a une couleur orange-feu, et les ailes ant\u00e9rieures sont ponctu\u00e9es de t\u00e2ches noires entour\u00e9es de demi-lunes blanches.<\/p>\n<p>La chenille est de couleur vert-clair tr\u00e8s vif, de corpulence relativement \u00e9paisse, et l\u00e9g\u00e8rement poilue d\u2019un duvet court.<\/p>\n<p><b>R\u00e9partition\u00a0:<\/b><\/p>\n<p>Le cuivr\u00e9 de la bistorte est une esp\u00e8ce de l\u2019h\u00e9misph\u00e8re nord, dont l\u2019aire de r\u00e9partition s\u2019\u00e9tend sur toute la zone temp\u00e9r\u00e9e, de l\u2019Europe de l\u2019ouest jusqu\u2019\u00e0 l\u2019oblast d\u2019Amour, situ\u00e9 au sud-est de la Sib\u00e9rie. En Europe centrale, toutefois, cette esp\u00e8ce n\u2019appara\u00eet que sous forme de petites populations dispers\u00e9es. Elle est donc tr\u00e8s vuln\u00e9rable \u00e0 des changements du milieu et court un risque accru d\u00b4extinction. Au Luxembourg, on ne trouve ce papillon que dans les moyennes montagnes ardennaises de l\u2019Oesling qui ont une altitude sup\u00e9rieure \u00e0 400m. D\u2019une mani\u00e8re g\u00e9n\u00e9rale, les effectifs de population de cette esp\u00e8ce sont en recul sur toute l\u2019Europe.<\/p>\n<p>&nbsp;<\/p>\n<p><a href=\"http:\/\/life-eislek.eu\/wp-content\/uploads\/2013\/11\/Lycaena-helle-Distribution-1905-2013.pdf\"><em>Lycaena helle<\/em> Distribution 1905-2013<\/a><\/p>\n<p><a href=\"http:\/\/life-eislek.eu\/wp-content\/uploads\/2013\/11\/Lycaena-helle-Distribution-2007-2013_ok.pdf\"><em>Lycaena helle<\/em> Distribution 2007-2013<\/a><\/p>\n<p><b>Aire de r\u00e9partition et nourriture\u00a0:<\/b><\/p>\n<p>Les habitats du cuivr\u00e9 de la bistorte sont des pelouses humides ou des jach\u00e8res riches en fleurs, semi-ouvertes longeant des ruisseaux de montagne ou d\u2019autres types de points d\u2019eau. Il pr\u00e9f\u00e8re les espaces ensoleill\u00e9s, \u00e0 l\u2019abri du vent et aux conditions microclimatiques particuli\u00e8res, souvent le long des lisi\u00e8res de for\u00eat ou dans des biotopes relativement humides et \u00e0 proximit\u00e9 d\u2019espaces bois\u00e9s. Une forte pr\u00e9sence de est une condition indispensable pour la pr\u00e9sence du papillon.<\/p>\n<p>Les chenilles, qui se nourrissent exclusivement de la bistorte (<i>Bistorta officinalis<\/i>), naissent entre mi juin et fin ao\u00fbt. Ensuite la chenille se chrysalide et passe l\u2019hiver sous ce stade, pour \u00e9clore l\u2019ann\u00e9e suivante entre mai et juin, sous forme de papillon. Etant donn\u00e9 que le cuivr\u00e9 de la bistorte d\u00e9pend de la plante <i>Bistorta officinalis, <\/i>il choisit uniquement des espaces ou cette plante est pr\u00e9sente en forte densit\u00e9 mais aussi o\u00f9 la nourriture abonde, puisqu\u2019au stade de papillon il se nourrit du nectar de nombreuses plantes \u00e0 fleurs.<\/p>\n<p>La p\u00e9riode de vol du papillon s\u2019\u00e9tend de d\u00e9but mai \u00e0 fin juin, mais uniquement par temps ensoleill\u00e9. Les m\u00e2les montrent un comportement territorial, et favorisent des postes de guet situ\u00e9s en hauteur, \u00e0 l\u2019abri du vent et bien ensoleill\u00e9s.<\/p>\n<p>Le cuivr\u00e9 de la bistorte a une faible capacit\u00e9 de dispersion car les distances de vol sont assez restreintes. Ses effectifs de population varient fortement d\u2019une ann\u00e9e \u00e0 l\u2019autre, de quelques individus \u00e0 de grandes concentrations d\u00b4individus pour un territoire donn\u00e9.<\/p>\n<p>&nbsp;<\/p>\n<div id=\"attachment_348\" style=\"width: 310px\" class=\"wp-caption aligncenter\"><a href=\"http:\/\/life-eislek.eu\/wp-content\/uploads\/2013\/10\/Schlangenkn\u00f6terich-an-der-Tretterbach.jpg\"><img loading=\"lazy\" decoding=\"async\" aria-describedby=\"caption-attachment-348\" class=\"size-medium wp-image-348 \" alt=\"Prairie \u00e0 bistorte le long du Tretterbach\" src=\"http:\/\/life-eislek.eu\/wp-content\/uploads\/2013\/10\/Schlangenkn\u00f6terich-an-der-Tretterbach-300x225.jpg\" width=\"300\" height=\"225\" srcset=\"https:\/\/life-eislek.eu\/wp-content\/uploads\/2013\/10\/Schlangenkn\u00f6terich-an-der-Tretterbach-300x225.jpg 300w, https:\/\/life-eislek.eu\/wp-content\/uploads\/2013\/10\/Schlangenkn\u00f6terich-an-der-Tretterbach-400x300.jpg 400w, https:\/\/life-eislek.eu\/wp-content\/uploads\/2013\/10\/Schlangenkn\u00f6terich-an-der-Tretterbach.jpg 1024w\" sizes=\"auto, (max-width: 300px) 100vw, 300px\" \/><\/a><p id=\"caption-attachment-348\" class=\"wp-caption-text\">Prairie \u00e0 bistorte le long du Tretterbach<\/p><\/div>\n<div id=\"attachment_81\" style=\"width: 1339px\" class=\"wp-caption aligncenter\"><img loading=\"lazy\" decoding=\"async\" aria-describedby=\"caption-attachment-81\" class=\"size-full wp-image-81\" alt=\"bf schema mikis\" src=\"http:\/\/life-eislek.eu\/wp-content\/uploads\/2013\/10\/bf-schema-mikis.png\" width=\"1329\" height=\"212\" srcset=\"https:\/\/life-eislek.eu\/wp-content\/uploads\/2013\/10\/bf-schema-mikis.png 1329w, https:\/\/life-eislek.eu\/wp-content\/uploads\/2013\/10\/bf-schema-mikis-300x48.png 300w, https:\/\/life-eislek.eu\/wp-content\/uploads\/2013\/10\/bf-schema-mikis-1024x163.png 1024w, https:\/\/life-eislek.eu\/wp-content\/uploads\/2013\/10\/bf-schema-mikis-768x123.png 768w, https:\/\/life-eislek.eu\/wp-content\/uploads\/2013\/10\/bf-schema-mikis-500x79.png 500w\" sizes=\"auto, (max-width: 1329px) 100vw, 1329px\" \/><p id=\"caption-attachment-81\" class=\"wp-caption-text\">Cycle de vie du papillon<\/p><\/div>\n<p><b>Menaces\u00a0:<\/b><\/p>\n<p>La menace principale qui p\u00e8se sur cette esp\u00e8ce, est la r\u00e9duction de son habitat par l\u2019ass\u00e8chement des zones humides. Ce ph\u00e9nom\u00e8ne est souvent du \u00e0 l\u2019intensification de l\u2019agriculture. On assiste \u00e9galement \u00e0 une perte d\u2019habitat lorsque les zones humides sont \u00e0 l\u2019abandon et s\u2019embroussaillent peu \u00e0 peu. Pour le maintien des populations du cuivr\u00e9 de la bistorte, une exploitation tr\u00e8s extensive du milieu est n\u00e9cessaire, ainsi on \u00e9vite l\u2019embroussaillage et la surexploitation des zones humides. Par l\u2019isolement croissant des populations subsistantes et l\u2019appauvrissement g\u00e9n\u00e9tique de ces populations, par manque d\u2019\u00e9changes g\u00e9n\u00e9tiques ou de couloirs d\u2019interconnexion entre les populations, probablement dus \u00e0 la faible capacit\u00e9 de vol de cette esp\u00e8ce, on assiste \u00e0 une diminution rapide des effectifs de population. Cette esp\u00e8ce est, par cons\u00e9quent, fortement menac\u00e9e d\u2019extinction.<\/p>\n<p>&nbsp;<\/p>\n<!-- AddThis Advanced Settings generic via filter on the_content --><!-- AddThis Share Buttons generic via filter on the_content -->","protected":false},"excerpt":{"rendered":"<p>Traits caract\u00e9ristiques\u00a0: Envergure des ailes d\u00e9ploy\u00e9es\u00a0: 24-28mm Saison de vol: mi mai \u2013 fin juin Nourriture de l\u2019imago: Nectar de diff\u00e9rentes plantes \u00e0 fleurs Nourriture de la chenille: Feuilles de bistorte Territoire: pelouses et jach\u00e8res humides riches en fleurs Description\u00a0: Le cuivr\u00e9 de la bistorte fait partie de nos papillons les plus petits. Ses ailes [&hellip;]<!-- AddThis Advanced Settings generic via filter on get_the_excerpt --><!-- AddThis Share Buttons generic via filter on get_the_excerpt --><\/p>\n","protected":false},"author":2,"featured_media":0,"parent":0,"menu_order":0,"comment_status":"closed","ping_status":"closed","template":"","meta":{"footnotes":""},"class_list":["post-32","page","type-page","status-publish","hentry"],"_links":{"self":[{"href":"https:\/\/life-eislek.eu\/fr\/wp-json\/wp\/v2\/pages\/32","targetHints":{"allow":["GET"]}}],"collection":[{"href":"https:\/\/life-eislek.eu\/fr\/wp-json\/wp\/v2\/pages"}],"about":[{"href":"https:\/\/life-eislek.eu\/fr\/wp-json\/wp\/v2\/types\/page"}],"author":[{"embeddable":true,"href":"https:\/\/life-eislek.eu\/fr\/wp-json\/wp\/v2\/users\/2"}],"replies":[{"embeddable":true,"href":"https:\/\/life-eislek.eu\/fr\/wp-json\/wp\/v2\/comments?post=32"}],"version-history":[{"count":21,"href":"https:\/\/life-eislek.eu\/fr\/wp-json\/wp\/v2\/pages\/32\/revisions"}],"predecessor-version":[{"id":920,"href":"https:\/\/life-eislek.eu\/fr\/wp-json\/wp\/v2\/pages\/32\/revisions\/920"}],"wp:attachment":[{"href":"https:\/\/life-eislek.eu\/fr\/wp-json\/wp\/v2\/media?parent=32"}],"curies":[{"name":"wp","href":"https:\/\/api.w.org\/{rel}","templated":true}]}}