{"id":38,"date":"2013-10-28T10:53:05","date_gmt":"2013-10-28T09:53:05","guid":{"rendered":"http:\/\/life-eislek.eu\/?page_id=38"},"modified":"2014-02-04T13:51:56","modified_gmt":"2014-02-04T12:51:56","slug":"life-eislek-das-projekt","status":"publish","type":"page","link":"https:\/\/life-eislek.eu\/fr\/projekt\/life-eislek-das-projekt\/","title":{"rendered":"Life Eislek"},"content":{"rendered":"<p><\/p>\n<p style=\"text-align: center;\">Life Eislek &#8211; LIFE11 NAT\/LU\/858<\/p>\n<p style=\"text-align: center;\">Un projet pour la restauration des zones humides ardennaises et de leurs esp\u00e8ces associ\u00e9es<\/p>\n<p style=\"text-align: center;\"><img loading=\"lazy\" decoding=\"async\" class=\"aligncenter\" style=\"border: 0px;\" alt=\"LE_CMYK_v1-01\" src=\"http:\/\/life-eislek.eu\/wp-content\/uploads\/2013\/10\/LE_CMYK_v1-01.png\" width=\"300\" height=\"416\" \/><\/p>\n<p>Le projet LIFE Eislek a \u00e9t\u00e9 lanc\u00e9 en septembre 2012 afin de rem\u00e9dier \u00e0 la r\u00e9duction des paysages ardennais caract\u00e9ris\u00e9s par des zones humides, pr\u00e9s de fauche et friches.<\/p>\n<p style=\"text-align: center;\"><img loading=\"lazy\" decoding=\"async\" class=\"aligncenter size-full wp-image-737\" style=\"border: 0px;\" alt=\"landscape\" src=\"http:\/\/life-eislek.eu\/wp-content\/uploads\/2013\/10\/landscape.jpg\" width=\"700\" height=\"700\" srcset=\"https:\/\/life-eislek.eu\/wp-content\/uploads\/2013\/10\/landscape.jpg 700w, https:\/\/life-eislek.eu\/wp-content\/uploads\/2013\/10\/landscape-300x300.jpg 300w, https:\/\/life-eislek.eu\/wp-content\/uploads\/2013\/10\/landscape-150x150.jpg 150w\" sizes=\"auto, (max-width: 700px) 100vw, 700px\" \/><\/p>\n<p>Le but du projet est la restauration de la mosa\u00efque des paysages ardennais avec ses friches humides, p\u00e2turages extensifs et prairies de fauche tardive afin d\u2019am\u00e9liorer l\u2019habitat d\u2019esp\u00e8ces typiquement locales, telles que le <a href=\"http:\/\/life-eislek.eu\/fr\/die-zielarten\/braunkehlchen-saxicola-rubetra\/\" target=\"_blank\">tarier des pr\u00e9s<\/a>, la <a href=\"http:\/\/life-eislek.eu\/fr\/die-zielarten\/neuntoter-lanius-collurio\/\" target=\"_blank\">pie-gri\u00e8che \u00e9corcheur<\/a> ou le <a href=\"http:\/\/life-eislek.eu\/fr\/blauschillernder-feuerfalter-lycaena-helle\/\" target=\"_blank\">cuivr\u00e9 de la bistorte<\/a>.<\/p>\n<p style=\"text-align: center;\"><span style=\"color: #333333; font-style: normal; line-height: 24px;\">\u00a0<\/span><\/p>\n<p>La mise en \u0153uvre de ce projet ambitieux se fait par <a href=\"http:\/\/www.naturemwelt.lu\">natur&amp;\u00ebmwelt<\/a> \u2013 Fondation H\u00ebllef fir d\u2019Natur, en association avec l\u2019ASBL <a href=\"http:\/\/www.naturemwelt.lu\">natur&amp;\u00ebmwelt<\/a>, le <a href=\"http:\/\/www.cnds.lu\">Comit\u00e9 National de D\u00e9fense Sociale (CNDS)<\/a>, et la <a href=\"http:\/\/www.lwk.lu\/start_hr.htm\">Chambre d\u2019Agriculture<\/a>.<\/p>\n<p>Dur\u00e9e du projet\u00a0: 01.09.2012 \u2013 31-08-2017<\/p>\n<p>Le projet Life Eislek met en oeuvre des <a href=\"http:\/\/life-eislek.eu\/fr\/aktionen\/\" target=\"_blank\">actions concr\u00e8tes<\/a> sur le terrain.<\/p>\n<p>Le budget pour ce projet s\u2019\u00e9l\u00e8ve \u00e0 1.766.775\u20ac, dont la moiti\u00e9 (883.387\u20ac) est financ\u00e9e par la <a href=\"http:\/\/ec.europa.eu\/index_fr.htm\" target=\"_blank\">Commission Europ\u00e9enne<\/a> via le fonds \u00ab\u00a0<a href=\"http:\/\/ec.europa.eu\/environment\/life\/\">LIFE\u00a0<\/a>\u00bb (= l\u00b4Instrument Financier pour l\u00b4Environnement). Le financement national s\u2019\u00e9levant \u00e0 665.887\u20ac est pris en charge par le <a href=\"http:\/\/www.environnement.public.lu\/\">Minist\u00e8re du D\u00e9veloppement durable et des Infrastructures<\/a>. De plus, les divers partenaires s\u2019engagent \u00e9galement \u00e0 contribuer aux frais via des fonds propres.<\/p>\n<!-- AddThis Advanced Settings generic via filter on the_content --><!-- AddThis Share Buttons generic via filter on the_content -->","protected":false},"excerpt":{"rendered":"<p>Life Eislek &#8211; LIFE11 NAT\/LU\/858 Un projet pour la restauration des zones humides ardennaises et de leurs esp\u00e8ces associ\u00e9es Le projet LIFE Eislek a \u00e9t\u00e9 lanc\u00e9 en septembre 2012 afin de rem\u00e9dier \u00e0 la r\u00e9duction des paysages ardennais caract\u00e9ris\u00e9s par des zones humides, pr\u00e9s de fauche et friches. Le but du projet est la restauration [&hellip;]<!-- AddThis Advanced Settings generic via filter on get_the_excerpt --><!-- AddThis Share Buttons generic via filter on get_the_excerpt --><\/p>\n","protected":false},"author":2,"featured_media":0,"parent":710,"menu_order":0,"comment_status":"closed","ping_status":"closed","template":"sidebar-page.php","meta":{"footnotes":""},"class_list":["post-38","page","type-page","status-publish","hentry"],"_links":{"self":[{"href":"https:\/\/life-eislek.eu\/fr\/wp-json\/wp\/v2\/pages\/38","targetHints":{"allow":["GET"]}}],"collection":[{"href":"https:\/\/life-eislek.eu\/fr\/wp-json\/wp\/v2\/pages"}],"about":[{"href":"https:\/\/life-eislek.eu\/fr\/wp-json\/wp\/v2\/types\/page"}],"author":[{"embeddable":true,"href":"https:\/\/life-eislek.eu\/fr\/wp-json\/wp\/v2\/users\/2"}],"replies":[{"embeddable":true,"href":"https:\/\/life-eislek.eu\/fr\/wp-json\/wp\/v2\/comments?post=38"}],"version-history":[{"count":22,"href":"https:\/\/life-eislek.eu\/fr\/wp-json\/wp\/v2\/pages\/38\/revisions"}],"predecessor-version":[{"id":110,"href":"https:\/\/life-eislek.eu\/fr\/wp-json\/wp\/v2\/pages\/38\/revisions\/110"}],"up":[{"embeddable":true,"href":"https:\/\/life-eislek.eu\/fr\/wp-json\/wp\/v2\/pages\/710"}],"wp:attachment":[{"href":"https:\/\/life-eislek.eu\/fr\/wp-json\/wp\/v2\/media?parent=38"}],"curies":[{"name":"wp","href":"https:\/\/api.w.org\/{rel}","templated":true}]}}