{"id":46,"date":"2013-10-28T13:10:23","date_gmt":"2013-10-28T13:10:23","guid":{"rendered":"http:\/\/life-eislek.eu\/?page_id=46"},"modified":"2013-10-30T22:18:35","modified_gmt":"2013-10-30T21:18:35","slug":"our","status":"publish","type":"page","link":"https:\/\/life-eislek.eu\/fr\/uebersicht\/habitatschutzgebiete\/our\/","title":{"rendered":"OUR &#8211; Vall\u00e9e de l&rsquo;Our de Ouren \u00e0 Wallendorf-Pont LU0001002"},"content":{"rendered":"<p>Das Gebiet OUR erstreckt sich entlang des deutsch-luxemburgischen Grenzflusses, der Our, von dem Eintritt in Luxemburg am Dreil\u00e4ndereck bei Ouren bis nach Wallendorf, und beinhaltet das Tal der Our mit seinen Nebenb\u00e4chen auf \u00fcber 5675.92 Hektar.<\/p>\n<p><a href=\"http:\/\/life-eislek.eu\/wp-content\/uploads\/2013\/10\/Binder1_Page_08.jpg\"><img loading=\"lazy\" decoding=\"async\" class=\"alignleft size-large wp-image-240\" alt=\"Binder1_Page_08\" src=\"http:\/\/life-eislek.eu\/wp-content\/uploads\/2013\/10\/Binder1_Page_08-723x1024.jpg\" width=\"584\" height=\"827\" \/><\/a><\/p>\n<p>Der gr\u00f6sste Teil der Fl\u00e4che besteht aus Wald. Einige Kontaktpunkte mit dem Eislek-Plateau, sowie der Dreil\u00e4ndereck, sind f\u00fcr die Ziel-Arten des Projektes von extrem wichtiger Bedeutung, wie z.b der Hotspot der \u00ab\u00a0Sauerwiesen\u00a0\u00bb bei Wahlhausen mit einem isolierten Feuerfalter-Bestand.<\/p>\n<p><a href=\"http:\/\/life-eislek.eu\/wp-content\/uploads\/2013\/10\/Our-Sauerwisen.jpg\"><img loading=\"lazy\" decoding=\"async\" class=\"alignleft size-thumbnail wp-image-375\" alt=\"Our-Sauerwisen\" src=\"http:\/\/life-eislek.eu\/wp-content\/uploads\/2013\/10\/Our-Sauerwisen-150x150.jpg\" width=\"150\" height=\"150\" \/><\/a><a href=\"http:\/\/life-eislek.eu\/wp-content\/uploads\/2013\/10\/Our-pt-des-3-fronti\u00e8res.jpg\"><img loading=\"lazy\" decoding=\"async\" class=\"alignleft size-thumbnail wp-image-358\" alt=\"Our-pt des 3 fronti\u00e8res\" src=\"http:\/\/life-eislek.eu\/wp-content\/uploads\/2013\/10\/Our-pt-des-3-fronti\u00e8res-150x150.jpg\" width=\"150\" height=\"150\" \/><\/a><\/p>\n<!-- AddThis Advanced Settings generic via filter on the_content --><!-- AddThis Share Buttons generic via filter on the_content -->","protected":false},"excerpt":{"rendered":"<p>Das Gebiet OUR erstreckt sich entlang des deutsch-luxemburgischen Grenzflusses, der Our, von dem Eintritt in Luxemburg am Dreil\u00e4ndereck bei Ouren bis nach Wallendorf, und beinhaltet das Tal der Our mit seinen Nebenb\u00e4chen auf \u00fcber 5675.92 Hektar. Der gr\u00f6sste Teil der Fl\u00e4che besteht aus Wald. Einige Kontaktpunkte mit dem Eislek-Plateau, sowie der Dreil\u00e4ndereck, sind f\u00fcr die [&hellip;]<!-- AddThis Advanced Settings generic via filter on get_the_excerpt --><!-- AddThis Share Buttons generic via filter on get_the_excerpt --><\/p>\n","protected":false},"author":2,"featured_media":0,"parent":150,"menu_order":0,"comment_status":"closed","ping_status":"closed","template":"","meta":{"footnotes":""},"class_list":["post-46","page","type-page","status-publish","hentry"],"_links":{"self":[{"href":"https:\/\/life-eislek.eu\/fr\/wp-json\/wp\/v2\/pages\/46","targetHints":{"allow":["GET"]}}],"collection":[{"href":"https:\/\/life-eislek.eu\/fr\/wp-json\/wp\/v2\/pages"}],"about":[{"href":"https:\/\/life-eislek.eu\/fr\/wp-json\/wp\/v2\/types\/page"}],"author":[{"embeddable":true,"href":"https:\/\/life-eislek.eu\/fr\/wp-json\/wp\/v2\/users\/2"}],"replies":[{"embeddable":true,"href":"https:\/\/life-eislek.eu\/fr\/wp-json\/wp\/v2\/comments?post=46"}],"version-history":[{"count":5,"href":"https:\/\/life-eislek.eu\/fr\/wp-json\/wp\/v2\/pages\/46\/revisions"}],"predecessor-version":[{"id":493,"href":"https:\/\/life-eislek.eu\/fr\/wp-json\/wp\/v2\/pages\/46\/revisions\/493"}],"up":[{"embeddable":true,"href":"https:\/\/life-eislek.eu\/fr\/wp-json\/wp\/v2\/pages\/150"}],"wp:attachment":[{"href":"https:\/\/life-eislek.eu\/fr\/wp-json\/wp\/v2\/media?parent=46"}],"curies":[{"name":"wp","href":"https:\/\/api.w.org\/{rel}","templated":true}]}}