{"id":65,"date":"2013-10-28T13:25:51","date_gmt":"2013-10-28T13:25:51","guid":{"rendered":"http:\/\/life-eislek.eu\/?page_id=65"},"modified":"2014-02-03T18:01:27","modified_gmt":"2014-02-03T17:01:27","slug":"konkrete-naturschutzmassnahmen","status":"publish","type":"page","link":"https:\/\/life-eislek.eu\/fr\/aktionen\/konkrete-naturschutzmassnahmen\/","title":{"rendered":"Actions de restauration concr\u00e8tes"},"content":{"rendered":"<p><strong><\/strong>De nombreuses actions concr\u00e8tes sont mises en place afin de conserver voire \u00e9tendre la mosa\u00efque paysag\u00e8re indispensable aux trois esp\u00e8ces phares du projet. Un \u00e9quilibre entre jach\u00e8res humides, prairies humides et p\u00e2turages extensifs est l\u00b4objectif du projet afin d\u2019optimiser la diversit\u00e9 des habitats possibles.<\/p>\n<p><b>C.1 Restauration de zones humides abandonn\u00e9es<\/b><\/p>\n<p>Pour des raisons \u00e9conomiques, de nombreuses zones humides ont \u00e9t\u00e9 abandonn\u00e9es et d\u00e9laiss\u00e9es. Elles sont souvent domin\u00e9es par des esp\u00e8ces telles que la reine des pr\u00e8s (<i>Filipendula ulmaria<\/i>) ou l\u00b4ortie (<i>Urtica dioica<\/i>), voir compl\u00e8tement embroussaill\u00e9es. Un premier soin apport\u00e9 \u00e0 ces zones est le d\u00e9broussaillage, ensuite on op\u00e8re un fauchage r\u00e9gulier avec enl\u00e8vement du foin. Au total <b>10 hectares<\/b> de zones mar\u00e9cageuses embroussaill\u00e9es seront <b>r\u00e9int\u00e9gr\u00e9es dans une gestion r\u00e9guli\u00e8re<\/b>.<\/p>\n<p><a href=\"http:\/\/life-eislek.eu\/wp-content\/uploads\/2013\/10\/Rittefenn-2.jpg\"><img loading=\"lazy\" decoding=\"async\" class=\"size-thumbnail wp-image-335 alignleft\" alt=\"Entbuschung im Rittefenn (Troisvierges)\" src=\"http:\/\/life-eislek.eu\/wp-content\/uploads\/2013\/10\/Rittefenn-2-150x150.jpg\" width=\"150\" height=\"150\" \/><img loading=\"lazy\" decoding=\"async\" class=\"size-thumbnail wp-image-346 alignleft\" alt=\"Ertspflege Stauwelsbaach uewen\" src=\"http:\/\/life-eislek.eu\/wp-content\/uploads\/2013\/10\/Ertspflege-Stauwelsbaach-uewen-150x150.jpg\" width=\"150\" height=\"150\" \/><\/a><\/p>\n<p><b>C.2 Remise en eau de zones ass\u00e9ch\u00e9es<\/b><\/p>\n<p>Le r\u00e9gime hydrologique des plaines alluviales sera restaur\u00e9. Pour ce faire, on <b>rel\u00e8ve le niveau du fond du cours d\u2019eau sur 1,8 km de ruisseau<\/b>, et on supprime <b>500m de drainages<\/b> agricoles (tuyaux souterrains).<\/p>\n<p><a href=\"http:\/\/life-eislek.eu\/wp-content\/uploads\/2013\/10\/Rem\u00e9andration-avec-LIFE-UNIO.jpg\"><img loading=\"lazy\" decoding=\"async\" class=\"size-thumbnail wp-image-394 alignleft\" alt=\"Rem\u00e9andration avec LIFE UNIO\" src=\"http:\/\/life-eislek.eu\/wp-content\/uploads\/2013\/10\/Rem\u00e9andration-avec-LIFE-UNIO-150x150.jpg\" width=\"150\" height=\"150\" \/><\/a><a href=\"http:\/\/life-eislek.eu\/wp-content\/uploads\/2013\/10\/Screen-Shot-2013-10-30-at-11.29.25-PM.jpg\"><img loading=\"lazy\" decoding=\"async\" class=\"size-thumbnail wp-image-523 alignleft\" alt=\"Screen Shot 2013-10-30 at 11.29.25 PM\" src=\"http:\/\/life-eislek.eu\/wp-content\/uploads\/2013\/10\/Screen-Shot-2013-10-30-at-11.29.25-PM-150x150.jpg\" width=\"150\" height=\"150\" \/><\/a><\/p>\n<p><b>C.3 Enl\u00e8vement des plantations d\u2019\u00e9pic\u00e9a dans les zones humides<\/b><b><\/b><\/p>\n<p><b>5 hectares de plantations d\u2019\u00e9pic\u00e9a \u00e0 proximit\u00e9 de cours d\u2019eau sont d\u00e9bois\u00e9s<\/b>, afin de rendre la possibilit\u00e9 au cours d\u2019eau de reprendre son lit naturel et de m\u00e9andrer dans la plaine de fa\u00e7on naturelle. Les zones d\u00e9frich\u00e9es n\u2019\u00e9voluent pas instantan\u00e9ment vers un biotope favorable pour les esp\u00e8ces du projet, pour cela <b>15 hectares de coupes \u00e0 blanc<\/b> d\u00e9j\u00e0 effectu\u00e9es en zone humide seront transform\u00e9s en prairies de fauche ou en p\u00e2turages extensifs par <b>enl\u00e8vement des r\u00e9manents de coupe et\/ou gyrobroyage des souches. <\/b><\/p>\n<p style=\"text-align: right;\"><a href=\"http:\/\/life-eislek.eu\/wp-content\/uploads\/2013\/10\/Deboisement-Tretterbaach-2.jpg\"><img loading=\"lazy\" decoding=\"async\" class=\"size-thumbnail wp-image-409\" alt=\"Deboisement Tretterbaach 2\" src=\"http:\/\/life-eislek.eu\/wp-content\/uploads\/2013\/10\/Deboisement-Tretterbaach-2-150x150.jpg\" width=\"150\" height=\"150\" \/><\/a> <a href=\"http:\/\/life-eislek.eu\/wp-content\/uploads\/2013\/10\/Mulchage-Stauwelsbaach.jpeg\"><img loading=\"lazy\" decoding=\"async\" class=\"size-thumbnail wp-image-342\" alt=\"Mulchage Stauwelsbaach\" src=\"http:\/\/life-eislek.eu\/wp-content\/uploads\/2013\/10\/Mulchage-Stauwelsbaach-150x150.jpeg\" width=\"150\" height=\"150\" \/><\/a><\/p>\n<p><b>C.4 Restauration des prairies \u00e0 bistorte et de m\u00e9gaphorbiaies<\/b><b><\/b><\/p>\n<p>Afin d\u2019\u00e9viter le feutrage ou l\u2019embroussaillage de prairies \u00e0 bistorte et de m\u00e9gaphorbiaies, une <b>fauche des restauration<\/b> sera appliqu\u00e9e sur <b>10 hectares<\/b> de prairies appr\u00e9ci\u00e9s comme habitat par les trois esp\u00e8ces cibles du projet. Parall\u00e8lement, on met en place des mesures de restauration par <b>semis<\/b>, <b>transfert de foin<\/b> (contenant des semences) et <b>transplantation de rhizomes<\/b> de bistorte.<\/p>\n<p><a href=\"http:\/\/life-eislek.eu\/wp-content\/uploads\/2013\/10\/Rhizome-Schlangenkn\u00f6terich.jpg\"><img loading=\"lazy\" decoding=\"async\" class=\"alignleft size-thumbnail wp-image-363\" alt=\"Rhizome Schlangenkn\u00f6terich\" src=\"http:\/\/life-eislek.eu\/wp-content\/uploads\/2013\/10\/Rhizome-Schlangenkn\u00f6terich-150x150.jpg\" width=\"150\" height=\"150\" \/><\/a> <a href=\"http:\/\/life-eislek.eu\/wp-content\/uploads\/2013\/10\/Ausbringung-von-Schlangenkn\u00f6terich-Samen-im-Conzefenn.jpg\"><img loading=\"lazy\" decoding=\"async\" class=\"alignleft size-thumbnail wp-image-333\" alt=\"Ausbringung von Schlangenkn\u00f6terich Samen im Conzefenn\" src=\"http:\/\/life-eislek.eu\/wp-content\/uploads\/2013\/10\/Ausbringung-von-Schlangenkn\u00f6terich-Samen-im-Conzefenn-150x150.jpg\" width=\"150\" height=\"150\" \/><\/a> <a href=\"http:\/\/life-eislek.eu\/wp-content\/uploads\/2013\/10\/Erstpflege-Stauwesbaach-Oktober-2012.jpg\"><img loading=\"lazy\" decoding=\"async\" class=\"alignleft size-thumbnail wp-image-389\" alt=\"Erstpflege Stauwesbaach Oktober 2012\" src=\"http:\/\/life-eislek.eu\/wp-content\/uploads\/2013\/10\/Erstpflege-Stauwesbaach-Oktober-2012-150x150.jpg\" width=\"150\" height=\"150\" \/><\/a> <a href=\"http:\/\/life-eislek.eu\/wp-content\/uploads\/2013\/10\/5-2.jpg\"><img loading=\"lazy\" decoding=\"async\" class=\"alignleft size-thumbnail wp-image-286\" alt=\"5 - 2\" src=\"http:\/\/life-eislek.eu\/wp-content\/uploads\/2013\/10\/5-2-150x150.jpg\" width=\"150\" height=\"150\" \/><\/a><\/p>\n<p><b>C.5 Plantation de haies, buissons et autres \u00e9l\u00e9ments structurant le paysage<\/b><\/p>\n<p>Afin de rem\u00e9dier \u00e0 l\u2019homog\u00e9n\u00e9isation des paysages, 7000 ligneux buissonnants et arbres solitaires seront plant\u00e9s.<\/p>\n<p><a href=\"http:\/\/life-eislek.eu\/wp-content\/uploads\/2013\/10\/9.jpg\"><img loading=\"lazy\" decoding=\"async\" class=\"size-thumbnail wp-image-297 alignright\" alt=\"9\" src=\"http:\/\/life-eislek.eu\/wp-content\/uploads\/2013\/10\/9-150x150.jpg\" width=\"150\" height=\"150\" \/><\/a><a href=\"http:\/\/life-eislek.eu\/wp-content\/uploads\/2013\/10\/Heckenpflanzung.jpg\"><img loading=\"lazy\" decoding=\"async\" class=\"size-thumbnail wp-image-340 alignright\" alt=\"Heckenpflanzung\" src=\"http:\/\/life-eislek.eu\/wp-content\/uploads\/2013\/10\/Heckenpflanzung-150x150.jpg\" width=\"150\" height=\"150\" \/><\/a><\/p>\n<p><b>C.6 Achat et installation d\u2019infrastructures n\u00e9cessaires au p\u00e2turage extensif<\/b><b><\/b><\/p>\n<p>De nombreuses mesures sont pr\u00e9vues pour soutenir l\u2019agriculture respectueuse des biotopes dans la zone de mise en place du projet. Par l\u2019installation de cl\u00f4tures et d\u00b4abreuvoirs pour b\u00e9tail, ainsi que par la construction de ponts \u00e0 b\u00e9tail, le projet souhaite am\u00e9liorer la qualit\u00e9 des cours d\u2019eau en \u00e9vitant le passage des b\u00eates dans l\u2019eau et la pollution qu\u2019ils engendrent. Par ailleurs, les conditions du troupeau de Galloways du CNDS sont am\u00e9lior\u00e9es par la construction d\u00b4un abri pour b\u00e9tail sur la parcelle qui l\u00b4accueille en hiver.<\/p>\n<p><a href=\"http:\/\/life-eislek.eu\/wp-content\/uploads\/2013\/10\/Galloway-Herde.jpg\"><img loading=\"lazy\" decoding=\"async\" class=\"size-thumbnail wp-image-357 alignright\" alt=\"Galloway Herde\" src=\"http:\/\/life-eislek.eu\/wp-content\/uploads\/2013\/10\/Galloway-Herde-150x150.jpg\" width=\"150\" height=\"150\" \/><\/a><a href=\"http:\/\/life-eislek.eu\/wp-content\/uploads\/2013\/10\/CIMG5277.jpg\"><img loading=\"lazy\" decoding=\"async\" class=\"size-thumbnail wp-image-310 alignright\" alt=\"Zaunbau\" src=\"http:\/\/life-eislek.eu\/wp-content\/uploads\/2013\/10\/CIMG5277-150x150.jpg\" width=\"150\" height=\"150\" \/><\/a><\/p>\n<p><b>C.7 Conseils et formation des agriculteurs en zones Natura 2000<\/b><\/p>\n<p>L\u2019extensification des zones humides et de leurs bassins versants n\u00e9c\u00e9ssite le conseil et l\u2019information des agriculteurs. Gr\u00e2ce \u00e0 l\u00b4aide de la chambre d\u2019agriculture, 50 hectares de programme d\u2019extensification seront mis en place.<\/p>\n<p><a href=\"http:\/\/life-eislek.eu\/wp-content\/uploads\/2013\/10\/Beratung-bauern-amDallSporbach-017.jpg\"><img loading=\"lazy\" decoding=\"async\" class=\"size-thumbnail wp-image-377 alignright\" alt=\"Beratung bauern amDall&amp;Sporbach 017\" src=\"http:\/\/life-eislek.eu\/wp-content\/uploads\/2013\/10\/Beratung-bauern-amDallSporbach-017-150x150.jpg\" width=\"150\" height=\"150\" \/><\/a><a href=\"http:\/\/life-eislek.eu\/wp-content\/uploads\/2013\/10\/9-7-sortie-agriculteurs.jpg\"><img loading=\"lazy\" decoding=\"async\" class=\"size-thumbnail wp-image-277 alignright\" alt=\"9 7 sortie agriculteurs\" src=\"http:\/\/life-eislek.eu\/wp-content\/uploads\/2013\/10\/9-7-sortie-agriculteurs-150x150.jpg\" width=\"150\" height=\"150\" \/><\/a><\/p>\n<!-- AddThis Advanced Settings generic via filter on the_content --><!-- AddThis Share Buttons generic via filter on the_content -->","protected":false},"excerpt":{"rendered":"<p>De nombreuses actions concr\u00e8tes sont mises en place afin de conserver voire \u00e9tendre la mosa\u00efque paysag\u00e8re indispensable aux trois esp\u00e8ces phares du projet. Un \u00e9quilibre entre jach\u00e8res humides, prairies humides et p\u00e2turages extensifs est l\u00b4objectif du projet afin d\u2019optimiser la diversit\u00e9 des habitats possibles. C.1 Restauration de zones humides abandonn\u00e9es Pour des raisons \u00e9conomiques, de [&hellip;]<!-- AddThis Advanced Settings generic via filter on get_the_excerpt --><!-- AddThis Share Buttons generic via filter on get_the_excerpt --><\/p>\n","protected":false},"author":2,"featured_media":0,"parent":123,"menu_order":0,"comment_status":"closed","ping_status":"closed","template":"","meta":{"footnotes":""},"class_list":["post-65","page","type-page","status-publish","hentry"],"_links":{"self":[{"href":"https:\/\/life-eislek.eu\/fr\/wp-json\/wp\/v2\/pages\/65","targetHints":{"allow":["GET"]}}],"collection":[{"href":"https:\/\/life-eislek.eu\/fr\/wp-json\/wp\/v2\/pages"}],"about":[{"href":"https:\/\/life-eislek.eu\/fr\/wp-json\/wp\/v2\/types\/page"}],"author":[{"embeddable":true,"href":"https:\/\/life-eislek.eu\/fr\/wp-json\/wp\/v2\/users\/2"}],"replies":[{"embeddable":true,"href":"https:\/\/life-eislek.eu\/fr\/wp-json\/wp\/v2\/comments?post=65"}],"version-history":[{"count":10,"href":"https:\/\/life-eislek.eu\/fr\/wp-json\/wp\/v2\/pages\/65\/revisions"}],"predecessor-version":[{"id":914,"href":"https:\/\/life-eislek.eu\/fr\/wp-json\/wp\/v2\/pages\/65\/revisions\/914"}],"up":[{"embeddable":true,"href":"https:\/\/life-eislek.eu\/fr\/wp-json\/wp\/v2\/pages\/123"}],"wp:attachment":[{"href":"https:\/\/life-eislek.eu\/fr\/wp-json\/wp\/v2\/media?parent=65"}],"curies":[{"name":"wp","href":"https:\/\/api.w.org\/{rel}","templated":true}]}}