{"id":69,"date":"2013-10-28T12:49:58","date_gmt":"2013-10-28T12:49:58","guid":{"rendered":"http:\/\/life-eislek.eu\/?page_id=69"},"modified":"2014-02-04T15:22:19","modified_gmt":"2014-02-04T14:22:19","slug":"projektpartner","status":"publish","type":"page","link":"https:\/\/life-eislek.eu\/fr\/projekt\/projektpartner\/","title":{"rendered":"Partenaires de projet"},"content":{"rendered":"<p><a href=\"http:\/\/www.naturemwelt.lu\"><b>natur&amp;\u00ebmwelt<\/b> <\/a><\/p>\n<p><a href=\"http:\/\/life-eislek.eu\/wp-content\/uploads\/2013\/10\/jpg\"><img loading=\"lazy\" decoding=\"async\" class=\"size-full wp-image-193 alignnone\" alt=\"\" src=\"http:\/\/life-eislek.eu\/wp-content\/uploads\/2013\/10\/jpg\" width=\"118\" height=\"71\" \/><\/a><\/p>\n<p><b>natur&amp;\u00ebmwelt a.s.b.l. et natur&amp;\u00ebmwelt -Fondation H\u00ebllef fir d\u2019Natur<\/b><\/p>\n<p><a href=\"http:\/\/www.naturemwelt.lu\"><b>natur&amp;\u00ebmwelt<\/b> <\/a>est, avec 13.000 membres, l\u2019organisation la plus importante au Luxembourg qui s\u2019engage dans la protection de la nature. Elle se compose de l\u2019association <b>natur&amp;\u00ebmwelt a.s.b.l. et de la natur&amp;\u00ebmwelt -Fondation H\u00ebllef fir d\u2019Natur.<\/b><\/p>\n<p>natur&amp;\u00ebmwelt s\u2019engage dans la conservation de la biodiversit\u00e9 et vise une grande diversit\u00e9 des paysages agraires et naturels, la protection des habitats et la gestion durable de nos ressources naturelles au Luxembourg et au-del\u00e0 des fronti\u00e8res.<\/p>\n<p><a href=\"http:\/\/www.naturemwelt.lu\">www.naturemwelt.lu<\/a><\/p>\n<p><a href=\"http:\/\/www.naturaarbechten.lu\"><b>Comit\u00e9 National de D\u00e9fense Sociale (CNDS) \u2013 Naturaarbechten<\/b><\/a><\/p>\n<p><a href=\"http:\/\/life-eislek.eu\/wp-content\/uploads\/2013\/10\/cnds.jpg\"><img loading=\"lazy\" decoding=\"async\" class=\"size-full wp-image-190 alignnone\" alt=\"cnds\" src=\"http:\/\/life-eislek.eu\/wp-content\/uploads\/2013\/10\/cnds.jpg\" width=\"95\" height=\"65\" \/><\/a><\/p>\n<p>Le Comit\u00e9 National de D\u00e9fense Sociale (CNDS) est une organisation reconnue d\u2019utilit\u00e9 publique qui s\u2019engage depuis 40 ans pour les personnes socialement d\u00e9favoris\u00e9es. \u00ab\u00a0CNDS Naturaarbechten\u00a0\u00bb offre aux personnes \u00e0 la recherche d\u2019un emploi la possibilit\u00e9 de travailler dans un cadre s\u00e9curisant et de se r\u00e9ins\u00e9rer dans la vie active.<\/p>\n<p><a href=\"http:\/\/www.cnds.lu\">www.cnds.lu<\/a><\/p>\n<p><a href=\"http:\/\/www.developpement-durable-infrastructures.public.lu\/fr\/index.html\"><b>Minist\u00e8re du D\u00e9veloppement Durable et des Infrastructures<\/b> (MDDI)<\/a><\/p>\n<p><a href=\"http:\/\/life-eislek.eu\/wp-content\/uploads\/2013\/10\/GOUV_MDDI.jpg\"><img loading=\"lazy\" decoding=\"async\" class=\"size-medium wp-image-192 alignnone\" alt=\"GOUV_MDDI\" src=\"http:\/\/life-eislek.eu\/wp-content\/uploads\/2013\/10\/GOUV_MDDI-300x74.jpg\" width=\"300\" height=\"74\" \/><\/a><\/p>\n<p>Le Minist\u00e8re du D\u00e9veloppement Durable et des Infrastructures est le co-financeur national du projet Life Eislek. Le Minist\u00e8re r\u00e9unit dans ces attributions l\u00b4am\u00e9nagement du territoire, l\u2019environnement, le transport et les travaux publics.<\/p>\n<p><a href=\"http:\/\/www.environnement.public.lu\">www.environnement.public.lu<\/a><\/p>\n<p><a href=\"http:\/\/www.lwk.lu\"><b>Landwirtschaftskammer (Chambre d\u2019agriculteurs)<\/b><\/a><\/p>\n<p><a href=\"http:\/\/life-eislek.eu\/wp-content\/uploads\/2013\/10\/lwk.jpg\"><img loading=\"lazy\" decoding=\"async\" class=\"size-medium wp-image-191 alignnone\" alt=\"lwk\" src=\"http:\/\/life-eislek.eu\/wp-content\/uploads\/2013\/10\/lwk-300x88.jpg\" width=\"300\" height=\"88\" \/><\/a><\/p>\n<p>La chambre d\u2019agriculture est la repr\u00e9sentation officielle des agriculteurs, des vignerons et des maraichers. Elle avise tous les textes de lois et de r\u00e8glements concernant ces secteurs avant qu\u00b4ils entrent en vigueur. Elle coordonne les formations agricoles et viticoles et est un acteur important dans le domaine du conseil des exploitations.<\/p>\n<p><a href=\"http:\/\/www.lwk.lu\">www.lwk.lu<\/a><\/p>\n<p><a href=\"http:\/\/ec.europa.eu\/environment\/life\/\">\u00a0\u00a0<\/a><a href=\"http:\/\/life-eislek.eu\/wp-content\/uploads\/2013\/10\/logo_life_high_resolution_2.jpg\"><img loading=\"lazy\" decoding=\"async\" class=\"size-thumbnail wp-image-189 alignnone\" alt=\"logo_life_high_resolution_2\" src=\"http:\/\/life-eislek.eu\/wp-content\/uploads\/2013\/10\/logo_life_high_resolution_2-150x150.jpg\" width=\"150\" height=\"150\" \/><\/a><a href=\"http:\/\/life-eislek.eu\/wp-content\/uploads\/2013\/10\/logo_natura-2000.jpg\"><img loading=\"lazy\" decoding=\"async\" class=\"wp-image-107 alignnone\" alt=\"logo_natura 2000\" src=\"http:\/\/life-eislek.eu\/wp-content\/uploads\/2013\/10\/logo_natura-2000-150x150.jpg\" width=\"150\" height=\"150\" \/><\/a><\/p>\n<p>Les projets <a href=\"http:\/\/ec.europa.eu\/environment\/life\/\" target=\"_blank\">Life<\/a>, qui sont co-financ\u00e9s par l\u2019Union Europ\u00e9enne, sont des projets de restauration d\u2019habitats \u00e0 hautes valeurs \u00e9cologiques. Ces projets se focalisent sur l\u00b4am\u00e9lioration de l\u00b4\u00e9tat de conservation des biotopes et des esp\u00e8ces du <a href=\"http:\/\/ec.europa.eu\/environment\/nature\/natura2000\/\" target=\"_blank\">r\u00e9seau Natura 2000.<\/a><\/p>\n<!-- AddThis Advanced Settings generic via filter on the_content --><!-- AddThis Share Buttons generic via filter on the_content -->","protected":false},"excerpt":{"rendered":"<p>natur&amp;\u00ebmwelt natur&amp;\u00ebmwelt a.s.b.l. et natur&amp;\u00ebmwelt -Fondation H\u00ebllef fir d\u2019Natur natur&amp;\u00ebmwelt est, avec 13.000 membres, l\u2019organisation la plus importante au Luxembourg qui s\u2019engage dans la protection de la nature. Elle se compose de l\u2019association natur&amp;\u00ebmwelt a.s.b.l. et de la natur&amp;\u00ebmwelt -Fondation H\u00ebllef fir d\u2019Natur. natur&amp;\u00ebmwelt s\u2019engage dans la conservation de la biodiversit\u00e9 et vise une grande [&hellip;]<!-- AddThis Advanced Settings generic via filter on get_the_excerpt --><!-- AddThis Share Buttons generic via filter on get_the_excerpt --><\/p>\n","protected":false},"author":2,"featured_media":0,"parent":710,"menu_order":0,"comment_status":"closed","ping_status":"closed","template":"","meta":{"footnotes":""},"class_list":["post-69","page","type-page","status-publish","hentry"],"_links":{"self":[{"href":"https:\/\/life-eislek.eu\/fr\/wp-json\/wp\/v2\/pages\/69","targetHints":{"allow":["GET"]}}],"collection":[{"href":"https:\/\/life-eislek.eu\/fr\/wp-json\/wp\/v2\/pages"}],"about":[{"href":"https:\/\/life-eislek.eu\/fr\/wp-json\/wp\/v2\/types\/page"}],"author":[{"embeddable":true,"href":"https:\/\/life-eislek.eu\/fr\/wp-json\/wp\/v2\/users\/2"}],"replies":[{"embeddable":true,"href":"https:\/\/life-eislek.eu\/fr\/wp-json\/wp\/v2\/comments?post=69"}],"version-history":[{"count":17,"href":"https:\/\/life-eislek.eu\/fr\/wp-json\/wp\/v2\/pages\/69\/revisions"}],"predecessor-version":[{"id":964,"href":"https:\/\/life-eislek.eu\/fr\/wp-json\/wp\/v2\/pages\/69\/revisions\/964"}],"up":[{"embeddable":true,"href":"https:\/\/life-eislek.eu\/fr\/wp-json\/wp\/v2\/pages\/710"}],"wp:attachment":[{"href":"https:\/\/life-eislek.eu\/fr\/wp-json\/wp\/v2\/media?parent=69"}],"curies":[{"name":"wp","href":"https:\/\/api.w.org\/{rel}","templated":true}]}}